{"id":532,"date":"2025-08-15T15:16:23","date_gmt":"2025-08-15T13:16:23","guid":{"rendered":"https:\/\/dudziaknetwork.com\/ref-kyoobe-leei\/"},"modified":"2025-09-22T11:31:51","modified_gmt":"2025-09-22T09:31:51","slug":"ref-kyoobe-leei","status":"publish","type":"page","link":"https:\/\/dudziaknetwork.com\/de\/ref-kyoobe-leei\/","title":{"rendered":"Ref KyooBe LEEI"},"content":{"rendered":"<div class=\"wpb-content-wrapper\"><p>[vc_row full_width=&#8220;stretch_row&#8220; type=&#8220;vc_default&#8220; css=&#8220;.vc_custom_1724230914771{margin-bottom: -1em !important;padding-bottom: 4vmin !important;}&#8220;][vc_column css=&#8220;.vc_custom_1724230918666{margin-bottom: -3.5em !important;}&#8220;][vc_raw_html css=&#8220;&#8220;]JTNDaDIlMjBzdHlsZSUzRCUyMmZvbnQtc2l6ZSUzQSUyMDIwMCUyNSUzQiUyMGxpbmUtaGVpZ2h0JTNBJTIwMS4yJTNCJTIwY29sb3IlM0ElMjAlMjMxOTlkYmIlMjIlM0UlMEFLeW9vQmUlMjBUZWNoJTIwR21iSCUwQSUzQ2JyJTNFJTNDc3BhbiUyMHN0eWxlJTNEJTIyZm9udC13ZWlnaHQlM0ElMjBub3JtYWwlMjIlM0UlMEFMRUVJJTIwQXBwbGljYXRpb24lMjBBc3Nlc3NtZW50JTBBJTNDJTJGc3BhbiUzRSUzQyUyRmgyJTNFJTBBJTNDYnIlM0U=[\/vc_raw_html][\/vc_column][\/vc_row][vc_row full_width=&#8220;stretch_row&#8220; equal_height=&#8220;yes&#8220; content_placement=&#8220;top&#8220; bg_type=&#8220;bg_color&#8220; type=&#8220;vc_default&#8220; margin_top=&#8220;55&#8243; margin_bottom=&#8220;5&#8243; css=&#8220;.vc_custom_1758533450347{margin-bottom: -3em !important;}&#8220;][vc_column width=&#8220;1\/2&#8243; css=&#8220;.vc_custom_1602858046274{margin-top: 0px !important;}&#8220;][vc_column_text css=&#8220;.vc_custom_1755264013647{margin-top: .4em !important;}&#8220;]<\/p>\n<h3>Projekt<\/h3>\n<p>KyooBe Tech, ein Tochterunternehmen des Anlagenbauers Bausch+Str\u00f6bel, hat eine neue Technologie zur Pathogen-Inaktivierung entwickelt. Die LEEI-Methode <i>(Low Energy <\/i><i>Electron<\/i><i> Emission) <\/i>zerst\u00f6rt die Pathogen-DNA oder RNA, w\u00e4hrend Oberfl\u00e4chenproteine weitgehend intakt bleiben.<\/p>\n<p>D&amp;N hat KyooBe bei der Bewertung von Einsatzm\u00f6glichkeiten der LEEI-Methode unterst\u00fctzt, insbesondere im Bereich der Inaktivierung viraler Antigene f\u00fcr die Vakzinproduktion.<\/p>\n<p>&nbsp;<\/p>\n<p>[\/vc_column_text][vc_column_text css=&#8220;&#8220;]<\/p>\n<h3>Zielbild<\/h3>\n<ul>\n<li>Absch\u00e4tzung der Herstellkosten diverser Vakzinprodukte<\/li>\n<li>Direkter Kostenvergleich LEEI mit konventionellen Inaktivierungsmethoden<\/li>\n<\/ul>\n<p>[\/vc_column_text][\/vc_column][vc_column width=&#8220;1\/2&#8243;][vc_row_inner equal_height=&#8220;yes&#8220; css=&#8220;.vc_custom_1637948584493{margin-bottom: -3em !important;}&#8220;][vc_column_inner css=&#8220;.vc_custom_1638114595516{margin-bottom: 3em !important;margin-left: 1em !important;padding-top: 0.6em !important;}&#8220;][vc_single_image image=&#8220;516&#8243; img_size=&#8220;400&#215;146&#8243; alignment=&#8220;right&#8220; style=&#8220;vc_box_rounded&#8220; css=&#8220;&#8220;][vc_single_image image=&#8220;518&#8243; img_size=&#8220;375&#215;267&#8243; alignment=&#8220;right&#8220; style=&#8220;vc_box_rounded&#8220; css=&#8220;&#8220;][\/vc_column_inner][\/vc_row_inner][\/vc_column][\/vc_row][vc_row full_width=&#8220;stretch_row&#8220; type=&#8220;vc_default&#8220;][vc_column][vc_column_text css=&#8220;&#8220;]<\/p>\n<h3>Unsere Leistungen<\/h3>\n<ul>\n<li>Erstellen von Prozessmodellen f\u00fcr virale Vakzine (human\/veterin\u00e4r)<\/li>\n<li>Entwickeln von Herstellkostenmodellen inkl. Kostenvergleich LEEI\/konventionell<\/li>\n<li>Unterst\u00fctzung bei der Entwicklung von Nutzeranforderungen und Spezifikationen f\u00fcr LEEI-Pilotmodule und kommerzielle Module<\/li>\n<\/ul>\n<p>[\/vc_column_text][\/vc_column][\/vc_row][vc_row][vc_column][vc_text_separator title=&#8220;&#8220; color=&#8220;white&#8220; css=&#8220;&#8220;][\/vc_column][\/vc_row][vc_row][vc_column width=&#8220;2\/3&#8243;][vc_column_text css=&#8220;&#8220;]<\/p>\n<h3>Dr. Andrea Traube, CEO<br \/>\nKyooBe Tech GmbH<\/h3>\n<p>\u201eGregor und sein Team haben uns in den letzten Jahren immer wieder unterst\u00fctzt und uns wertvolle Impulse f\u00fcr unsere Produktentwicklungen gegeben.<\/p>\n<p>In unserer Zusammenarbeit sch\u00e4tze ich besonders Gregors umfassendes biotechnologisches Prozesswissen und seine Produktionserfahrung. Dabei bekommen wir in unseren Projekten immer den Input, den wir gerade ben\u00f6tigen \u2013 f\u00fcr mich Ausdruck starker Kundenorientierung und hoher Flexibilit\u00e4t.<\/p>\n<p>\u00dcber das D&amp;N-Netzwerk k\u00f6nnen wir auch auf Berater mit Expertise in anderen Bereichen, z.B. Business Development, zugreifen.\u201c<\/p>\n<p>[\/vc_column_text][\/vc_column][vc_column width=&#8220;1\/3&#8243;][vc_single_image image=&#8220;627&#8243; img_size=&#8220;300&#215;300&#8243; style=&#8220;vc_box_rounded&#8220; css=&#8220;&#8220;][\/vc_column][\/vc_row]<\/p>\n<\/div>","protected":false},"excerpt":{"rendered":"<p>[vc_row full_width=&#8220;stretch_row&#8220; type=&#8220;vc_default&#8220; css=&#8220;.vc_custom_1724230914771{margin-bottom: -1em !important;padding-bottom: 4vmin !important;}&#8220;][vc_column css=&#8220;.vc_custom_1724230918666{margin-bottom: -3.5em !important;}&#8220;][vc_raw_html css=&#8220;&#8220;]JTNDaDIlMjBzdHlsZSUzRCUyMmZvbnQtc2l6ZSUzQSUyMDIwMCUyNSUzQiUyMGxpbmUtaGVpZ2h0JTNBJTIwMS4yJTNCJTIwY29sb3IlM0ElMjAlMjMxOTlkYmIlMjIlM0UlMEFLeW9vQmUlMjBUZWNoJTIwR21iSCUwQSUzQ2JyJTNFJTNDc3BhbiUyMHN0eWxlJTNEJTIyZm9udC13ZWlnaHQlM0ElMjBub3JtYWwlMjIlM0UlMEFMRUVJJTIwQXBwbGljYXRpb24lMjBBc3Nlc3NtZW50JTBBJTNDJTJGc3BhbiUzRSUzQyUyRmgyJTNFJTBBJTNDYnIlM0U=[\/vc_raw_html][\/vc_column][\/vc_row][vc_row full_width=&#8220;stretch_row&#8220; equal_height=&#8220;yes&#8220; content_placement=&#8220;top&#8220; bg_type=&#8220;bg_color&#8220; type=&#8220;vc_default&#8220; margin_top=&#8220;55&#8243; margin_bottom=&#8220;5&#8243; css=&#8220;.vc_custom_1758533450347{margin-bottom: -3em !important;}&#8220;][vc_column width=&#8220;1\/2&#8243; css=&#8220;.vc_custom_1602858046274{margin-top: 0px !important;}&#8220;][vc_column_text css=&#8220;.vc_custom_1755264013647{margin-top: .4em !important;}&#8220;] Projekt KyooBe Tech, ein Tochterunternehmen des Anlagenbauers Bausch+Str\u00f6bel, hat eine neue Technologie zur Pathogen-Inaktivierung entwickelt. Die LEEI-Methode (Low Energy Electron Emission) zerst\u00f6rt die Pathogen-DNA oder RNA,&hellip;<\/p>\n","protected":false},"author":2,"featured_media":0,"parent":0,"menu_order":0,"comment_status":"closed","ping_status":"closed","template":"","meta":{"footnotes":""},"class_list":["post-532","page","type-page","status-publish","hentry","description-off"],"yoast_head":"<!-- This site is optimized with the Yoast SEO plugin v26.8 - https:\/\/yoast.com\/product\/yoast-seo-wordpress\/ -->\n<title>Ref KyooBe LEEI - Dudziak &amp; Network<\/title>\n<meta name=\"robots\" content=\"index, follow, max-snippet:-1, max-image-preview:large, max-video-preview:-1\" \/>\n<link rel=\"canonical\" href=\"https:\/\/dudziaknetwork.com\/de\/ref-kyoobe-leei\/\" \/>\n<meta property=\"og:locale\" content=\"de_DE\" \/>\n<meta property=\"og:type\" content=\"article\" \/>\n<meta property=\"og:title\" content=\"Ref KyooBe LEEI - Dudziak &amp; Network\" \/>\n<meta property=\"og:description\" content=\"[vc_row full_width=&#8220;stretch_row&#8220; type=&#8220;vc_default&#8220; css=&#8220;.vc_custom_1724230914771{margin-bottom: -1em !important;padding-bottom: 4vmin !important;}&#8220;][vc_column css=&#8220;.vc_custom_1724230918666{margin-bottom: -3.5em !important;}&#8220;][vc_raw_html css=&#8220;&#8220;]JTNDaDIlMjBzdHlsZSUzRCUyMmZvbnQtc2l6ZSUzQSUyMDIwMCUyNSUzQiUyMGxpbmUtaGVpZ2h0JTNBJTIwMS4yJTNCJTIwY29sb3IlM0ElMjAlMjMxOTlkYmIlMjIlM0UlMEFLeW9vQmUlMjBUZWNoJTIwR21iSCUwQSUzQ2JyJTNFJTNDc3BhbiUyMHN0eWxlJTNEJTIyZm9udC13ZWlnaHQlM0ElMjBub3JtYWwlMjIlM0UlMEFMRUVJJTIwQXBwbGljYXRpb24lMjBBc3Nlc3NtZW50JTBBJTNDJTJGc3BhbiUzRSUzQyUyRmgyJTNFJTBBJTNDYnIlM0U=[\/vc_raw_html][\/vc_column][\/vc_row][vc_row full_width=&#8220;stretch_row&#8220; equal_height=&#8220;yes&#8220; content_placement=&#8220;top&#8220; bg_type=&#8220;bg_color&#8220; type=&#8220;vc_default&#8220; margin_top=&#8220;55&#8243; margin_bottom=&#8220;5&#8243; css=&#8220;.vc_custom_1758533450347{margin-bottom: -3em !important;}&#8220;][vc_column width=&#8220;1\/2&#8243; css=&#8220;.vc_custom_1602858046274{margin-top: 0px !important;}&#8220;][vc_column_text css=&#8220;.vc_custom_1755264013647{margin-top: .4em !important;}&#8220;] Projekt KyooBe Tech, ein Tochterunternehmen des Anlagenbauers Bausch+Str\u00f6bel, hat eine neue Technologie zur Pathogen-Inaktivierung entwickelt. Die LEEI-Methode (Low Energy Electron Emission) zerst\u00f6rt die Pathogen-DNA oder RNA,&hellip;\" \/>\n<meta property=\"og:url\" content=\"https:\/\/dudziaknetwork.com\/de\/ref-kyoobe-leei\/\" \/>\n<meta property=\"og:site_name\" content=\"Dudziak &amp; Network\" \/>\n<meta property=\"article:modified_time\" content=\"2025-09-22T09:31:51+00:00\" \/>\n<meta name=\"twitter:card\" content=\"summary_large_image\" \/>\n<meta name=\"twitter:label1\" content=\"Gesch\u00e4tzte Lesezeit\" \/>\n\t<meta name=\"twitter:data1\" content=\"2\u00a0Minuten\" \/>\n<script type=\"application\/ld+json\" class=\"yoast-schema-graph\">{\"@context\":\"https:\/\/schema.org\",\"@graph\":[{\"@type\":\"WebPage\",\"@id\":\"https:\/\/dudziaknetwork.com\/de\/ref-kyoobe-leei\/\",\"url\":\"https:\/\/dudziaknetwork.com\/de\/ref-kyoobe-leei\/\",\"name\":\"Ref KyooBe LEEI - Dudziak &amp; Network\",\"isPartOf\":{\"@id\":\"https:\/\/dudziaknetwork.com\/#website\"},\"datePublished\":\"2025-08-15T13:16:23+00:00\",\"dateModified\":\"2025-09-22T09:31:51+00:00\",\"breadcrumb\":{\"@id\":\"https:\/\/dudziaknetwork.com\/de\/ref-kyoobe-leei\/#breadcrumb\"},\"inLanguage\":\"de\",\"potentialAction\":[{\"@type\":\"ReadAction\",\"target\":[\"https:\/\/dudziaknetwork.com\/de\/ref-kyoobe-leei\/\"]}]},{\"@type\":\"BreadcrumbList\",\"@id\":\"https:\/\/dudziaknetwork.com\/de\/ref-kyoobe-leei\/#breadcrumb\",\"itemListElement\":[{\"@type\":\"ListItem\",\"position\":1,\"name\":\"Startseite\",\"item\":\"https:\/\/dudziaknetwork.com\/de\/\"},{\"@type\":\"ListItem\",\"position\":2,\"name\":\"Ref KyooBe LEEI\"}]},{\"@type\":\"WebSite\",\"@id\":\"https:\/\/dudziaknetwork.com\/#website\",\"url\":\"https:\/\/dudziaknetwork.com\/\",\"name\":\"Dudziak &amp; Network\",\"description\":\"Manufacturing Consulting\",\"potentialAction\":[{\"@type\":\"SearchAction\",\"target\":{\"@type\":\"EntryPoint\",\"urlTemplate\":\"https:\/\/dudziaknetwork.com\/?s={search_term_string}\"},\"query-input\":{\"@type\":\"PropertyValueSpecification\",\"valueRequired\":true,\"valueName\":\"search_term_string\"}}],\"inLanguage\":\"de\"}]}<\/script>\n<!-- \/ Yoast SEO plugin. -->","yoast_head_json":{"title":"Ref KyooBe LEEI - Dudziak &amp; Network","robots":{"index":"index","follow":"follow","max-snippet":"max-snippet:-1","max-image-preview":"max-image-preview:large","max-video-preview":"max-video-preview:-1"},"canonical":"https:\/\/dudziaknetwork.com\/de\/ref-kyoobe-leei\/","og_locale":"de_DE","og_type":"article","og_title":"Ref KyooBe LEEI - Dudziak &amp; Network","og_description":"[vc_row full_width=&#8220;stretch_row&#8220; type=&#8220;vc_default&#8220; css=&#8220;.vc_custom_1724230914771{margin-bottom: -1em !important;padding-bottom: 4vmin !important;}&#8220;][vc_column css=&#8220;.vc_custom_1724230918666{margin-bottom: -3.5em !important;}&#8220;][vc_raw_html css=&#8220;&#8220;]JTNDaDIlMjBzdHlsZSUzRCUyMmZvbnQtc2l6ZSUzQSUyMDIwMCUyNSUzQiUyMGxpbmUtaGVpZ2h0JTNBJTIwMS4yJTNCJTIwY29sb3IlM0ElMjAlMjMxOTlkYmIlMjIlM0UlMEFLeW9vQmUlMjBUZWNoJTIwR21iSCUwQSUzQ2JyJTNFJTNDc3BhbiUyMHN0eWxlJTNEJTIyZm9udC13ZWlnaHQlM0ElMjBub3JtYWwlMjIlM0UlMEFMRUVJJTIwQXBwbGljYXRpb24lMjBBc3Nlc3NtZW50JTBBJTNDJTJGc3BhbiUzRSUzQyUyRmgyJTNFJTBBJTNDYnIlM0U=[\/vc_raw_html][\/vc_column][\/vc_row][vc_row full_width=&#8220;stretch_row&#8220; equal_height=&#8220;yes&#8220; content_placement=&#8220;top&#8220; bg_type=&#8220;bg_color&#8220; type=&#8220;vc_default&#8220; margin_top=&#8220;55&#8243; margin_bottom=&#8220;5&#8243; css=&#8220;.vc_custom_1758533450347{margin-bottom: -3em !important;}&#8220;][vc_column width=&#8220;1\/2&#8243; css=&#8220;.vc_custom_1602858046274{margin-top: 0px !important;}&#8220;][vc_column_text css=&#8220;.vc_custom_1755264013647{margin-top: .4em !important;}&#8220;] Projekt KyooBe Tech, ein Tochterunternehmen des Anlagenbauers Bausch+Str\u00f6bel, hat eine neue Technologie zur Pathogen-Inaktivierung entwickelt. Die LEEI-Methode (Low Energy Electron Emission) zerst\u00f6rt die Pathogen-DNA oder RNA,&hellip;","og_url":"https:\/\/dudziaknetwork.com\/de\/ref-kyoobe-leei\/","og_site_name":"Dudziak &amp; Network","article_modified_time":"2025-09-22T09:31:51+00:00","twitter_card":"summary_large_image","twitter_misc":{"Gesch\u00e4tzte Lesezeit":"2\u00a0Minuten"},"schema":{"@context":"https:\/\/schema.org","@graph":[{"@type":"WebPage","@id":"https:\/\/dudziaknetwork.com\/de\/ref-kyoobe-leei\/","url":"https:\/\/dudziaknetwork.com\/de\/ref-kyoobe-leei\/","name":"Ref KyooBe LEEI - Dudziak &amp; Network","isPartOf":{"@id":"https:\/\/dudziaknetwork.com\/#website"},"datePublished":"2025-08-15T13:16:23+00:00","dateModified":"2025-09-22T09:31:51+00:00","breadcrumb":{"@id":"https:\/\/dudziaknetwork.com\/de\/ref-kyoobe-leei\/#breadcrumb"},"inLanguage":"de","potentialAction":[{"@type":"ReadAction","target":["https:\/\/dudziaknetwork.com\/de\/ref-kyoobe-leei\/"]}]},{"@type":"BreadcrumbList","@id":"https:\/\/dudziaknetwork.com\/de\/ref-kyoobe-leei\/#breadcrumb","itemListElement":[{"@type":"ListItem","position":1,"name":"Startseite","item":"https:\/\/dudziaknetwork.com\/de\/"},{"@type":"ListItem","position":2,"name":"Ref KyooBe LEEI"}]},{"@type":"WebSite","@id":"https:\/\/dudziaknetwork.com\/#website","url":"https:\/\/dudziaknetwork.com\/","name":"Dudziak &amp; Network","description":"Manufacturing Consulting","potentialAction":[{"@type":"SearchAction","target":{"@type":"EntryPoint","urlTemplate":"https:\/\/dudziaknetwork.com\/?s={search_term_string}"},"query-input":{"@type":"PropertyValueSpecification","valueRequired":true,"valueName":"search_term_string"}}],"inLanguage":"de"}]}},"_links":{"self":[{"href":"https:\/\/dudziaknetwork.com\/de\/wp-json\/wp\/v2\/pages\/532","targetHints":{"allow":["GET"]}}],"collection":[{"href":"https:\/\/dudziaknetwork.com\/de\/wp-json\/wp\/v2\/pages"}],"about":[{"href":"https:\/\/dudziaknetwork.com\/de\/wp-json\/wp\/v2\/types\/page"}],"author":[{"embeddable":true,"href":"https:\/\/dudziaknetwork.com\/de\/wp-json\/wp\/v2\/users\/2"}],"replies":[{"embeddable":true,"href":"https:\/\/dudziaknetwork.com\/de\/wp-json\/wp\/v2\/comments?post=532"}],"version-history":[{"count":7,"href":"https:\/\/dudziaknetwork.com\/de\/wp-json\/wp\/v2\/pages\/532\/revisions"}],"predecessor-version":[{"id":639,"href":"https:\/\/dudziaknetwork.com\/de\/wp-json\/wp\/v2\/pages\/532\/revisions\/639"}],"wp:attachment":[{"href":"https:\/\/dudziaknetwork.com\/de\/wp-json\/wp\/v2\/media?parent=532"}],"curies":[{"name":"wp","href":"https:\/\/api.w.org\/{rel}","templated":true}]}}