{"id":494,"date":"2025-04-24T12:53:03","date_gmt":"2025-04-24T10:53:03","guid":{"rendered":"https:\/\/dudziaknetwork.com\/ref-syntegon-mbp\/"},"modified":"2025-09-22T11:21:07","modified_gmt":"2025-09-22T09:21:07","slug":"ref-syntegon-mbp","status":"publish","type":"page","link":"https:\/\/dudziaknetwork.com\/de\/ref-syntegon-mbp\/","title":{"rendered":"Ref Syntegon MBP"},"content":{"rendered":"<div class=\"wpb-content-wrapper\"><p>[vc_row full_width=&#8220;stretch_row&#8220; type=&#8220;vc_default&#8220; css=&#8220;.vc_custom_1724230818887{margin-bottom: -1em !important;padding-bottom: 4vmin !important;}&#8220;][vc_column css=&#8220;.vc_custom_1724230828735{margin-bottom: -3.5em !important;}&#8220;][vc_raw_html css=&#8220;&#8220;]JTNDaDIlMjBzdHlsZSUzRCUyMmZvbnQtc2l6ZSUzQSUyMDIwMCUyNSUzQiUyMGxpbmUtaGVpZ2h0JTNBJTIwMS4yJTNCJTIwY29sb3IlM0ElMjAlMjMxOTlkYmIlMjIlM0UlMEFTeW50ZWdvbiUwQSUzQ2JyJTNFJTNDc3BhbiUyMHN0eWxlJTNEJTIyZm9udC13ZWlnaHQlM0ElMjBub3JtYWwlMjIlM0UlMEFQcm9kdWt0ZW50d2lja2x1bmclMjBlaW5lciUyMG1vZHVsYXJlbiUyMEZlcm1lbnRhdGlvbnMtUGxhdHRmb3JtJTBBJTNDJTJGc3BhbiUzRSUzQyUyRmgyJTNFJTBBJTNDYnIlM0U=[\/vc_raw_html][\/vc_column][\/vc_row][vc_row full_width=&#8220;stretch_row&#8220; gap=&#8220;30&#8243; equal_height=&#8220;yes&#8220; content_placement=&#8220;top&#8220; bg_type=&#8220;bg_color&#8220; type=&#8220;vc_default&#8220; margin_top=&#8220;55&#8243; margin_bottom=&#8220;5&#8243; css=&#8220;.vc_custom_1653395360355{margin-bottom: -3em !important;}&#8220;][vc_column width=&#8220;1\/2&#8243; css=&#8220;.vc_custom_1602858046274{margin-top: 0px !important;}&#8220;][vc_column_text css=&#8220;.vc_custom_1745492329610{margin-top: .4em !important;}&#8220;]<\/p>\n<h3>Projekt<\/h3>\n<p>Syntegon entwickelt an seinem Pharmatec-Standort in Dresden eine modulare Bioprozess-Plattform (MBP) als Komplettl\u00f6sung f\u00fcr die biopharmazeutische Wirkstoffproduktion.<\/p>\n<p>D&amp;N brachte seine Expertise f\u00fcr biopharmazeutische Prozesse, insbesondere f\u00fcr mikrobielle Fermentation ein, um Pharmatec bei Produktentwicklung und Launch zu unterst\u00fctzen.<\/p>\n<h3>Unsere Leistungen<\/h3>\n<ul>\n<li>Entwickeln der Nutzeranforderungen<\/li>\n<li>Best Practice und Impulse f\u00fcr das Plattformdesign<br \/>\n\u2013 Produktionsprozesse<br \/>\n\u2013 Anlagenverschaltung und Automatisierung<br \/>\n\u2013 Auslegen von Anlagendetails wie Begasung und Fermenter-Temperierung<br \/>\n\u2013 Beratung zu Qualifizierung und Erstellen einer Anlagen-Risikoanalyse<\/li>\n<li>Unterst\u00fctzung der Marketing- und Vertriebsaktivit\u00e4ten<br \/>\n<em>\u2013 <\/em>Flyer\/Brosch\u00fcren<br \/>\n\u2013 Produkt-Launch auf der ACHEMA<\/li>\n<\/ul>\n<p>[\/vc_column_text][\/vc_column][vc_column width=&#8220;1\/2&#8243;][vc_row_inner equal_height=&#8220;yes&#8220; css=&#8220;.vc_custom_1637948584493{margin-bottom: -3em !important;}&#8220;][vc_column_inner css=&#8220;.vc_custom_1638114595516{margin-bottom: 3em !important;margin-left: 1em !important;padding-top: 0.6em !important;}&#8220;][vc_single_image image=&#8220;484&#8243; img_size=&#8220;full&#8220; alignment=&#8220;right&#8220; style=&#8220;vc_box_rounded&#8220; css=&#8220;&#8220;][vc_single_image image=&#8220;486&#8243; img_size=&#8220;full&#8220; alignment=&#8220;right&#8220; style=&#8220;vc_box_rounded&#8220; css=&#8220;&#8220;][\/vc_column_inner][\/vc_row_inner][\/vc_column][\/vc_row][vc_row full_width=&#8220;stretch_row&#8220; gap=&#8220;30&#8243; equal_height=&#8220;yes&#8220; content_placement=&#8220;top&#8220; bg_type=&#8220;bg_color&#8220; type=&#8220;vc_default&#8220; margin_top=&#8220;55&#8243; margin_bottom=&#8220;5&#8243; css=&#8220;.vc_custom_1653396129378{margin-top: -1em !important;margin-bottom: 5px !important;}&#8220;][vc_column css=&#8220;.vc_custom_1602858046274{margin-top: 0px !important;}&#8220;][vc_column_text css=&#8220;.vc_custom_1745499201087{margin-top: .4em !important;}&#8220;]<\/p>\n<h3>Michael von Papen<br \/>\nChief Expert, Pharmatec, Syntegon-Gruppe<\/h3>\n<p>\u201eDie Beratung zur Entwicklung einer neuen mikrobiellen Fermentationsplattform f\u00fcr die Herstellung von Pharmazeutika durch Dudziak &amp; Network war \u00e4u\u00dferst erfolgreich.<\/p>\n<p>Durch ihre Expertise und ihre ma\u00dfgeschneiderte Unterst\u00fctzung konnten wir gemeinsam technische Herausforderungen effizient meistern und innovative L\u00f6sungen entwickeln.<\/p>\n<p>Die enge Zusammenarbeit f\u00fchrte zu einer optimierten Plattform, die sowohl die Produktionsprozesse als auch die Skalierbarkeit erheblich verbessert.\u201c[\/vc_column_text][\/vc_column][\/vc_row]<\/p>\n<\/div>","protected":false},"excerpt":{"rendered":"<p>[vc_row full_width=&#8220;stretch_row&#8220; type=&#8220;vc_default&#8220; css=&#8220;.vc_custom_1724230818887{margin-bottom: -1em !important;padding-bottom: 4vmin !important;}&#8220;][vc_column css=&#8220;.vc_custom_1724230828735{margin-bottom: -3.5em !important;}&#8220;][vc_raw_html css=&#8220;&#8220;]JTNDaDIlMjBzdHlsZSUzRCUyMmZvbnQtc2l6ZSUzQSUyMDIwMCUyNSUzQiUyMGxpbmUtaGVpZ2h0JTNBJTIwMS4yJTNCJTIwY29sb3IlM0ElMjAlMjMxOTlkYmIlMjIlM0UlMEFTeW50ZWdvbiUwQSUzQ2JyJTNFJTNDc3BhbiUyMHN0eWxlJTNEJTIyZm9udC13ZWlnaHQlM0ElMjBub3JtYWwlMjIlM0UlMEFQcm9kdWt0ZW50d2lja2x1bmclMjBlaW5lciUyMG1vZHVsYXJlbiUyMEZlcm1lbnRhdGlvbnMtUGxhdHRmb3JtJTBBJTNDJTJGc3BhbiUzRSUzQyUyRmgyJTNFJTBBJTNDYnIlM0U=[\/vc_raw_html][\/vc_column][\/vc_row][vc_row full_width=&#8220;stretch_row&#8220; gap=&#8220;30&#8243; equal_height=&#8220;yes&#8220; content_placement=&#8220;top&#8220; bg_type=&#8220;bg_color&#8220; type=&#8220;vc_default&#8220; margin_top=&#8220;55&#8243; margin_bottom=&#8220;5&#8243; css=&#8220;.vc_custom_1653395360355{margin-bottom: -3em !important;}&#8220;][vc_column width=&#8220;1\/2&#8243; css=&#8220;.vc_custom_1602858046274{margin-top: 0px !important;}&#8220;][vc_column_text css=&#8220;.vc_custom_1745492329610{margin-top: .4em !important;}&#8220;] Projekt Syntegon entwickelt an seinem Pharmatec-Standort in Dresden eine modulare Bioprozess-Plattform (MBP) als Komplettl\u00f6sung f\u00fcr die biopharmazeutische Wirkstoffproduktion. D&amp;N brachte seine Expertise f\u00fcr biopharmazeutische Prozesse,&hellip;<\/p>\n","protected":false},"author":2,"featured_media":0,"parent":0,"menu_order":0,"comment_status":"closed","ping_status":"closed","template":"","meta":{"footnotes":""},"class_list":["post-494","page","type-page","status-publish","hentry","description-off"],"yoast_head":"<!-- This site is optimized with the Yoast SEO plugin v26.8 - https:\/\/yoast.com\/product\/yoast-seo-wordpress\/ -->\n<title>Ref Syntegon MBP - Dudziak &amp; Network<\/title>\n<meta name=\"robots\" content=\"index, follow, max-snippet:-1, max-image-preview:large, max-video-preview:-1\" \/>\n<link rel=\"canonical\" href=\"https:\/\/dudziaknetwork.com\/de\/ref-syntegon-mbp\/\" \/>\n<meta property=\"og:locale\" content=\"de_DE\" \/>\n<meta property=\"og:type\" content=\"article\" \/>\n<meta property=\"og:title\" content=\"Ref Syntegon MBP - Dudziak &amp; Network\" \/>\n<meta property=\"og:description\" content=\"[vc_row full_width=&#8220;stretch_row&#8220; type=&#8220;vc_default&#8220; css=&#8220;.vc_custom_1724230818887{margin-bottom: -1em !important;padding-bottom: 4vmin !important;}&#8220;][vc_column css=&#8220;.vc_custom_1724230828735{margin-bottom: -3.5em !important;}&#8220;][vc_raw_html css=&#8220;&#8220;]JTNDaDIlMjBzdHlsZSUzRCUyMmZvbnQtc2l6ZSUzQSUyMDIwMCUyNSUzQiUyMGxpbmUtaGVpZ2h0JTNBJTIwMS4yJTNCJTIwY29sb3IlM0ElMjAlMjMxOTlkYmIlMjIlM0UlMEFTeW50ZWdvbiUwQSUzQ2JyJTNFJTNDc3BhbiUyMHN0eWxlJTNEJTIyZm9udC13ZWlnaHQlM0ElMjBub3JtYWwlMjIlM0UlMEFQcm9kdWt0ZW50d2lja2x1bmclMjBlaW5lciUyMG1vZHVsYXJlbiUyMEZlcm1lbnRhdGlvbnMtUGxhdHRmb3JtJTBBJTNDJTJGc3BhbiUzRSUzQyUyRmgyJTNFJTBBJTNDYnIlM0U=[\/vc_raw_html][\/vc_column][\/vc_row][vc_row full_width=&#8220;stretch_row&#8220; gap=&#8220;30&#8243; equal_height=&#8220;yes&#8220; content_placement=&#8220;top&#8220; bg_type=&#8220;bg_color&#8220; type=&#8220;vc_default&#8220; margin_top=&#8220;55&#8243; margin_bottom=&#8220;5&#8243; css=&#8220;.vc_custom_1653395360355{margin-bottom: -3em !important;}&#8220;][vc_column width=&#8220;1\/2&#8243; css=&#8220;.vc_custom_1602858046274{margin-top: 0px !important;}&#8220;][vc_column_text css=&#8220;.vc_custom_1745492329610{margin-top: .4em !important;}&#8220;] Projekt Syntegon entwickelt an seinem Pharmatec-Standort in Dresden eine modulare Bioprozess-Plattform (MBP) als Komplettl\u00f6sung f\u00fcr die biopharmazeutische Wirkstoffproduktion. D&amp;N brachte seine Expertise f\u00fcr biopharmazeutische Prozesse,&hellip;\" \/>\n<meta property=\"og:url\" content=\"https:\/\/dudziaknetwork.com\/de\/ref-syntegon-mbp\/\" \/>\n<meta property=\"og:site_name\" content=\"Dudziak &amp; Network\" \/>\n<meta property=\"article:modified_time\" content=\"2025-09-22T09:21:07+00:00\" \/>\n<meta name=\"twitter:card\" content=\"summary_large_image\" \/>\n<meta name=\"twitter:label1\" content=\"Gesch\u00e4tzte Lesezeit\" \/>\n\t<meta name=\"twitter:data1\" content=\"2\u00a0Minuten\" \/>\n<script type=\"application\/ld+json\" class=\"yoast-schema-graph\">{\"@context\":\"https:\/\/schema.org\",\"@graph\":[{\"@type\":\"WebPage\",\"@id\":\"https:\/\/dudziaknetwork.com\/de\/ref-syntegon-mbp\/\",\"url\":\"https:\/\/dudziaknetwork.com\/de\/ref-syntegon-mbp\/\",\"name\":\"Ref Syntegon MBP - Dudziak &amp; Network\",\"isPartOf\":{\"@id\":\"https:\/\/dudziaknetwork.com\/#website\"},\"datePublished\":\"2025-04-24T10:53:03+00:00\",\"dateModified\":\"2025-09-22T09:21:07+00:00\",\"breadcrumb\":{\"@id\":\"https:\/\/dudziaknetwork.com\/de\/ref-syntegon-mbp\/#breadcrumb\"},\"inLanguage\":\"de\",\"potentialAction\":[{\"@type\":\"ReadAction\",\"target\":[\"https:\/\/dudziaknetwork.com\/de\/ref-syntegon-mbp\/\"]}]},{\"@type\":\"BreadcrumbList\",\"@id\":\"https:\/\/dudziaknetwork.com\/de\/ref-syntegon-mbp\/#breadcrumb\",\"itemListElement\":[{\"@type\":\"ListItem\",\"position\":1,\"name\":\"Startseite\",\"item\":\"https:\/\/dudziaknetwork.com\/de\/\"},{\"@type\":\"ListItem\",\"position\":2,\"name\":\"Ref Syntegon MBP\"}]},{\"@type\":\"WebSite\",\"@id\":\"https:\/\/dudziaknetwork.com\/#website\",\"url\":\"https:\/\/dudziaknetwork.com\/\",\"name\":\"Dudziak &amp; Network\",\"description\":\"Manufacturing Consulting\",\"potentialAction\":[{\"@type\":\"SearchAction\",\"target\":{\"@type\":\"EntryPoint\",\"urlTemplate\":\"https:\/\/dudziaknetwork.com\/?s={search_term_string}\"},\"query-input\":{\"@type\":\"PropertyValueSpecification\",\"valueRequired\":true,\"valueName\":\"search_term_string\"}}],\"inLanguage\":\"de\"}]}<\/script>\n<!-- \/ Yoast SEO plugin. -->","yoast_head_json":{"title":"Ref Syntegon MBP - Dudziak &amp; Network","robots":{"index":"index","follow":"follow","max-snippet":"max-snippet:-1","max-image-preview":"max-image-preview:large","max-video-preview":"max-video-preview:-1"},"canonical":"https:\/\/dudziaknetwork.com\/de\/ref-syntegon-mbp\/","og_locale":"de_DE","og_type":"article","og_title":"Ref Syntegon MBP - Dudziak &amp; Network","og_description":"[vc_row full_width=&#8220;stretch_row&#8220; type=&#8220;vc_default&#8220; css=&#8220;.vc_custom_1724230818887{margin-bottom: -1em !important;padding-bottom: 4vmin !important;}&#8220;][vc_column css=&#8220;.vc_custom_1724230828735{margin-bottom: -3.5em !important;}&#8220;][vc_raw_html css=&#8220;&#8220;]JTNDaDIlMjBzdHlsZSUzRCUyMmZvbnQtc2l6ZSUzQSUyMDIwMCUyNSUzQiUyMGxpbmUtaGVpZ2h0JTNBJTIwMS4yJTNCJTIwY29sb3IlM0ElMjAlMjMxOTlkYmIlMjIlM0UlMEFTeW50ZWdvbiUwQSUzQ2JyJTNFJTNDc3BhbiUyMHN0eWxlJTNEJTIyZm9udC13ZWlnaHQlM0ElMjBub3JtYWwlMjIlM0UlMEFQcm9kdWt0ZW50d2lja2x1bmclMjBlaW5lciUyMG1vZHVsYXJlbiUyMEZlcm1lbnRhdGlvbnMtUGxhdHRmb3JtJTBBJTNDJTJGc3BhbiUzRSUzQyUyRmgyJTNFJTBBJTNDYnIlM0U=[\/vc_raw_html][\/vc_column][\/vc_row][vc_row full_width=&#8220;stretch_row&#8220; gap=&#8220;30&#8243; equal_height=&#8220;yes&#8220; content_placement=&#8220;top&#8220; bg_type=&#8220;bg_color&#8220; type=&#8220;vc_default&#8220; margin_top=&#8220;55&#8243; margin_bottom=&#8220;5&#8243; css=&#8220;.vc_custom_1653395360355{margin-bottom: -3em !important;}&#8220;][vc_column width=&#8220;1\/2&#8243; css=&#8220;.vc_custom_1602858046274{margin-top: 0px !important;}&#8220;][vc_column_text css=&#8220;.vc_custom_1745492329610{margin-top: .4em !important;}&#8220;] Projekt Syntegon entwickelt an seinem Pharmatec-Standort in Dresden eine modulare Bioprozess-Plattform (MBP) als Komplettl\u00f6sung f\u00fcr die biopharmazeutische Wirkstoffproduktion. D&amp;N brachte seine Expertise f\u00fcr biopharmazeutische Prozesse,&hellip;","og_url":"https:\/\/dudziaknetwork.com\/de\/ref-syntegon-mbp\/","og_site_name":"Dudziak &amp; Network","article_modified_time":"2025-09-22T09:21:07+00:00","twitter_card":"summary_large_image","twitter_misc":{"Gesch\u00e4tzte Lesezeit":"2\u00a0Minuten"},"schema":{"@context":"https:\/\/schema.org","@graph":[{"@type":"WebPage","@id":"https:\/\/dudziaknetwork.com\/de\/ref-syntegon-mbp\/","url":"https:\/\/dudziaknetwork.com\/de\/ref-syntegon-mbp\/","name":"Ref Syntegon MBP - Dudziak &amp; Network","isPartOf":{"@id":"https:\/\/dudziaknetwork.com\/#website"},"datePublished":"2025-04-24T10:53:03+00:00","dateModified":"2025-09-22T09:21:07+00:00","breadcrumb":{"@id":"https:\/\/dudziaknetwork.com\/de\/ref-syntegon-mbp\/#breadcrumb"},"inLanguage":"de","potentialAction":[{"@type":"ReadAction","target":["https:\/\/dudziaknetwork.com\/de\/ref-syntegon-mbp\/"]}]},{"@type":"BreadcrumbList","@id":"https:\/\/dudziaknetwork.com\/de\/ref-syntegon-mbp\/#breadcrumb","itemListElement":[{"@type":"ListItem","position":1,"name":"Startseite","item":"https:\/\/dudziaknetwork.com\/de\/"},{"@type":"ListItem","position":2,"name":"Ref Syntegon MBP"}]},{"@type":"WebSite","@id":"https:\/\/dudziaknetwork.com\/#website","url":"https:\/\/dudziaknetwork.com\/","name":"Dudziak &amp; Network","description":"Manufacturing Consulting","potentialAction":[{"@type":"SearchAction","target":{"@type":"EntryPoint","urlTemplate":"https:\/\/dudziaknetwork.com\/?s={search_term_string}"},"query-input":{"@type":"PropertyValueSpecification","valueRequired":true,"valueName":"search_term_string"}}],"inLanguage":"de"}]}},"_links":{"self":[{"href":"https:\/\/dudziaknetwork.com\/de\/wp-json\/wp\/v2\/pages\/494","targetHints":{"allow":["GET"]}}],"collection":[{"href":"https:\/\/dudziaknetwork.com\/de\/wp-json\/wp\/v2\/pages"}],"about":[{"href":"https:\/\/dudziaknetwork.com\/de\/wp-json\/wp\/v2\/types\/page"}],"author":[{"embeddable":true,"href":"https:\/\/dudziaknetwork.com\/de\/wp-json\/wp\/v2\/users\/2"}],"replies":[{"embeddable":true,"href":"https:\/\/dudziaknetwork.com\/de\/wp-json\/wp\/v2\/comments?post=494"}],"version-history":[{"count":7,"href":"https:\/\/dudziaknetwork.com\/de\/wp-json\/wp\/v2\/pages\/494\/revisions"}],"predecessor-version":[{"id":633,"href":"https:\/\/dudziaknetwork.com\/de\/wp-json\/wp\/v2\/pages\/494\/revisions\/633"}],"wp:attachment":[{"href":"https:\/\/dudziaknetwork.com\/de\/wp-json\/wp\/v2\/media?parent=494"}],"curies":[{"name":"wp","href":"https:\/\/api.w.org\/{rel}","templated":true}]}}