{"id":46,"date":"2024-08-14T14:43:03","date_gmt":"2024-08-14T12:43:03","guid":{"rendered":"http:\/\/dudziaknetwork2024.com\/?page_id=46"},"modified":"2025-02-10T13:25:36","modified_gmt":"2025-02-10T12:25:36","slug":"ulrike-wieborg","status":"publish","type":"page","link":"https:\/\/dudziaknetwork.com\/de\/ulrike-wieborg\/","title":{"rendered":"Ulrike Wieborg"},"content":{"rendered":"<div class=\"wpb-content-wrapper\"><p>[vc_row full_width=&#8220;stretch_row&#8220; type=&#8220;vc_default&#8220; css=&#8220;.vc_custom_1724167899330{padding-bottom: 4vmin !important;}&#8220;][vc_column css=&#8220;.vc_custom_1724167904279{margin-bottom: -3.5em !important;}&#8220;]<div id=\"ultimate-heading-63969e3499bec2cf\" class=\"uvc-heading ult-adjust-bottom-margin ultimate-heading-63969e3499bec2cf uvc-3232 \" data-hspacer=\"no_spacer\"  data-halign=\"left\" style=\"text-align:left\"><div class=\"uvc-heading-spacer no_spacer\" style=\"top\"><\/div><div class=\"uvc-main-heading ult-responsive\"  data-ultimate-target='.uvc-heading.ultimate-heading-63969e3499bec2cf h2'  data-responsive-json-new='{\"font-size\":\"desktop:32px;\",\"line-height\":\"\"}' ><h2 style=\"--font-weight:theme;color:#199dbb;\">Ulrike Wieborg<\/h2><\/div><div class=\"uvc-sub-heading ult-responsive\"  data-ultimate-target='.uvc-heading.ultimate-heading-63969e3499bec2cf .uvc-sub-heading '  data-responsive-json-new='{\"font-size\":\"\",\"line-height\":\"\"}'  style=\"font-weight:normal;color:#0093b8;margin-bottom:2em;\">Senior Consultant<\/div><\/div>[vc_empty_space height=&#8220;10px&#8220;][\/vc_column][\/vc_row][vc_row full_width=&#8220;stretch_row&#8220; gap=&#8220;30&#8243; content_placement=&#8220;top&#8220; bg_type=&#8220;bg_color&#8220; type=&#8220;vc_default&#8220; margin_top=&#8220;55&#8243; margin_bottom=&#8220;5&#8243; css=&#8220;.vc_custom_1638095507397{margin-top: -1em !important;margin-bottom: -3em !important;}&#8220;][vc_column width=&#8220;1\/3&#8243;][vc_row_inner equal_height=&#8220;yes&#8220; css=&#8220;.vc_custom_1637948584493{margin-bottom: -3em !important;}&#8220;][vc_column_inner css=&#8220;.vc_custom_1638095497891{margin-right: 1em !important;margin-bottom: 3em !important;}&#8220;][vc_single_image image=&#8220;434&#8243; img_size=&#8220;full&#8220; style=&#8220;vc_box_rounded&#8220; css=&#8220;.vc_custom_1739190331954{padding-top: 6px !important;}&#8220; lazy_loading=&#8220;true&#8220;][\/vc_column_inner][\/vc_row_inner][\/vc_column][vc_column width=&#8220;2\/3&#8243; css=&#8220;.vc_custom_1602858046274{margin-top: 0px !important;}&#8220;][vc_column_text css=&#8220;.vc_custom_1684338067570{margin-top: .4em !important;}&#8220;]Ulrike bringt als Expertin f\u00fcr Biopharma-Investitionsprojekte ein breites Erfahrungsspektrum von der Konzeptionierung \u00fcber die Planung bis hin zu Realisierung und Qualifizierung mit. Als Projektleiterin mit Blick f\u00fcr das Ganze, sowie in der Prozess- und Reinraumplanung. Dabei unterst\u00fctzt sie erfolgreich Kunden vom Mittelst\u00e4ndler bis hin zum Konzern.[\/vc_column_text][\/vc_column][\/vc_row][vc_row full_width=&#8220;stretch_row&#8220; type=&#8220;vc_default&#8220; css=&#8220;.vc_custom_1637947523639{padding-bottom: 1em !important;}&#8220;][vc_column][vc_column_text]Sich schnell in neue Themenkomplexe einarbeiten und dabei Br\u00fccken zu bew\u00e4hrten L\u00f6sungsans\u00e4tzen schlagen &#8211; Ulrike sch\u00e4tzt die Vielf\u00e4ltigkeit, die die T\u00e4tigkeit als Beraterin mit sich bringt. Sie sorgt in interdisziplin\u00e4ren Teams f\u00fcr klare und offene Kommunikation und f\u00fcr einen Fokus auf den gemeinsamen Projekterfolg.<\/p>\n<p>Nachdem es sie f\u00fcr Studium, Masterarbeit und Job nach S\u00fcddeutschland zog, lebt sie mittlerweile mit ihrer Familie in Oldenburg. In ihrer Freizeit experimentiert sie gerne in der K\u00fcche, fordert sich beim Yoga und erkundet die Welt. Seit 2022 auch mit ihrer kleinen Tochter.[\/vc_column_text][\/vc_column][\/vc_row][vc_row full_width=&#8220;stretch_row&#8220; type=&#8220;vc_default&#8220; css=&#8220;.vc_custom_1637947592764{padding-bottom: 1em !important;}&#8220;][vc_column]<div id=\"ultimate-heading-659269e3499bec4b2\" class=\"uvc-heading ult-adjust-bottom-margin ultimate-heading-659269e3499bec4b2 uvc-2613 \" data-hspacer=\"no_spacer\"  data-halign=\"left\" style=\"text-align:left\"><div class=\"uvc-heading-spacer no_spacer\" style=\"top\"><\/div><div class=\"uvc-main-heading ult-responsive\"  data-ultimate-target='.uvc-heading.ultimate-heading-659269e3499bec4b2 h3'  data-responsive-json-new='{\"font-size\":\"desktop:22px;tablet:22px;tablet_portrait:22px;mobile_landscape:18px;mobile:18px;\",\"line-height\":\"desktop:28px;\"}' ><h3 style=\"font-weight:bold;color:#199dbb;margin-bottom:1em;\">Qualifikation<\/h3><\/div><\/div>[vc_column_text]<\/p>\n<ul>\n<li>Studium Life Science Engineering, M. Sc.<br \/>\n<i>Friedrich-Alexander-Universit\u00e4t Erlangen-N\u00fcrnberg<\/i><\/li>\n<\/ul>\n<p>[\/vc_column_text][\/vc_column][\/vc_row][vc_row full_width=&#8220;stretch_row&#8220; type=&#8220;vc_default&#8220; css=&#8220;.vc_custom_1637947584983{padding-bottom: 1em !important;}&#8220;][vc_column]<div id=\"ultimate-heading-495069e3499bec5fb\" class=\"uvc-heading ult-adjust-bottom-margin ultimate-heading-495069e3499bec5fb uvc-9343 \" data-hspacer=\"no_spacer\"  data-halign=\"left\" style=\"text-align:left\"><div class=\"uvc-heading-spacer no_spacer\" style=\"top\"><\/div><div class=\"uvc-main-heading ult-responsive\"  data-ultimate-target='.uvc-heading.ultimate-heading-495069e3499bec5fb h3'  data-responsive-json-new='{\"font-size\":\"desktop:22px;tablet:22px;tablet_portrait:22px;mobile_landscape:18px;mobile:18px;\",\"line-height\":\"desktop:28px;\"}' ><h3 style=\"font-weight:bold;color:#199dbb;margin-bottom:1em;\">Berufserfahrung<\/h3><\/div><\/div>[vc_column_text]<\/p>\n<ul>\n<li>Senior Consultant<br \/>\n<i>Dudziak &amp; Network GmbH<\/i><\/li>\n<li>Consultant<br \/>\n<i>io-consultants GmbH &amp; Co. KG<\/i><\/li>\n<\/ul>\n<p>[\/vc_column_text][\/vc_column][\/vc_row]<\/p>\n<\/div>","protected":false},"excerpt":{"rendered":"<p>[vc_row full_width=&#8220;stretch_row&#8220; type=&#8220;vc_default&#8220; css=&#8220;.vc_custom_1724167899330{padding-bottom: 4vmin !important;}&#8220;][vc_column css=&#8220;.vc_custom_1724167904279{margin-bottom: -3.5em !important;}&#8220;][vc_empty_space height=&#8220;10px&#8220;][\/vc_column][\/vc_row][vc_row full_width=&#8220;stretch_row&#8220; gap=&#8220;30&#8243; content_placement=&#8220;top&#8220; bg_type=&#8220;bg_color&#8220; type=&#8220;vc_default&#8220; margin_top=&#8220;55&#8243; margin_bottom=&#8220;5&#8243; css=&#8220;.vc_custom_1638095507397{margin-top: -1em !important;margin-bottom: -3em !important;}&#8220;][vc_column width=&#8220;1\/3&#8243;][vc_row_inner equal_height=&#8220;yes&#8220; css=&#8220;.vc_custom_1637948584493{margin-bottom: -3em !important;}&#8220;][vc_column_inner css=&#8220;.vc_custom_1638095497891{margin-right: 1em !important;margin-bottom: 3em !important;}&#8220;][vc_single_image image=&#8220;434&#8243; img_size=&#8220;full&#8220; style=&#8220;vc_box_rounded&#8220; css=&#8220;.vc_custom_1739190331954{padding-top: 6px !important;}&#8220; lazy_loading=&#8220;true&#8220;][\/vc_column_inner][\/vc_row_inner][\/vc_column][vc_column width=&#8220;2\/3&#8243; css=&#8220;.vc_custom_1602858046274{margin-top: 0px !important;}&#8220;][vc_column_text css=&#8220;.vc_custom_1684338067570{margin-top: .4em !important;}&#8220;]Ulrike bringt als Expertin f\u00fcr Biopharma-Investitionsprojekte ein breites Erfahrungsspektrum von&hellip;<\/p>\n","protected":false},"author":1,"featured_media":0,"parent":0,"menu_order":0,"comment_status":"closed","ping_status":"closed","template":"","meta":{"footnotes":""},"class_list":["post-46","page","type-page","status-publish","hentry","description-off"],"yoast_head":"<!-- This site is optimized with the Yoast SEO plugin v26.8 - https:\/\/yoast.com\/product\/yoast-seo-wordpress\/ -->\n<title>Ulrike Wieborg - Dudziak &amp; Network<\/title>\n<meta name=\"robots\" content=\"index, follow, max-snippet:-1, max-image-preview:large, max-video-preview:-1\" \/>\n<link rel=\"canonical\" href=\"https:\/\/dudziaknetwork.com\/de\/ulrike-wieborg\/\" \/>\n<meta property=\"og:locale\" content=\"de_DE\" \/>\n<meta property=\"og:type\" content=\"article\" \/>\n<meta property=\"og:title\" content=\"Ulrike Wieborg - Dudziak &amp; Network\" \/>\n<meta property=\"og:description\" content=\"[vc_row full_width=&#8220;stretch_row&#8220; type=&#8220;vc_default&#8220; css=&#8220;.vc_custom_1724167899330{padding-bottom: 4vmin !important;}&#8220;][vc_column css=&#8220;.vc_custom_1724167904279{margin-bottom: -3.5em !important;}&#8220;][vc_empty_space height=&#8220;10px&#8220;][\/vc_column][\/vc_row][vc_row full_width=&#8220;stretch_row&#8220; gap=&#8220;30&#8243; content_placement=&#8220;top&#8220; bg_type=&#8220;bg_color&#8220; type=&#8220;vc_default&#8220; margin_top=&#8220;55&#8243; margin_bottom=&#8220;5&#8243; css=&#8220;.vc_custom_1638095507397{margin-top: -1em !important;margin-bottom: -3em !important;}&#8220;][vc_column width=&#8220;1\/3&#8243;][vc_row_inner equal_height=&#8220;yes&#8220; css=&#8220;.vc_custom_1637948584493{margin-bottom: -3em !important;}&#8220;][vc_column_inner css=&#8220;.vc_custom_1638095497891{margin-right: 1em !important;margin-bottom: 3em !important;}&#8220;][vc_single_image image=&#8220;434&#8243; img_size=&#8220;full&#8220; style=&#8220;vc_box_rounded&#8220; css=&#8220;.vc_custom_1739190331954{padding-top: 6px !important;}&#8220; lazy_loading=&#8220;true&#8220;][\/vc_column_inner][\/vc_row_inner][\/vc_column][vc_column width=&#8220;2\/3&#8243; css=&#8220;.vc_custom_1602858046274{margin-top: 0px !important;}&#8220;][vc_column_text css=&#8220;.vc_custom_1684338067570{margin-top: .4em !important;}&#8220;]Ulrike bringt als Expertin f\u00fcr Biopharma-Investitionsprojekte ein breites Erfahrungsspektrum von&hellip;\" \/>\n<meta property=\"og:url\" content=\"https:\/\/dudziaknetwork.com\/de\/ulrike-wieborg\/\" \/>\n<meta property=\"og:site_name\" content=\"Dudziak &amp; Network\" \/>\n<meta property=\"article:modified_time\" content=\"2025-02-10T12:25:36+00:00\" \/>\n<meta name=\"twitter:card\" content=\"summary_large_image\" \/>\n<meta name=\"twitter:label1\" content=\"Gesch\u00e4tzte Lesezeit\" \/>\n\t<meta name=\"twitter:data1\" content=\"2\u00a0Minuten\" \/>\n<script type=\"application\/ld+json\" class=\"yoast-schema-graph\">{\"@context\":\"https:\/\/schema.org\",\"@graph\":[{\"@type\":\"WebPage\",\"@id\":\"https:\/\/dudziaknetwork.com\/de\/ulrike-wieborg\/\",\"url\":\"https:\/\/dudziaknetwork.com\/de\/ulrike-wieborg\/\",\"name\":\"Ulrike Wieborg - Dudziak &amp; Network\",\"isPartOf\":{\"@id\":\"https:\/\/dudziaknetwork.com\/#website\"},\"datePublished\":\"2024-08-14T12:43:03+00:00\",\"dateModified\":\"2025-02-10T12:25:36+00:00\",\"breadcrumb\":{\"@id\":\"https:\/\/dudziaknetwork.com\/de\/ulrike-wieborg\/#breadcrumb\"},\"inLanguage\":\"de\",\"potentialAction\":[{\"@type\":\"ReadAction\",\"target\":[\"https:\/\/dudziaknetwork.com\/de\/ulrike-wieborg\/\"]}]},{\"@type\":\"BreadcrumbList\",\"@id\":\"https:\/\/dudziaknetwork.com\/de\/ulrike-wieborg\/#breadcrumb\",\"itemListElement\":[{\"@type\":\"ListItem\",\"position\":1,\"name\":\"Startseite\",\"item\":\"https:\/\/dudziaknetwork.com\/de\/\"},{\"@type\":\"ListItem\",\"position\":2,\"name\":\"Ulrike Wieborg\"}]},{\"@type\":\"WebSite\",\"@id\":\"https:\/\/dudziaknetwork.com\/#website\",\"url\":\"https:\/\/dudziaknetwork.com\/\",\"name\":\"Dudziak &amp; Network\",\"description\":\"Manufacturing Consulting\",\"potentialAction\":[{\"@type\":\"SearchAction\",\"target\":{\"@type\":\"EntryPoint\",\"urlTemplate\":\"https:\/\/dudziaknetwork.com\/?s={search_term_string}\"},\"query-input\":{\"@type\":\"PropertyValueSpecification\",\"valueRequired\":true,\"valueName\":\"search_term_string\"}}],\"inLanguage\":\"de\"}]}<\/script>\n<!-- \/ Yoast SEO plugin. -->","yoast_head_json":{"title":"Ulrike Wieborg - Dudziak &amp; Network","robots":{"index":"index","follow":"follow","max-snippet":"max-snippet:-1","max-image-preview":"max-image-preview:large","max-video-preview":"max-video-preview:-1"},"canonical":"https:\/\/dudziaknetwork.com\/de\/ulrike-wieborg\/","og_locale":"de_DE","og_type":"article","og_title":"Ulrike Wieborg - Dudziak &amp; Network","og_description":"[vc_row full_width=&#8220;stretch_row&#8220; type=&#8220;vc_default&#8220; css=&#8220;.vc_custom_1724167899330{padding-bottom: 4vmin !important;}&#8220;][vc_column css=&#8220;.vc_custom_1724167904279{margin-bottom: -3.5em !important;}&#8220;][vc_empty_space height=&#8220;10px&#8220;][\/vc_column][\/vc_row][vc_row full_width=&#8220;stretch_row&#8220; gap=&#8220;30&#8243; content_placement=&#8220;top&#8220; bg_type=&#8220;bg_color&#8220; type=&#8220;vc_default&#8220; margin_top=&#8220;55&#8243; margin_bottom=&#8220;5&#8243; css=&#8220;.vc_custom_1638095507397{margin-top: -1em !important;margin-bottom: -3em !important;}&#8220;][vc_column width=&#8220;1\/3&#8243;][vc_row_inner equal_height=&#8220;yes&#8220; css=&#8220;.vc_custom_1637948584493{margin-bottom: -3em !important;}&#8220;][vc_column_inner css=&#8220;.vc_custom_1638095497891{margin-right: 1em !important;margin-bottom: 3em !important;}&#8220;][vc_single_image image=&#8220;434&#8243; img_size=&#8220;full&#8220; style=&#8220;vc_box_rounded&#8220; css=&#8220;.vc_custom_1739190331954{padding-top: 6px !important;}&#8220; lazy_loading=&#8220;true&#8220;][\/vc_column_inner][\/vc_row_inner][\/vc_column][vc_column width=&#8220;2\/3&#8243; css=&#8220;.vc_custom_1602858046274{margin-top: 0px !important;}&#8220;][vc_column_text css=&#8220;.vc_custom_1684338067570{margin-top: .4em !important;}&#8220;]Ulrike bringt als Expertin f\u00fcr Biopharma-Investitionsprojekte ein breites Erfahrungsspektrum von&hellip;","og_url":"https:\/\/dudziaknetwork.com\/de\/ulrike-wieborg\/","og_site_name":"Dudziak &amp; Network","article_modified_time":"2025-02-10T12:25:36+00:00","twitter_card":"summary_large_image","twitter_misc":{"Gesch\u00e4tzte Lesezeit":"2\u00a0Minuten"},"schema":{"@context":"https:\/\/schema.org","@graph":[{"@type":"WebPage","@id":"https:\/\/dudziaknetwork.com\/de\/ulrike-wieborg\/","url":"https:\/\/dudziaknetwork.com\/de\/ulrike-wieborg\/","name":"Ulrike Wieborg - Dudziak &amp; Network","isPartOf":{"@id":"https:\/\/dudziaknetwork.com\/#website"},"datePublished":"2024-08-14T12:43:03+00:00","dateModified":"2025-02-10T12:25:36+00:00","breadcrumb":{"@id":"https:\/\/dudziaknetwork.com\/de\/ulrike-wieborg\/#breadcrumb"},"inLanguage":"de","potentialAction":[{"@type":"ReadAction","target":["https:\/\/dudziaknetwork.com\/de\/ulrike-wieborg\/"]}]},{"@type":"BreadcrumbList","@id":"https:\/\/dudziaknetwork.com\/de\/ulrike-wieborg\/#breadcrumb","itemListElement":[{"@type":"ListItem","position":1,"name":"Startseite","item":"https:\/\/dudziaknetwork.com\/de\/"},{"@type":"ListItem","position":2,"name":"Ulrike Wieborg"}]},{"@type":"WebSite","@id":"https:\/\/dudziaknetwork.com\/#website","url":"https:\/\/dudziaknetwork.com\/","name":"Dudziak &amp; Network","description":"Manufacturing Consulting","potentialAction":[{"@type":"SearchAction","target":{"@type":"EntryPoint","urlTemplate":"https:\/\/dudziaknetwork.com\/?s={search_term_string}"},"query-input":{"@type":"PropertyValueSpecification","valueRequired":true,"valueName":"search_term_string"}}],"inLanguage":"de"}]}},"_links":{"self":[{"href":"https:\/\/dudziaknetwork.com\/de\/wp-json\/wp\/v2\/pages\/46","targetHints":{"allow":["GET"]}}],"collection":[{"href":"https:\/\/dudziaknetwork.com\/de\/wp-json\/wp\/v2\/pages"}],"about":[{"href":"https:\/\/dudziaknetwork.com\/de\/wp-json\/wp\/v2\/types\/page"}],"author":[{"embeddable":true,"href":"https:\/\/dudziaknetwork.com\/de\/wp-json\/wp\/v2\/users\/1"}],"replies":[{"embeddable":true,"href":"https:\/\/dudziaknetwork.com\/de\/wp-json\/wp\/v2\/comments?post=46"}],"version-history":[{"count":5,"href":"https:\/\/dudziaknetwork.com\/de\/wp-json\/wp\/v2\/pages\/46\/revisions"}],"predecessor-version":[{"id":460,"href":"https:\/\/dudziaknetwork.com\/de\/wp-json\/wp\/v2\/pages\/46\/revisions\/460"}],"wp:attachment":[{"href":"https:\/\/dudziaknetwork.com\/de\/wp-json\/wp\/v2\/media?parent=46"}],"curies":[{"name":"wp","href":"https:\/\/api.w.org\/{rel}","templated":true}]}}