{"id":44,"date":"2024-08-14T14:42:44","date_gmt":"2024-08-14T12:42:44","guid":{"rendered":"http:\/\/dudziaknetwork2024.com\/?page_id=44"},"modified":"2025-08-15T15:36:54","modified_gmt":"2025-08-15T13:36:54","slug":"santiago-gomez-obhof","status":"publish","type":"page","link":"https:\/\/dudziaknetwork.com\/de\/santiago-gomez-obhof\/","title":{"rendered":"Santiago Gomez Obhof"},"content":{"rendered":"<div class=\"wpb-content-wrapper\"><p>[vc_row full_width=&#8220;stretch_row&#8220; type=&#8220;vc_default&#8220; css=&#8220;.vc_custom_1724167738448{padding-bottom: 4vmin !important;}&#8220;][vc_column css=&#8220;.vc_custom_1724167744127{margin-bottom: -3.5em !important;}&#8220;]<div id=\"ultimate-heading-341669e649834e06d\" class=\"uvc-heading ult-adjust-bottom-margin ultimate-heading-341669e649834e06d uvc-5236 \" data-hspacer=\"no_spacer\"  data-halign=\"left\" style=\"text-align:left\"><div class=\"uvc-heading-spacer no_spacer\" style=\"top\"><\/div><div class=\"uvc-main-heading ult-responsive\"  data-ultimate-target='.uvc-heading.ultimate-heading-341669e649834e06d h2'  data-responsive-json-new='{\"font-size\":\"desktop:32px;\",\"line-height\":\"\"}' ><h2 style=\"--font-weight:theme;color:#199dbb;\">Santiago Gomez Obhof<\/h2><\/div><div class=\"uvc-sub-heading ult-responsive\"  data-ultimate-target='.uvc-heading.ultimate-heading-341669e649834e06d .uvc-sub-heading '  data-responsive-json-new='{\"font-size\":\"\",\"line-height\":\"\"}'  style=\"font-weight:normal;color:#0093b8;margin-bottom:2em;\">Senior Consultant<\/div><\/div>[vc_empty_space height=&#8220;10px&#8220;][\/vc_column][\/vc_row][vc_row full_width=&#8220;stretch_row&#8220; gap=&#8220;30&#8243; content_placement=&#8220;top&#8220; bg_type=&#8220;bg_color&#8220; type=&#8220;vc_default&#8220; margin_top=&#8220;55&#8243; margin_bottom=&#8220;5&#8243; css=&#8220;.vc_custom_1638095507397{margin-top: -1em !important;margin-bottom: -3em !important;}&#8220;][vc_column width=&#8220;1\/3&#8243;][vc_row_inner equal_height=&#8220;yes&#8220; css=&#8220;.vc_custom_1637948584493{margin-bottom: -3em !important;}&#8220;][vc_column_inner css=&#8220;.vc_custom_1638095497891{margin-right: 1em !important;margin-bottom: 3em !important;}&#8220;][vc_single_image image=&#8220;432&#8243; img_size=&#8220;full&#8220; style=&#8220;vc_box_rounded&#8220; css=&#8220;.vc_custom_1739190279814{padding-top: 6px !important;}&#8220; lazy_loading=&#8220;true&#8220;][\/vc_column_inner][\/vc_row_inner][\/vc_column][vc_column width=&#8220;2\/3&#8243; css=&#8220;.vc_custom_1602858046274{margin-top: 0px !important;}&#8220;][vc_column_text css=&#8220;.vc_custom_1684339121154{margin-top: .4em !important;}&#8220;]Als Generalist deckt Santiago eine Vielzahl von Themenfeldern ab: Projektmanagement, Prozessanalyse und Optimierung, Intralogistikplanung und Umbau von Pharmaproduktionen im Bestand. Neben der Arbeit an mehreren Konzeptstudien hat er bereits wichtige Teile eines 220 m\u20ac Investitionsprojekts verantwortet.[\/vc_column_text][\/vc_column][\/vc_row][vc_row full_width=&#8220;stretch_row&#8220; type=&#8220;vc_default&#8220; css=&#8220;.vc_custom_1637947523639{padding-bottom: 1em !important;}&#8220;][vc_column][vc_column_text]Santiago sorgt hartn\u00e4ckig f\u00fcr allseitige Transparenz im Projekt und verfolgt von Anfang an Qualit\u00e4t in Konzeption und Umsetzung. Dabei geht er f\u00fcr seine Kunden auch unbequeme Wege, immer mit dem \u00dcberblick f\u00fcrs Ganze, immer in enger Zusammenarbeit mit dem Projektteam.<\/p>\n<p>Santiago ist in Kolumbien geboren und zweisprachig aufgewachsen. In Bogot\u00e1 hat er die deutsche Schule besucht, bevor es ihn nach dem Abitur nach Karlsruhe zog. Zuhause kocht er gerne vegan, spielt Klavier oder liest historische Romane. Im Sommer zieht es Santiago zum Surfen an die Atlantik-K\u00fcste.[\/vc_column_text][\/vc_column][\/vc_row][vc_row full_width=&#8220;stretch_row&#8220; type=&#8220;vc_default&#8220; css=&#8220;.vc_custom_1637947592764{padding-bottom: 1em !important;}&#8220;][vc_column]<div id=\"ultimate-heading-478269e649834e22b\" class=\"uvc-heading ult-adjust-bottom-margin ultimate-heading-478269e649834e22b uvc-449 \" data-hspacer=\"no_spacer\"  data-halign=\"left\" style=\"text-align:left\"><div class=\"uvc-heading-spacer no_spacer\" style=\"top\"><\/div><div class=\"uvc-main-heading ult-responsive\"  data-ultimate-target='.uvc-heading.ultimate-heading-478269e649834e22b h3'  data-responsive-json-new='{\"font-size\":\"desktop:22px;tablet:22px;tablet_portrait:22px;mobile_landscape:18px;mobile:18px;\",\"line-height\":\"desktop:28px;\"}' ><h3 style=\"font-weight:bold;color:#199dbb;margin-bottom:1em;\">Qualifikation<\/h3><\/div><\/div>[vc_column_text]<\/p>\n<ul>\n<li>Studium des Chemieingenieurwesens, M. Sc.<br \/>\n<i>Karlsruher Institut f\u00fcr Technologie<\/i><\/li>\n<\/ul>\n<p>[\/vc_column_text][\/vc_column][\/vc_row][vc_row full_width=&#8220;stretch_row&#8220; type=&#8220;vc_default&#8220; css=&#8220;.vc_custom_1637947584983{padding-bottom: 1em !important;}&#8220;][vc_column]<div id=\"ultimate-heading-459269e649834e392\" class=\"uvc-heading ult-adjust-bottom-margin ultimate-heading-459269e649834e392 uvc-9554 \" data-hspacer=\"no_spacer\"  data-halign=\"left\" style=\"text-align:left\"><div class=\"uvc-heading-spacer no_spacer\" style=\"top\"><\/div><div class=\"uvc-main-heading ult-responsive\"  data-ultimate-target='.uvc-heading.ultimate-heading-459269e649834e392 h3'  data-responsive-json-new='{\"font-size\":\"desktop:22px;tablet:22px;tablet_portrait:22px;mobile_landscape:18px;mobile:18px;\",\"line-height\":\"desktop:28px;\"}' ><h3 style=\"font-weight:bold;color:#199dbb;margin-bottom:1em;\">Berufserfahrung<\/h3><\/div><\/div>[vc_column_text]<\/p>\n<ul>\n<li>Senior Consultant<br \/>\n<i>Dudziak &amp; Network GmbH<\/i><\/li>\n<li>Consultant<br \/>\n<i>io-consultants GmbH &amp; Co. KG<\/i><\/li>\n<\/ul>\n<p>[\/vc_column_text][\/vc_column][\/vc_row]<\/p>\n<\/div>","protected":false},"excerpt":{"rendered":"<p>[vc_row full_width=&#8220;stretch_row&#8220; type=&#8220;vc_default&#8220; css=&#8220;.vc_custom_1724167738448{padding-bottom: 4vmin !important;}&#8220;][vc_column css=&#8220;.vc_custom_1724167744127{margin-bottom: -3.5em !important;}&#8220;][vc_empty_space height=&#8220;10px&#8220;][\/vc_column][\/vc_row][vc_row full_width=&#8220;stretch_row&#8220; gap=&#8220;30&#8243; content_placement=&#8220;top&#8220; bg_type=&#8220;bg_color&#8220; type=&#8220;vc_default&#8220; margin_top=&#8220;55&#8243; margin_bottom=&#8220;5&#8243; css=&#8220;.vc_custom_1638095507397{margin-top: -1em !important;margin-bottom: -3em !important;}&#8220;][vc_column width=&#8220;1\/3&#8243;][vc_row_inner equal_height=&#8220;yes&#8220; css=&#8220;.vc_custom_1637948584493{margin-bottom: -3em !important;}&#8220;][vc_column_inner css=&#8220;.vc_custom_1638095497891{margin-right: 1em !important;margin-bottom: 3em !important;}&#8220;][vc_single_image image=&#8220;432&#8243; img_size=&#8220;full&#8220; style=&#8220;vc_box_rounded&#8220; css=&#8220;.vc_custom_1739190279814{padding-top: 6px !important;}&#8220; lazy_loading=&#8220;true&#8220;][\/vc_column_inner][\/vc_row_inner][\/vc_column][vc_column width=&#8220;2\/3&#8243; css=&#8220;.vc_custom_1602858046274{margin-top: 0px !important;}&#8220;][vc_column_text css=&#8220;.vc_custom_1684339121154{margin-top: .4em !important;}&#8220;]Als Generalist deckt Santiago eine Vielzahl von Themenfeldern ab: Projektmanagement,&hellip;<\/p>\n","protected":false},"author":1,"featured_media":0,"parent":0,"menu_order":0,"comment_status":"closed","ping_status":"closed","template":"","meta":{"footnotes":""},"class_list":["post-44","page","type-page","status-publish","hentry","description-off"],"yoast_head":"<!-- This site is optimized with the Yoast SEO plugin v26.8 - https:\/\/yoast.com\/product\/yoast-seo-wordpress\/ -->\n<title>Santiago Gomez Obhof - Dudziak &amp; Network<\/title>\n<meta name=\"robots\" content=\"index, follow, max-snippet:-1, max-image-preview:large, max-video-preview:-1\" \/>\n<link rel=\"canonical\" href=\"https:\/\/dudziaknetwork.com\/de\/santiago-gomez-obhof\/\" \/>\n<meta property=\"og:locale\" content=\"de_DE\" \/>\n<meta property=\"og:type\" content=\"article\" \/>\n<meta property=\"og:title\" content=\"Santiago Gomez Obhof - Dudziak &amp; Network\" \/>\n<meta property=\"og:description\" content=\"[vc_row full_width=&#8220;stretch_row&#8220; type=&#8220;vc_default&#8220; css=&#8220;.vc_custom_1724167738448{padding-bottom: 4vmin !important;}&#8220;][vc_column css=&#8220;.vc_custom_1724167744127{margin-bottom: -3.5em !important;}&#8220;][vc_empty_space height=&#8220;10px&#8220;][\/vc_column][\/vc_row][vc_row full_width=&#8220;stretch_row&#8220; gap=&#8220;30&#8243; content_placement=&#8220;top&#8220; bg_type=&#8220;bg_color&#8220; type=&#8220;vc_default&#8220; margin_top=&#8220;55&#8243; margin_bottom=&#8220;5&#8243; css=&#8220;.vc_custom_1638095507397{margin-top: -1em !important;margin-bottom: -3em !important;}&#8220;][vc_column width=&#8220;1\/3&#8243;][vc_row_inner equal_height=&#8220;yes&#8220; css=&#8220;.vc_custom_1637948584493{margin-bottom: -3em !important;}&#8220;][vc_column_inner css=&#8220;.vc_custom_1638095497891{margin-right: 1em !important;margin-bottom: 3em !important;}&#8220;][vc_single_image image=&#8220;432&#8243; img_size=&#8220;full&#8220; style=&#8220;vc_box_rounded&#8220; css=&#8220;.vc_custom_1739190279814{padding-top: 6px !important;}&#8220; lazy_loading=&#8220;true&#8220;][\/vc_column_inner][\/vc_row_inner][\/vc_column][vc_column width=&#8220;2\/3&#8243; css=&#8220;.vc_custom_1602858046274{margin-top: 0px !important;}&#8220;][vc_column_text css=&#8220;.vc_custom_1684339121154{margin-top: .4em !important;}&#8220;]Als Generalist deckt Santiago eine Vielzahl von Themenfeldern ab: Projektmanagement,&hellip;\" \/>\n<meta property=\"og:url\" content=\"https:\/\/dudziaknetwork.com\/de\/santiago-gomez-obhof\/\" \/>\n<meta property=\"og:site_name\" content=\"Dudziak &amp; Network\" \/>\n<meta property=\"article:modified_time\" content=\"2025-08-15T13:36:54+00:00\" \/>\n<meta name=\"twitter:card\" content=\"summary_large_image\" \/>\n<meta name=\"twitter:label1\" content=\"Gesch\u00e4tzte Lesezeit\" \/>\n\t<meta name=\"twitter:data1\" content=\"2\u00a0Minuten\" \/>\n<script type=\"application\/ld+json\" class=\"yoast-schema-graph\">{\"@context\":\"https:\/\/schema.org\",\"@graph\":[{\"@type\":\"WebPage\",\"@id\":\"https:\/\/dudziaknetwork.com\/de\/santiago-gomez-obhof\/\",\"url\":\"https:\/\/dudziaknetwork.com\/de\/santiago-gomez-obhof\/\",\"name\":\"Santiago Gomez Obhof - Dudziak &amp; Network\",\"isPartOf\":{\"@id\":\"https:\/\/dudziaknetwork.com\/#website\"},\"datePublished\":\"2024-08-14T12:42:44+00:00\",\"dateModified\":\"2025-08-15T13:36:54+00:00\",\"breadcrumb\":{\"@id\":\"https:\/\/dudziaknetwork.com\/de\/santiago-gomez-obhof\/#breadcrumb\"},\"inLanguage\":\"de\",\"potentialAction\":[{\"@type\":\"ReadAction\",\"target\":[\"https:\/\/dudziaknetwork.com\/de\/santiago-gomez-obhof\/\"]}]},{\"@type\":\"BreadcrumbList\",\"@id\":\"https:\/\/dudziaknetwork.com\/de\/santiago-gomez-obhof\/#breadcrumb\",\"itemListElement\":[{\"@type\":\"ListItem\",\"position\":1,\"name\":\"Startseite\",\"item\":\"https:\/\/dudziaknetwork.com\/de\/\"},{\"@type\":\"ListItem\",\"position\":2,\"name\":\"Santiago Gomez Obhof\"}]},{\"@type\":\"WebSite\",\"@id\":\"https:\/\/dudziaknetwork.com\/#website\",\"url\":\"https:\/\/dudziaknetwork.com\/\",\"name\":\"Dudziak &amp; Network\",\"description\":\"Manufacturing Consulting\",\"potentialAction\":[{\"@type\":\"SearchAction\",\"target\":{\"@type\":\"EntryPoint\",\"urlTemplate\":\"https:\/\/dudziaknetwork.com\/?s={search_term_string}\"},\"query-input\":{\"@type\":\"PropertyValueSpecification\",\"valueRequired\":true,\"valueName\":\"search_term_string\"}}],\"inLanguage\":\"de\"}]}<\/script>\n<!-- \/ Yoast SEO plugin. -->","yoast_head_json":{"title":"Santiago Gomez Obhof - Dudziak &amp; Network","robots":{"index":"index","follow":"follow","max-snippet":"max-snippet:-1","max-image-preview":"max-image-preview:large","max-video-preview":"max-video-preview:-1"},"canonical":"https:\/\/dudziaknetwork.com\/de\/santiago-gomez-obhof\/","og_locale":"de_DE","og_type":"article","og_title":"Santiago Gomez Obhof - Dudziak &amp; Network","og_description":"[vc_row full_width=&#8220;stretch_row&#8220; type=&#8220;vc_default&#8220; css=&#8220;.vc_custom_1724167738448{padding-bottom: 4vmin !important;}&#8220;][vc_column css=&#8220;.vc_custom_1724167744127{margin-bottom: -3.5em !important;}&#8220;][vc_empty_space height=&#8220;10px&#8220;][\/vc_column][\/vc_row][vc_row full_width=&#8220;stretch_row&#8220; gap=&#8220;30&#8243; content_placement=&#8220;top&#8220; bg_type=&#8220;bg_color&#8220; type=&#8220;vc_default&#8220; margin_top=&#8220;55&#8243; margin_bottom=&#8220;5&#8243; css=&#8220;.vc_custom_1638095507397{margin-top: -1em !important;margin-bottom: -3em !important;}&#8220;][vc_column width=&#8220;1\/3&#8243;][vc_row_inner equal_height=&#8220;yes&#8220; css=&#8220;.vc_custom_1637948584493{margin-bottom: -3em !important;}&#8220;][vc_column_inner css=&#8220;.vc_custom_1638095497891{margin-right: 1em !important;margin-bottom: 3em !important;}&#8220;][vc_single_image image=&#8220;432&#8243; img_size=&#8220;full&#8220; style=&#8220;vc_box_rounded&#8220; css=&#8220;.vc_custom_1739190279814{padding-top: 6px !important;}&#8220; lazy_loading=&#8220;true&#8220;][\/vc_column_inner][\/vc_row_inner][\/vc_column][vc_column width=&#8220;2\/3&#8243; css=&#8220;.vc_custom_1602858046274{margin-top: 0px !important;}&#8220;][vc_column_text css=&#8220;.vc_custom_1684339121154{margin-top: .4em !important;}&#8220;]Als Generalist deckt Santiago eine Vielzahl von Themenfeldern ab: Projektmanagement,&hellip;","og_url":"https:\/\/dudziaknetwork.com\/de\/santiago-gomez-obhof\/","og_site_name":"Dudziak &amp; Network","article_modified_time":"2025-08-15T13:36:54+00:00","twitter_card":"summary_large_image","twitter_misc":{"Gesch\u00e4tzte Lesezeit":"2\u00a0Minuten"},"schema":{"@context":"https:\/\/schema.org","@graph":[{"@type":"WebPage","@id":"https:\/\/dudziaknetwork.com\/de\/santiago-gomez-obhof\/","url":"https:\/\/dudziaknetwork.com\/de\/santiago-gomez-obhof\/","name":"Santiago Gomez Obhof - Dudziak &amp; Network","isPartOf":{"@id":"https:\/\/dudziaknetwork.com\/#website"},"datePublished":"2024-08-14T12:42:44+00:00","dateModified":"2025-08-15T13:36:54+00:00","breadcrumb":{"@id":"https:\/\/dudziaknetwork.com\/de\/santiago-gomez-obhof\/#breadcrumb"},"inLanguage":"de","potentialAction":[{"@type":"ReadAction","target":["https:\/\/dudziaknetwork.com\/de\/santiago-gomez-obhof\/"]}]},{"@type":"BreadcrumbList","@id":"https:\/\/dudziaknetwork.com\/de\/santiago-gomez-obhof\/#breadcrumb","itemListElement":[{"@type":"ListItem","position":1,"name":"Startseite","item":"https:\/\/dudziaknetwork.com\/de\/"},{"@type":"ListItem","position":2,"name":"Santiago Gomez Obhof"}]},{"@type":"WebSite","@id":"https:\/\/dudziaknetwork.com\/#website","url":"https:\/\/dudziaknetwork.com\/","name":"Dudziak &amp; Network","description":"Manufacturing Consulting","potentialAction":[{"@type":"SearchAction","target":{"@type":"EntryPoint","urlTemplate":"https:\/\/dudziaknetwork.com\/?s={search_term_string}"},"query-input":{"@type":"PropertyValueSpecification","valueRequired":true,"valueName":"search_term_string"}}],"inLanguage":"de"}]}},"_links":{"self":[{"href":"https:\/\/dudziaknetwork.com\/de\/wp-json\/wp\/v2\/pages\/44","targetHints":{"allow":["GET"]}}],"collection":[{"href":"https:\/\/dudziaknetwork.com\/de\/wp-json\/wp\/v2\/pages"}],"about":[{"href":"https:\/\/dudziaknetwork.com\/de\/wp-json\/wp\/v2\/types\/page"}],"author":[{"embeddable":true,"href":"https:\/\/dudziaknetwork.com\/de\/wp-json\/wp\/v2\/users\/1"}],"replies":[{"embeddable":true,"href":"https:\/\/dudziaknetwork.com\/de\/wp-json\/wp\/v2\/comments?post=44"}],"version-history":[{"count":8,"href":"https:\/\/dudziaknetwork.com\/de\/wp-json\/wp\/v2\/pages\/44\/revisions"}],"predecessor-version":[{"id":555,"href":"https:\/\/dudziaknetwork.com\/de\/wp-json\/wp\/v2\/pages\/44\/revisions\/555"}],"wp:attachment":[{"href":"https:\/\/dudziaknetwork.com\/de\/wp-json\/wp\/v2\/media?parent=44"}],"curies":[{"name":"wp","href":"https:\/\/api.w.org\/{rel}","templated":true}]}}