{"id":42,"date":"2024-08-14T14:42:28","date_gmt":"2024-08-14T12:42:28","guid":{"rendered":"http:\/\/dudziaknetwork2024.com\/?page_id=42"},"modified":"2025-08-19T12:22:11","modified_gmt":"2025-08-19T10:22:11","slug":"ref-nordmark-iokp","status":"publish","type":"page","link":"https:\/\/dudziaknetwork.com\/de\/ref-nordmark-iokp\/","title":{"rendered":"Ref Nordmark IOKP DE"},"content":{"rendered":"<div class=\"wpb-content-wrapper\"><p>[vc_row full_width=&#8220;stretch_row&#8220; type=&#8220;vc_default&#8220; css=&#8220;.vc_custom_1724230818887{margin-bottom: -1em !important;padding-bottom: 4vmin !important;}&#8220;][vc_column css=&#8220;.vc_custom_1724230828735{margin-bottom: -3.5em !important;}&#8220;][vc_raw_html css=&#8220;&#8220;]JTNDaDIlMjBzdHlsZSUzRCUyMmZvbnQtc2l6ZSUzQSUyMDIwMCUyNSUzQiUyMGxpbmUtaGVpZ2h0JTNBJTIwMS4yJTNCJTIwY29sb3IlM0ElMjAlMjMxOTlkYmIlMjIlM0UlMEFOb3JkbWFyayUyMFBoYXJtYSUwQSUzQ2JyJTNFJTNDc3BhbiUyMHN0eWxlJTNEJTIyZm9udC13ZWlnaHQlM0ElMjBub3JtYWwlMjIlM0UlMEFJbnZlc3RpdGlvbnMtJTIwdW5kJTIwT3B0aW1pZXJ1bmdza29uemVwdCUyMFByb2R1a3Rpb24lMEElM0MlMkZzcGFuJTNFJTNDJTJGaDIlM0UlMEElM0NiciUzRQ==[\/vc_raw_html][\/vc_column][\/vc_row][vc_row full_width=&#8220;stretch_row&#8220; gap=&#8220;30&#8243; equal_height=&#8220;yes&#8220; content_placement=&#8220;top&#8220; bg_type=&#8220;bg_color&#8220; type=&#8220;vc_default&#8220; margin_top=&#8220;55&#8243; margin_bottom=&#8220;5&#8243; css=&#8220;.vc_custom_1653395360355{margin-bottom: -3em !important;}&#8220;][vc_column width=&#8220;1\/2&#8243; css=&#8220;.vc_custom_1602858046274{margin-top: 0px !important;}&#8220;][vc_column_text css=&#8220;.vc_custom_1653392297951{margin-top: .4em !important;}&#8220;]<\/p>\n<h3>Herausforderung<\/h3>\n<p>Nordmark ben\u00f6tigt auf Basis seines bisherigen und zuk\u00fcnftigen Produktportfolios sowie seiner R&amp;D-Aktivit\u00e4ten Konzepte sowie eine aktualisierte Investitionsstrategie f\u00fcr die kommenden Jahre.[\/vc_column_text][vc_column_text]<\/p>\n<h3>Zielbild<\/h3>\n<p>Abgestimmtes gesamthaftes Investitions- und Optimierungskonzept f\u00fcr die Produktion inklusive Kapazit\u00e4ts- und Kostenmodellen, Meilensteinen, Terminpl\u00e4nen und Investitionen[\/vc_column_text][\/vc_column][vc_column width=&#8220;1\/2&#8243;][vc_row_inner equal_height=&#8220;yes&#8220; css=&#8220;.vc_custom_1637948584493{margin-bottom: -3em !important;}&#8220;][vc_column_inner css=&#8220;.vc_custom_1638114595516{margin-bottom: 3em !important;margin-left: 1em !important;padding-top: 0.6em !important;}&#8220;][vc_single_image image=&#8220;148&#8243; img_size=&#8220;full&#8220; alignment=&#8220;right&#8220; style=&#8220;vc_box_rounded&#8220; css=&#8220;&#8220;][vc_single_image image=&#8220;92&#8243; img_size=&#8220;full&#8220; alignment=&#8220;right&#8220; style=&#8220;vc_box_rounded&#8220; css=&#8220;&#8220;][\/vc_column_inner][\/vc_row_inner][\/vc_column][\/vc_row][vc_row full_width=&#8220;stretch_row&#8220; type=&#8220;vc_default&#8220;][vc_column][vc_column_text css=&#8220;&#8220;]<\/p>\n<h3>Unsere Leistungen<\/h3>\n<ul>\n<li>Grundlagenermittlung f\u00fcr mehrere Produktionen (Klinik bis kommerziell)<br \/>\n<i>Rahmenbedingungen, Bedarfe, Projektzielbild, Projektplan<\/i><\/li>\n<li>Entwicklung individueller Konzepte zur Kapazit\u00e4tserweiterung und Unterst\u00fctzung bei Entscheidungen:<br \/>\n<i>&#8211; Produktionsoptimierung<br \/>\n&#8211; Ausbau im Bestand<br \/>\n&#8211; Neubau<\/i><\/li>\n<li>Modellierung und Optimierung laufender und neuer Produktionen:<br \/>\n<i>Kapazit\u00e4tssteigerung und Herstellkosten-Optimierung<\/i><\/li>\n<li>Concept Designs f\u00fcr neue Produktionen und Produktionserweiterungen<\/li>\n<\/ul>\n<p>[\/vc_column_text][\/vc_column][\/vc_row][vc_row full_width=&#8220;stretch_row&#8220; gap=&#8220;30&#8243; equal_height=&#8220;yes&#8220; content_placement=&#8220;top&#8220; bg_type=&#8220;bg_color&#8220; type=&#8220;vc_default&#8220; margin_top=&#8220;55&#8243; margin_bottom=&#8220;5&#8243; css=&#8220;.vc_custom_1653396129378{margin-top: -1em !important;margin-bottom: 5px !important;}&#8220;][vc_column width=&#8220;1\/2&#8243; css=&#8220;.vc_custom_1602858046274{margin-top: 0px !important;}&#8220;][vc_column_text css=&#8220;.vc_custom_1685698734384{margin-top: .4em !important;}&#8220;]<\/p>\n<h3>J\u00f6rg Clemens, Gesch\u00e4ftsf\u00fchrer &amp; COO<\/h3>\n<p>\u201eIch arbeite seit \u00fcber f\u00fcnf Jahren mit Gregor und seinem Team im Rahmen unterschiedlicher Aufgabenstellungen zusammen.<\/p>\n<p>Neben seiner starken L\u00f6sungsorientierung und seiner ganzheitlichen Herangehensweise sch\u00e4tze ich seine umfassende GMP-Expertise, die den gesamten Lebenszyklus unserer Produkte abdeckt: Von der Prozessentwicklung \u00fcber regulatorische Aspekte bis hin zu Investitionen und Produktionsoptimierung.<\/p>\n<p>Unsere sehr vertrauensvolle Zusammenarbeit geht \u00fcber klassische Beratung hinaus, da Gregor, wenn erforderlich, wie ein Interim-Manager agiert und operative Verantwortung \u00fcbernimmt.\u201c[\/vc_column_text][\/vc_column][vc_column width=&#8220;1\/2&#8243;][vc_row_inner equal_height=&#8220;yes&#8220; css=&#8220;.vc_custom_1637948584493{margin-bottom: -3em !important;}&#8220;][vc_column_inner css=&#8220;.vc_custom_1638114595516{margin-bottom: 3em !important;margin-left: 1em !important;padding-top: 0.6em !important;}&#8220;][vc_single_image image=&#8220;149&#8243; img_size=&#8220;full&#8220; alignment=&#8220;right&#8220; style=&#8220;vc_box_rounded&#8220; css=&#8220;&#8220;][\/vc_column_inner][\/vc_row_inner][\/vc_column][\/vc_row]<\/p>\n<\/div>","protected":false},"excerpt":{"rendered":"<p>[vc_row full_width=&#8220;stretch_row&#8220; type=&#8220;vc_default&#8220; css=&#8220;.vc_custom_1724230818887{margin-bottom: -1em !important;padding-bottom: 4vmin !important;}&#8220;][vc_column css=&#8220;.vc_custom_1724230828735{margin-bottom: -3.5em !important;}&#8220;][vc_raw_html css=&#8220;&#8220;]JTNDaDIlMjBzdHlsZSUzRCUyMmZvbnQtc2l6ZSUzQSUyMDIwMCUyNSUzQiUyMGxpbmUtaGVpZ2h0JTNBJTIwMS4yJTNCJTIwY29sb3IlM0ElMjAlMjMxOTlkYmIlMjIlM0UlMEFOb3JkbWFyayUyMFBoYXJtYSUwQSUzQ2JyJTNFJTNDc3BhbiUyMHN0eWxlJTNEJTIyZm9udC13ZWlnaHQlM0ElMjBub3JtYWwlMjIlM0UlMEFJbnZlc3RpdGlvbnMtJTIwdW5kJTIwT3B0aW1pZXJ1bmdza29uemVwdCUyMFByb2R1a3Rpb24lMEElM0MlMkZzcGFuJTNFJTNDJTJGaDIlM0UlMEElM0NiciUzRQ==[\/vc_raw_html][\/vc_column][\/vc_row][vc_row full_width=&#8220;stretch_row&#8220; gap=&#8220;30&#8243; equal_height=&#8220;yes&#8220; content_placement=&#8220;top&#8220; bg_type=&#8220;bg_color&#8220; type=&#8220;vc_default&#8220; margin_top=&#8220;55&#8243; margin_bottom=&#8220;5&#8243; css=&#8220;.vc_custom_1653395360355{margin-bottom: -3em !important;}&#8220;][vc_column width=&#8220;1\/2&#8243; css=&#8220;.vc_custom_1602858046274{margin-top: 0px !important;}&#8220;][vc_column_text css=&#8220;.vc_custom_1653392297951{margin-top: .4em !important;}&#8220;] Herausforderung Nordmark ben\u00f6tigt auf Basis seines bisherigen und zuk\u00fcnftigen Produktportfolios sowie seiner R&amp;D-Aktivit\u00e4ten Konzepte sowie eine aktualisierte Investitionsstrategie f\u00fcr die kommenden Jahre.[\/vc_column_text][vc_column_text] Zielbild Abgestimmtes gesamthaftes&hellip;<\/p>\n","protected":false},"author":1,"featured_media":0,"parent":0,"menu_order":0,"comment_status":"closed","ping_status":"closed","template":"","meta":{"footnotes":""},"class_list":["post-42","page","type-page","status-publish","hentry","description-off"],"yoast_head":"<!-- This site is optimized with the Yoast SEO plugin v26.8 - https:\/\/yoast.com\/product\/yoast-seo-wordpress\/ -->\n<title>Ref Nordmark IOKP DE - Dudziak &amp; Network<\/title>\n<meta name=\"robots\" content=\"index, follow, max-snippet:-1, max-image-preview:large, max-video-preview:-1\" \/>\n<link rel=\"canonical\" href=\"https:\/\/dudziaknetwork.com\/de\/ref-nordmark-iokp\/\" \/>\n<meta property=\"og:locale\" content=\"de_DE\" \/>\n<meta property=\"og:type\" content=\"article\" \/>\n<meta property=\"og:title\" content=\"Ref Nordmark IOKP DE - Dudziak &amp; Network\" \/>\n<meta property=\"og:description\" content=\"[vc_row full_width=&#8220;stretch_row&#8220; type=&#8220;vc_default&#8220; css=&#8220;.vc_custom_1724230818887{margin-bottom: -1em !important;padding-bottom: 4vmin !important;}&#8220;][vc_column css=&#8220;.vc_custom_1724230828735{margin-bottom: -3.5em !important;}&#8220;][vc_raw_html css=&#8220;&#8220;]JTNDaDIlMjBzdHlsZSUzRCUyMmZvbnQtc2l6ZSUzQSUyMDIwMCUyNSUzQiUyMGxpbmUtaGVpZ2h0JTNBJTIwMS4yJTNCJTIwY29sb3IlM0ElMjAlMjMxOTlkYmIlMjIlM0UlMEFOb3JkbWFyayUyMFBoYXJtYSUwQSUzQ2JyJTNFJTNDc3BhbiUyMHN0eWxlJTNEJTIyZm9udC13ZWlnaHQlM0ElMjBub3JtYWwlMjIlM0UlMEFJbnZlc3RpdGlvbnMtJTIwdW5kJTIwT3B0aW1pZXJ1bmdza29uemVwdCUyMFByb2R1a3Rpb24lMEElM0MlMkZzcGFuJTNFJTNDJTJGaDIlM0UlMEElM0NiciUzRQ==[\/vc_raw_html][\/vc_column][\/vc_row][vc_row full_width=&#8220;stretch_row&#8220; gap=&#8220;30&#8243; equal_height=&#8220;yes&#8220; content_placement=&#8220;top&#8220; bg_type=&#8220;bg_color&#8220; type=&#8220;vc_default&#8220; margin_top=&#8220;55&#8243; margin_bottom=&#8220;5&#8243; css=&#8220;.vc_custom_1653395360355{margin-bottom: -3em !important;}&#8220;][vc_column width=&#8220;1\/2&#8243; css=&#8220;.vc_custom_1602858046274{margin-top: 0px !important;}&#8220;][vc_column_text css=&#8220;.vc_custom_1653392297951{margin-top: .4em !important;}&#8220;] Herausforderung Nordmark ben\u00f6tigt auf Basis seines bisherigen und zuk\u00fcnftigen Produktportfolios sowie seiner R&amp;D-Aktivit\u00e4ten Konzepte sowie eine aktualisierte Investitionsstrategie f\u00fcr die kommenden Jahre.[\/vc_column_text][vc_column_text] Zielbild Abgestimmtes gesamthaftes&hellip;\" \/>\n<meta property=\"og:url\" content=\"https:\/\/dudziaknetwork.com\/de\/ref-nordmark-iokp\/\" \/>\n<meta property=\"og:site_name\" content=\"Dudziak &amp; Network\" \/>\n<meta property=\"article:modified_time\" content=\"2025-08-19T10:22:11+00:00\" \/>\n<meta name=\"twitter:card\" content=\"summary_large_image\" \/>\n<meta name=\"twitter:label1\" content=\"Gesch\u00e4tzte Lesezeit\" \/>\n\t<meta name=\"twitter:data1\" content=\"2\u00a0Minuten\" \/>\n<script type=\"application\/ld+json\" class=\"yoast-schema-graph\">{\"@context\":\"https:\/\/schema.org\",\"@graph\":[{\"@type\":\"WebPage\",\"@id\":\"https:\/\/dudziaknetwork.com\/de\/ref-nordmark-iokp\/\",\"url\":\"https:\/\/dudziaknetwork.com\/de\/ref-nordmark-iokp\/\",\"name\":\"Ref Nordmark IOKP DE - Dudziak &amp; Network\",\"isPartOf\":{\"@id\":\"https:\/\/dudziaknetwork.com\/#website\"},\"datePublished\":\"2024-08-14T12:42:28+00:00\",\"dateModified\":\"2025-08-19T10:22:11+00:00\",\"breadcrumb\":{\"@id\":\"https:\/\/dudziaknetwork.com\/de\/ref-nordmark-iokp\/#breadcrumb\"},\"inLanguage\":\"de\",\"potentialAction\":[{\"@type\":\"ReadAction\",\"target\":[\"https:\/\/dudziaknetwork.com\/de\/ref-nordmark-iokp\/\"]}]},{\"@type\":\"BreadcrumbList\",\"@id\":\"https:\/\/dudziaknetwork.com\/de\/ref-nordmark-iokp\/#breadcrumb\",\"itemListElement\":[{\"@type\":\"ListItem\",\"position\":1,\"name\":\"Startseite\",\"item\":\"https:\/\/dudziaknetwork.com\/de\/\"},{\"@type\":\"ListItem\",\"position\":2,\"name\":\"Ref Nordmark IOKP DE\"}]},{\"@type\":\"WebSite\",\"@id\":\"https:\/\/dudziaknetwork.com\/#website\",\"url\":\"https:\/\/dudziaknetwork.com\/\",\"name\":\"Dudziak &amp; Network\",\"description\":\"Manufacturing Consulting\",\"potentialAction\":[{\"@type\":\"SearchAction\",\"target\":{\"@type\":\"EntryPoint\",\"urlTemplate\":\"https:\/\/dudziaknetwork.com\/?s={search_term_string}\"},\"query-input\":{\"@type\":\"PropertyValueSpecification\",\"valueRequired\":true,\"valueName\":\"search_term_string\"}}],\"inLanguage\":\"de\"}]}<\/script>\n<!-- \/ Yoast SEO plugin. -->","yoast_head_json":{"title":"Ref Nordmark IOKP DE - Dudziak &amp; Network","robots":{"index":"index","follow":"follow","max-snippet":"max-snippet:-1","max-image-preview":"max-image-preview:large","max-video-preview":"max-video-preview:-1"},"canonical":"https:\/\/dudziaknetwork.com\/de\/ref-nordmark-iokp\/","og_locale":"de_DE","og_type":"article","og_title":"Ref Nordmark IOKP DE - Dudziak &amp; Network","og_description":"[vc_row full_width=&#8220;stretch_row&#8220; type=&#8220;vc_default&#8220; css=&#8220;.vc_custom_1724230818887{margin-bottom: -1em !important;padding-bottom: 4vmin !important;}&#8220;][vc_column css=&#8220;.vc_custom_1724230828735{margin-bottom: -3.5em !important;}&#8220;][vc_raw_html css=&#8220;&#8220;]JTNDaDIlMjBzdHlsZSUzRCUyMmZvbnQtc2l6ZSUzQSUyMDIwMCUyNSUzQiUyMGxpbmUtaGVpZ2h0JTNBJTIwMS4yJTNCJTIwY29sb3IlM0ElMjAlMjMxOTlkYmIlMjIlM0UlMEFOb3JkbWFyayUyMFBoYXJtYSUwQSUzQ2JyJTNFJTNDc3BhbiUyMHN0eWxlJTNEJTIyZm9udC13ZWlnaHQlM0ElMjBub3JtYWwlMjIlM0UlMEFJbnZlc3RpdGlvbnMtJTIwdW5kJTIwT3B0aW1pZXJ1bmdza29uemVwdCUyMFByb2R1a3Rpb24lMEElM0MlMkZzcGFuJTNFJTNDJTJGaDIlM0UlMEElM0NiciUzRQ==[\/vc_raw_html][\/vc_column][\/vc_row][vc_row full_width=&#8220;stretch_row&#8220; gap=&#8220;30&#8243; equal_height=&#8220;yes&#8220; content_placement=&#8220;top&#8220; bg_type=&#8220;bg_color&#8220; type=&#8220;vc_default&#8220; margin_top=&#8220;55&#8243; margin_bottom=&#8220;5&#8243; css=&#8220;.vc_custom_1653395360355{margin-bottom: -3em !important;}&#8220;][vc_column width=&#8220;1\/2&#8243; css=&#8220;.vc_custom_1602858046274{margin-top: 0px !important;}&#8220;][vc_column_text css=&#8220;.vc_custom_1653392297951{margin-top: .4em !important;}&#8220;] Herausforderung Nordmark ben\u00f6tigt auf Basis seines bisherigen und zuk\u00fcnftigen Produktportfolios sowie seiner R&amp;D-Aktivit\u00e4ten Konzepte sowie eine aktualisierte Investitionsstrategie f\u00fcr die kommenden Jahre.[\/vc_column_text][vc_column_text] Zielbild Abgestimmtes gesamthaftes&hellip;","og_url":"https:\/\/dudziaknetwork.com\/de\/ref-nordmark-iokp\/","og_site_name":"Dudziak &amp; Network","article_modified_time":"2025-08-19T10:22:11+00:00","twitter_card":"summary_large_image","twitter_misc":{"Gesch\u00e4tzte Lesezeit":"2\u00a0Minuten"},"schema":{"@context":"https:\/\/schema.org","@graph":[{"@type":"WebPage","@id":"https:\/\/dudziaknetwork.com\/de\/ref-nordmark-iokp\/","url":"https:\/\/dudziaknetwork.com\/de\/ref-nordmark-iokp\/","name":"Ref Nordmark IOKP DE - Dudziak &amp; Network","isPartOf":{"@id":"https:\/\/dudziaknetwork.com\/#website"},"datePublished":"2024-08-14T12:42:28+00:00","dateModified":"2025-08-19T10:22:11+00:00","breadcrumb":{"@id":"https:\/\/dudziaknetwork.com\/de\/ref-nordmark-iokp\/#breadcrumb"},"inLanguage":"de","potentialAction":[{"@type":"ReadAction","target":["https:\/\/dudziaknetwork.com\/de\/ref-nordmark-iokp\/"]}]},{"@type":"BreadcrumbList","@id":"https:\/\/dudziaknetwork.com\/de\/ref-nordmark-iokp\/#breadcrumb","itemListElement":[{"@type":"ListItem","position":1,"name":"Startseite","item":"https:\/\/dudziaknetwork.com\/de\/"},{"@type":"ListItem","position":2,"name":"Ref Nordmark IOKP DE"}]},{"@type":"WebSite","@id":"https:\/\/dudziaknetwork.com\/#website","url":"https:\/\/dudziaknetwork.com\/","name":"Dudziak &amp; Network","description":"Manufacturing Consulting","potentialAction":[{"@type":"SearchAction","target":{"@type":"EntryPoint","urlTemplate":"https:\/\/dudziaknetwork.com\/?s={search_term_string}"},"query-input":{"@type":"PropertyValueSpecification","valueRequired":true,"valueName":"search_term_string"}}],"inLanguage":"de"}]}},"_links":{"self":[{"href":"https:\/\/dudziaknetwork.com\/de\/wp-json\/wp\/v2\/pages\/42","targetHints":{"allow":["GET"]}}],"collection":[{"href":"https:\/\/dudziaknetwork.com\/de\/wp-json\/wp\/v2\/pages"}],"about":[{"href":"https:\/\/dudziaknetwork.com\/de\/wp-json\/wp\/v2\/types\/page"}],"author":[{"embeddable":true,"href":"https:\/\/dudziaknetwork.com\/de\/wp-json\/wp\/v2\/users\/1"}],"replies":[{"embeddable":true,"href":"https:\/\/dudziaknetwork.com\/de\/wp-json\/wp\/v2\/comments?post=42"}],"version-history":[{"count":8,"href":"https:\/\/dudziaknetwork.com\/de\/wp-json\/wp\/v2\/pages\/42\/revisions"}],"predecessor-version":[{"id":588,"href":"https:\/\/dudziaknetwork.com\/de\/wp-json\/wp\/v2\/pages\/42\/revisions\/588"}],"wp:attachment":[{"href":"https:\/\/dudziaknetwork.com\/de\/wp-json\/wp\/v2\/media?parent=42"}],"curies":[{"name":"wp","href":"https:\/\/api.w.org\/{rel}","templated":true}]}}