{"id":40,"date":"2024-08-14T14:42:08","date_gmt":"2024-08-14T12:42:08","guid":{"rendered":"http:\/\/dudziaknetwork2024.com\/?page_id=40"},"modified":"2025-08-15T18:15:01","modified_gmt":"2025-08-15T16:15:01","slug":"ref-nordmark-bio-api","status":"publish","type":"page","link":"https:\/\/dudziaknetwork.com\/de\/ref-nordmark-bio-api\/","title":{"rendered":"Ref Nordmark BIO-API"},"content":{"rendered":"<div class=\"wpb-content-wrapper\"><p>[vc_row full_width=&#8220;stretch_row&#8220; type=&#8220;vc_default&#8220; css=&#8220;.vc_custom_1724230914771{margin-bottom: -1em !important;padding-bottom: 4vmin !important;}&#8220;][vc_column css=&#8220;.vc_custom_1724230918666{margin-bottom: -3.5em !important;}&#8220;][vc_raw_html css=&#8220;&#8220;]JTNDaDIlMjBzdHlsZSUzRCUyMmZvbnQtc2l6ZSUzQSUyMDIwMCUyNSUzQiUyMGxpbmUtaGVpZ2h0JTNBJTIwMS4yJTNCJTIwY29sb3IlM0ElMjAlMjMxOTlkYmIlMjIlM0UlMEFOb3JkbWFyayUyMFBoYXJtYSUwQSUzQ2JyJTNFJTNDc3BhbiUyMHN0eWxlJTNEJTIyZm9udC13ZWlnaHQlM0ElMjBub3JtYWwlMjIlM0UlMEFLYXBheml0JUMzJUE0dHNlcndlaXRlcnVuZyUyMGJpb2xvZ2lzY2hlJTIwV2lya3N0b2ZmcHJvZHVrdGlvbiUwQSUzQyUyRnNwYW4lM0UlM0MlMkZoMiUzRSUwQSUzQ2JyJTNF[\/vc_raw_html][\/vc_column][\/vc_row][vc_row full_width=&#8220;stretch_row&#8220; gap=&#8220;30&#8243; equal_height=&#8220;yes&#8220; content_placement=&#8220;top&#8220; bg_type=&#8220;bg_color&#8220; type=&#8220;vc_default&#8220; margin_top=&#8220;55&#8243; margin_bottom=&#8220;5&#8243; css=&#8220;.vc_custom_1653395360355{margin-bottom: -3em !important;}&#8220;][vc_column width=&#8220;1\/2&#8243; css=&#8220;.vc_custom_1602858046274{margin-top: 0px !important;}&#8220;][vc_column_text css=&#8220;.vc_custom_1719063771756{margin-top: .4em !important;}&#8220;]<\/p>\n<h3>Herausforderung<\/h3>\n<p>Nordmark muss die Produktionskapazit\u00e4t f\u00fcr einen biologischen Wirkstoff im Rahmen der Markteinf\u00fchrung erh\u00f6hen und dabei die regulatorischen Anforderungen an die Marktproduktion erf\u00fcllen.[\/vc_column_text][vc_column_text css=&#8220;&#8220;]<\/p>\n<h3>Zielbild<\/h3>\n<ul>\n<li>Erweiterung der bestehenden Pilot-Plant f\u00fcr die kommerzielle Produktion<\/li>\n<li>Verdreifachung der Kapazit\u00e4t durch Anbau sowie Ausbau in einem Bestandsgeb\u00e4ude<\/li>\n<li>Optimierung der Herstellkosten<\/li>\n<li>Minimale Unterbrechungen der laufenden Produktion<\/li>\n<\/ul>\n<p>[\/vc_column_text][\/vc_column][vc_column width=&#8220;1\/2&#8243;][vc_row_inner equal_height=&#8220;yes&#8220; css=&#8220;.vc_custom_1637948584493{margin-bottom: -3em !important;}&#8220;][vc_column_inner css=&#8220;.vc_custom_1638114595516{margin-bottom: 3em !important;margin-left: 1em !important;padding-top: 0.6em !important;}&#8220;][vc_single_image image=&#8220;148&#8243; img_size=&#8220;full&#8220; alignment=&#8220;right&#8220; style=&#8220;vc_box_rounded&#8220; css=&#8220;&#8220;][vc_single_image image=&#8220;92&#8243; img_size=&#8220;full&#8220; alignment=&#8220;right&#8220; style=&#8220;vc_box_rounded&#8220; css=&#8220;&#8220;][\/vc_column_inner][\/vc_row_inner][\/vc_column][\/vc_row][vc_row full_width=&#8220;stretch_row&#8220; type=&#8220;vc_default&#8220;][vc_column][vc_column_text css=&#8220;&#8220;]<\/p>\n<h3>Unsere Leistungen<\/h3>\n<ul>\n<li>Concept Design f\u00fcr die Produktionserweiterung, inklusive<br \/>\n<i>&#8211; Integration von Prozesstechnik, Architektur und TGA<br \/>\n&#8211; Prozess-Modellierung und Optimierung von Prozessabl\u00e4ufen und Investition<br \/>\n&#8211; R\u00fcck- und Umbaukonzept<\/i><\/li>\n<li>Prozessplanung gemeinsam mit Nordmark (Basic und Detail Design)<\/li>\n<li>Projektleitung w\u00e4hrend der Planungs-, R\u00fcckbau- und Umbauphasen<\/li>\n<\/ul>\n<p>[\/vc_column_text][\/vc_column][\/vc_row][vc_row full_width=&#8220;stretch_row&#8220; gap=&#8220;30&#8243; equal_height=&#8220;yes&#8220; content_placement=&#8220;top&#8220; bg_type=&#8220;bg_color&#8220; type=&#8220;vc_default&#8220; margin_top=&#8220;55&#8243; margin_bottom=&#8220;5&#8243; css=&#8220;.vc_custom_1653396129378{margin-top: -1em !important;margin-bottom: 5px !important;}&#8220;][vc_column css=&#8220;.vc_custom_1602858046274{margin-top: 0px !important;}&#8220;][vc_column_text css=&#8220;.vc_custom_1727942913887{margin-top: .4em !important;}&#8220;]<\/p>\n<h3>Dr. Silke H\u00fcttler, Leiterin Biologische Wirkstoffproduktion<\/h3>\n<p>\u201eDas Team von D&amp;N hat uns in diesem Projekt von der Konzeptphase an begleitet. Dank ihrer planerischen Erfahrung und GMP-Expertise konnten wir eine kosteneffiziente Ausbaul\u00f6sung im Bestand entwickeln.<\/p>\n<p>F\u00fcr den \u00dcbergang von der Klinikmuster-Herstellung zur kommerziellen Produktion haben wir gemeinsam Prozessabl\u00e4ufe und Produktionspl\u00e4ne modelliert und optimiert. Hier hat D&amp;N hilfreiche Methodenkompetenz eingebracht. D&amp;N hat gemeinsam mit uns auch in schwierigen Projektphasen \u2013 etwa beim R\u00fcckbau im Bestand \u2013 immer wieder gute L\u00f6sungen gefunden und das Projekt vorangetrieben.<\/p>\n<p>Wir freuen uns auf die weitere Zusammenarbeit in diesem und weiteren Projekten.\u201c[\/vc_column_text][\/vc_column][\/vc_row]<\/p>\n<\/div>","protected":false},"excerpt":{"rendered":"<p>[vc_row full_width=&#8220;stretch_row&#8220; type=&#8220;vc_default&#8220; css=&#8220;.vc_custom_1724230914771{margin-bottom: -1em !important;padding-bottom: 4vmin !important;}&#8220;][vc_column css=&#8220;.vc_custom_1724230918666{margin-bottom: -3.5em !important;}&#8220;][vc_raw_html css=&#8220;&#8220;]JTNDaDIlMjBzdHlsZSUzRCUyMmZvbnQtc2l6ZSUzQSUyMDIwMCUyNSUzQiUyMGxpbmUtaGVpZ2h0JTNBJTIwMS4yJTNCJTIwY29sb3IlM0ElMjAlMjMxOTlkYmIlMjIlM0UlMEFOb3JkbWFyayUyMFBoYXJtYSUwQSUzQ2JyJTNFJTNDc3BhbiUyMHN0eWxlJTNEJTIyZm9udC13ZWlnaHQlM0ElMjBub3JtYWwlMjIlM0UlMEFLYXBheml0JUMzJUE0dHNlcndlaXRlcnVuZyUyMGJpb2xvZ2lzY2hlJTIwV2lya3N0b2ZmcHJvZHVrdGlvbiUwQSUzQyUyRnNwYW4lM0UlM0MlMkZoMiUzRSUwQSUzQ2JyJTNF[\/vc_raw_html][\/vc_column][\/vc_row][vc_row full_width=&#8220;stretch_row&#8220; gap=&#8220;30&#8243; equal_height=&#8220;yes&#8220; content_placement=&#8220;top&#8220; bg_type=&#8220;bg_color&#8220; type=&#8220;vc_default&#8220; margin_top=&#8220;55&#8243; margin_bottom=&#8220;5&#8243; css=&#8220;.vc_custom_1653395360355{margin-bottom: -3em !important;}&#8220;][vc_column width=&#8220;1\/2&#8243; css=&#8220;.vc_custom_1602858046274{margin-top: 0px !important;}&#8220;][vc_column_text css=&#8220;.vc_custom_1719063771756{margin-top: .4em !important;}&#8220;] Herausforderung Nordmark muss die Produktionskapazit\u00e4t f\u00fcr einen biologischen Wirkstoff im Rahmen der Markteinf\u00fchrung erh\u00f6hen und dabei die regulatorischen Anforderungen an die Marktproduktion erf\u00fcllen.[\/vc_column_text][vc_column_text css=&#8220;&#8220;] Zielbild&hellip;<\/p>\n","protected":false},"author":1,"featured_media":0,"parent":0,"menu_order":0,"comment_status":"closed","ping_status":"closed","template":"","meta":{"footnotes":""},"class_list":["post-40","page","type-page","status-publish","hentry","description-off"],"yoast_head":"<!-- This site is optimized with the Yoast SEO plugin v26.8 - https:\/\/yoast.com\/product\/yoast-seo-wordpress\/ -->\n<title>Ref Nordmark BIO-API - Dudziak &amp; Network<\/title>\n<meta name=\"robots\" content=\"index, follow, max-snippet:-1, max-image-preview:large, max-video-preview:-1\" \/>\n<link rel=\"canonical\" href=\"https:\/\/dudziaknetwork.com\/de\/ref-nordmark-bio-api\/\" \/>\n<meta property=\"og:locale\" content=\"de_DE\" \/>\n<meta property=\"og:type\" content=\"article\" \/>\n<meta property=\"og:title\" content=\"Ref Nordmark BIO-API - Dudziak &amp; Network\" \/>\n<meta property=\"og:description\" content=\"[vc_row full_width=&#8220;stretch_row&#8220; type=&#8220;vc_default&#8220; css=&#8220;.vc_custom_1724230914771{margin-bottom: -1em !important;padding-bottom: 4vmin !important;}&#8220;][vc_column css=&#8220;.vc_custom_1724230918666{margin-bottom: -3.5em !important;}&#8220;][vc_raw_html css=&#8220;&#8220;]JTNDaDIlMjBzdHlsZSUzRCUyMmZvbnQtc2l6ZSUzQSUyMDIwMCUyNSUzQiUyMGxpbmUtaGVpZ2h0JTNBJTIwMS4yJTNCJTIwY29sb3IlM0ElMjAlMjMxOTlkYmIlMjIlM0UlMEFOb3JkbWFyayUyMFBoYXJtYSUwQSUzQ2JyJTNFJTNDc3BhbiUyMHN0eWxlJTNEJTIyZm9udC13ZWlnaHQlM0ElMjBub3JtYWwlMjIlM0UlMEFLYXBheml0JUMzJUE0dHNlcndlaXRlcnVuZyUyMGJpb2xvZ2lzY2hlJTIwV2lya3N0b2ZmcHJvZHVrdGlvbiUwQSUzQyUyRnNwYW4lM0UlM0MlMkZoMiUzRSUwQSUzQ2JyJTNF[\/vc_raw_html][\/vc_column][\/vc_row][vc_row full_width=&#8220;stretch_row&#8220; gap=&#8220;30&#8243; equal_height=&#8220;yes&#8220; content_placement=&#8220;top&#8220; bg_type=&#8220;bg_color&#8220; type=&#8220;vc_default&#8220; margin_top=&#8220;55&#8243; margin_bottom=&#8220;5&#8243; css=&#8220;.vc_custom_1653395360355{margin-bottom: -3em !important;}&#8220;][vc_column width=&#8220;1\/2&#8243; css=&#8220;.vc_custom_1602858046274{margin-top: 0px !important;}&#8220;][vc_column_text css=&#8220;.vc_custom_1719063771756{margin-top: .4em !important;}&#8220;] Herausforderung Nordmark muss die Produktionskapazit\u00e4t f\u00fcr einen biologischen Wirkstoff im Rahmen der Markteinf\u00fchrung erh\u00f6hen und dabei die regulatorischen Anforderungen an die Marktproduktion erf\u00fcllen.[\/vc_column_text][vc_column_text css=&#8220;&#8220;] Zielbild&hellip;\" \/>\n<meta property=\"og:url\" content=\"https:\/\/dudziaknetwork.com\/de\/ref-nordmark-bio-api\/\" \/>\n<meta property=\"og:site_name\" content=\"Dudziak &amp; Network\" \/>\n<meta property=\"article:modified_time\" content=\"2025-08-15T16:15:01+00:00\" \/>\n<meta name=\"twitter:card\" content=\"summary_large_image\" \/>\n<meta name=\"twitter:label1\" content=\"Gesch\u00e4tzte Lesezeit\" \/>\n\t<meta name=\"twitter:data1\" content=\"2\u00a0Minuten\" \/>\n<script type=\"application\/ld+json\" class=\"yoast-schema-graph\">{\"@context\":\"https:\/\/schema.org\",\"@graph\":[{\"@type\":\"WebPage\",\"@id\":\"https:\/\/dudziaknetwork.com\/de\/ref-nordmark-bio-api\/\",\"url\":\"https:\/\/dudziaknetwork.com\/de\/ref-nordmark-bio-api\/\",\"name\":\"Ref Nordmark BIO-API - Dudziak &amp; Network\",\"isPartOf\":{\"@id\":\"https:\/\/dudziaknetwork.com\/#website\"},\"datePublished\":\"2024-08-14T12:42:08+00:00\",\"dateModified\":\"2025-08-15T16:15:01+00:00\",\"breadcrumb\":{\"@id\":\"https:\/\/dudziaknetwork.com\/de\/ref-nordmark-bio-api\/#breadcrumb\"},\"inLanguage\":\"de\",\"potentialAction\":[{\"@type\":\"ReadAction\",\"target\":[\"https:\/\/dudziaknetwork.com\/de\/ref-nordmark-bio-api\/\"]}]},{\"@type\":\"BreadcrumbList\",\"@id\":\"https:\/\/dudziaknetwork.com\/de\/ref-nordmark-bio-api\/#breadcrumb\",\"itemListElement\":[{\"@type\":\"ListItem\",\"position\":1,\"name\":\"Startseite\",\"item\":\"https:\/\/dudziaknetwork.com\/de\/\"},{\"@type\":\"ListItem\",\"position\":2,\"name\":\"Ref Nordmark BIO-API\"}]},{\"@type\":\"WebSite\",\"@id\":\"https:\/\/dudziaknetwork.com\/#website\",\"url\":\"https:\/\/dudziaknetwork.com\/\",\"name\":\"Dudziak &amp; Network\",\"description\":\"Manufacturing Consulting\",\"potentialAction\":[{\"@type\":\"SearchAction\",\"target\":{\"@type\":\"EntryPoint\",\"urlTemplate\":\"https:\/\/dudziaknetwork.com\/?s={search_term_string}\"},\"query-input\":{\"@type\":\"PropertyValueSpecification\",\"valueRequired\":true,\"valueName\":\"search_term_string\"}}],\"inLanguage\":\"de\"}]}<\/script>\n<!-- \/ Yoast SEO plugin. -->","yoast_head_json":{"title":"Ref Nordmark BIO-API - Dudziak &amp; Network","robots":{"index":"index","follow":"follow","max-snippet":"max-snippet:-1","max-image-preview":"max-image-preview:large","max-video-preview":"max-video-preview:-1"},"canonical":"https:\/\/dudziaknetwork.com\/de\/ref-nordmark-bio-api\/","og_locale":"de_DE","og_type":"article","og_title":"Ref Nordmark BIO-API - Dudziak &amp; Network","og_description":"[vc_row full_width=&#8220;stretch_row&#8220; type=&#8220;vc_default&#8220; css=&#8220;.vc_custom_1724230914771{margin-bottom: -1em !important;padding-bottom: 4vmin !important;}&#8220;][vc_column css=&#8220;.vc_custom_1724230918666{margin-bottom: -3.5em !important;}&#8220;][vc_raw_html css=&#8220;&#8220;]JTNDaDIlMjBzdHlsZSUzRCUyMmZvbnQtc2l6ZSUzQSUyMDIwMCUyNSUzQiUyMGxpbmUtaGVpZ2h0JTNBJTIwMS4yJTNCJTIwY29sb3IlM0ElMjAlMjMxOTlkYmIlMjIlM0UlMEFOb3JkbWFyayUyMFBoYXJtYSUwQSUzQ2JyJTNFJTNDc3BhbiUyMHN0eWxlJTNEJTIyZm9udC13ZWlnaHQlM0ElMjBub3JtYWwlMjIlM0UlMEFLYXBheml0JUMzJUE0dHNlcndlaXRlcnVuZyUyMGJpb2xvZ2lzY2hlJTIwV2lya3N0b2ZmcHJvZHVrdGlvbiUwQSUzQyUyRnNwYW4lM0UlM0MlMkZoMiUzRSUwQSUzQ2JyJTNF[\/vc_raw_html][\/vc_column][\/vc_row][vc_row full_width=&#8220;stretch_row&#8220; gap=&#8220;30&#8243; equal_height=&#8220;yes&#8220; content_placement=&#8220;top&#8220; bg_type=&#8220;bg_color&#8220; type=&#8220;vc_default&#8220; margin_top=&#8220;55&#8243; margin_bottom=&#8220;5&#8243; css=&#8220;.vc_custom_1653395360355{margin-bottom: -3em !important;}&#8220;][vc_column width=&#8220;1\/2&#8243; css=&#8220;.vc_custom_1602858046274{margin-top: 0px !important;}&#8220;][vc_column_text css=&#8220;.vc_custom_1719063771756{margin-top: .4em !important;}&#8220;] Herausforderung Nordmark muss die Produktionskapazit\u00e4t f\u00fcr einen biologischen Wirkstoff im Rahmen der Markteinf\u00fchrung erh\u00f6hen und dabei die regulatorischen Anforderungen an die Marktproduktion erf\u00fcllen.[\/vc_column_text][vc_column_text css=&#8220;&#8220;] Zielbild&hellip;","og_url":"https:\/\/dudziaknetwork.com\/de\/ref-nordmark-bio-api\/","og_site_name":"Dudziak &amp; Network","article_modified_time":"2025-08-15T16:15:01+00:00","twitter_card":"summary_large_image","twitter_misc":{"Gesch\u00e4tzte Lesezeit":"2\u00a0Minuten"},"schema":{"@context":"https:\/\/schema.org","@graph":[{"@type":"WebPage","@id":"https:\/\/dudziaknetwork.com\/de\/ref-nordmark-bio-api\/","url":"https:\/\/dudziaknetwork.com\/de\/ref-nordmark-bio-api\/","name":"Ref Nordmark BIO-API - Dudziak &amp; Network","isPartOf":{"@id":"https:\/\/dudziaknetwork.com\/#website"},"datePublished":"2024-08-14T12:42:08+00:00","dateModified":"2025-08-15T16:15:01+00:00","breadcrumb":{"@id":"https:\/\/dudziaknetwork.com\/de\/ref-nordmark-bio-api\/#breadcrumb"},"inLanguage":"de","potentialAction":[{"@type":"ReadAction","target":["https:\/\/dudziaknetwork.com\/de\/ref-nordmark-bio-api\/"]}]},{"@type":"BreadcrumbList","@id":"https:\/\/dudziaknetwork.com\/de\/ref-nordmark-bio-api\/#breadcrumb","itemListElement":[{"@type":"ListItem","position":1,"name":"Startseite","item":"https:\/\/dudziaknetwork.com\/de\/"},{"@type":"ListItem","position":2,"name":"Ref Nordmark BIO-API"}]},{"@type":"WebSite","@id":"https:\/\/dudziaknetwork.com\/#website","url":"https:\/\/dudziaknetwork.com\/","name":"Dudziak &amp; Network","description":"Manufacturing Consulting","potentialAction":[{"@type":"SearchAction","target":{"@type":"EntryPoint","urlTemplate":"https:\/\/dudziaknetwork.com\/?s={search_term_string}"},"query-input":{"@type":"PropertyValueSpecification","valueRequired":true,"valueName":"search_term_string"}}],"inLanguage":"de"}]}},"_links":{"self":[{"href":"https:\/\/dudziaknetwork.com\/de\/wp-json\/wp\/v2\/pages\/40","targetHints":{"allow":["GET"]}}],"collection":[{"href":"https:\/\/dudziaknetwork.com\/de\/wp-json\/wp\/v2\/pages"}],"about":[{"href":"https:\/\/dudziaknetwork.com\/de\/wp-json\/wp\/v2\/types\/page"}],"author":[{"embeddable":true,"href":"https:\/\/dudziaknetwork.com\/de\/wp-json\/wp\/v2\/users\/1"}],"replies":[{"embeddable":true,"href":"https:\/\/dudziaknetwork.com\/de\/wp-json\/wp\/v2\/comments?post=40"}],"version-history":[{"count":5,"href":"https:\/\/dudziaknetwork.com\/de\/wp-json\/wp\/v2\/pages\/40\/revisions"}],"predecessor-version":[{"id":573,"href":"https:\/\/dudziaknetwork.com\/de\/wp-json\/wp\/v2\/pages\/40\/revisions\/573"}],"wp:attachment":[{"href":"https:\/\/dudziaknetwork.com\/de\/wp-json\/wp\/v2\/media?parent=40"}],"curies":[{"name":"wp","href":"https:\/\/api.w.org\/{rel}","templated":true}]}}