{"id":385,"date":"2024-11-24T19:01:57","date_gmt":"2024-11-24T18:01:57","guid":{"rendered":"https:\/\/dudziaknetwork.com\/ref-octapharma-plog\/"},"modified":"2025-08-15T18:16:50","modified_gmt":"2025-08-15T16:16:50","slug":"ref-octapharma-plog","status":"publish","type":"page","link":"https:\/\/dudziaknetwork.com\/de\/ref-octapharma-plog\/","title":{"rendered":"Ref Octapharma PLOG"},"content":{"rendered":"<div class=\"wpb-content-wrapper\"><p>[vc_row full_width=&#8220;stretch_row&#8220; type=&#8220;vc_default&#8220; css=&#8220;.vc_custom_1724230818887{margin-bottom: -1em !important;padding-bottom: 4vmin !important;}&#8220;][vc_column css=&#8220;.vc_custom_1724230828735{margin-bottom: -3.5em !important;}&#8220;][vc_raw_html css=&#8220;&#8220;]JTNDaDIlMjBzdHlsZSUzRCUyMmZvbnQtc2l6ZSUzQSUyMDIwMCUyNSUzQiUyMGxpbmUtaGVpZ2h0JTNBJTIwMS4yJTNCJTIwY29sb3IlM0ElMjAlMjMxOTlkYmIlMjIlM0UlMEFPY3RhcGhhcm1hJTBBJTNDYnIlM0UlM0NzcGFuJTIwc3R5bGUlM0QlMjJmb250LXdlaWdodCUzQSUyMG5vcm1hbCUyMiUzRSUwQU1hdGVyaWFsZmx1c3NhbmFseXNlJTIwdW5kJTIwRXJ3ZWl0ZXJ1bmdza29uemVwdCUwQSUzQyUyRnNwYW4lM0UlM0MlMkZoMiUzRSUwQSUzQ2JyJTNF[\/vc_raw_html][\/vc_column][\/vc_row][vc_row full_width=&#8220;stretch_row&#8220; gap=&#8220;30&#8243; equal_height=&#8220;yes&#8220; content_placement=&#8220;top&#8220; bg_type=&#8220;bg_color&#8220; type=&#8220;vc_default&#8220; margin_top=&#8220;55&#8243; margin_bottom=&#8220;5&#8243; css=&#8220;.vc_custom_1653395360355{margin-bottom: -3em !important;}&#8220;][vc_column width=&#8220;1\/2&#8243; css=&#8220;.vc_custom_1602858046274{margin-top: 0px !important;}&#8220;][vc_column_text css=&#8220;.vc_custom_1732472334485{margin-top: .4em !important;}&#8220;]<\/p>\n<h3>Projekt<\/h3>\n<p>Octapharma plant, die Produktionskapazit\u00e4ten am Standort Wien zu erh\u00f6hen. Daf\u00fcr sollen Logistik- und Produktionsfl\u00e4chen bei laufender Produktion erweitert werden.<br \/>\nD&amp;N unterst\u00fctzte Octapharma bei der Entwicklung des Umbaukonzepts.<\/p>\n<h3>Unsere Leistungen<\/h3>\n<ul>\n<li>Logistik<br \/>\n<em>\u2013 <\/em>Materialflussanalyse der Produktionslogistik und anschlie\u00dfende Optimierung<br \/>\n\u2013 Automatisierungskonzept<\/li>\n<li>Umbauplanung<br \/>\n<em>gemeinsam mit Octapharma und Fachplanern f\u00fcr Architektur und TGA<\/em><br \/>\n<em>\u2013 <\/em>Neues Layout mit optimierten Personal- und Materialfl\u00fcssen<br \/>\n\u2013 Mehrstufiges Umbaukonzept<br \/>\n\u2013 Verifizierung eines automatisierten Plasmapooling-Konzeptes<\/li>\n<li>Projektmanagement<br \/>\n<em>\u2013 <\/em>Terminplanung und Kostenermittlung<br \/>\n\u2013 Koordination aller Fachplaner<br \/>\n\u2013 Projektorganisation und -dokumentation<\/li>\n<\/ul>\n<p>[\/vc_column_text][\/vc_column][vc_column width=&#8220;1\/2&#8243;][vc_row_inner equal_height=&#8220;yes&#8220; css=&#8220;.vc_custom_1637948584493{margin-bottom: -3em !important;}&#8220;][vc_column_inner css=&#8220;.vc_custom_1638114595516{margin-bottom: 3em !important;margin-left: 1em !important;padding-top: 0.6em !important;}&#8220;][vc_single_image image=&#8220;371&#8243; img_size=&#8220;full&#8220; alignment=&#8220;right&#8220; style=&#8220;vc_box_rounded&#8220; css=&#8220;&#8220;][vc_single_image image=&#8220;373&#8243; img_size=&#8220;full&#8220; alignment=&#8220;right&#8220; style=&#8220;vc_box_rounded&#8220; css=&#8220;&#8220;][\/vc_column_inner][\/vc_row_inner][\/vc_column][\/vc_row][vc_row][vc_column][vc_text_separator title=&#8220;&#8220; color=&#8220;white&#8220; style=&#8220;dashed&#8220; css=&#8220;&#8220;][\/vc_column][\/vc_row][vc_row full_width=&#8220;stretch_row&#8220; gap=&#8220;30&#8243; equal_height=&#8220;yes&#8220; content_placement=&#8220;top&#8220; bg_type=&#8220;bg_color&#8220; type=&#8220;vc_default&#8220; margin_top=&#8220;55&#8243; margin_bottom=&#8220;5&#8243; css=&#8220;.vc_custom_1653396129378{margin-top: -1em !important;margin-bottom: 5px !important;}&#8220;][vc_column width=&#8220;1\/2&#8243; css=&#8220;.vc_custom_1602858046274{margin-top: 0px !important;}&#8220;][vc_column_text css=&#8220;.vc_custom_1732623640383{margin-top: .4em !important;}&#8220;]<\/p>\n<h3>Robert Kapp, PMO<br \/>\nOctapharma Pharmazeutika Produktionsges.m.b.H.<\/h3>\n<p>\u201eD&amp;N hat als Newcomer sehr schnell die komplexen Zusammenh\u00e4nge unserer Bestandsproduktion erfasst und sich so in ein Projektteam integriert, das seit Jahren zusammenarbeitet.<\/p>\n<p>Mittels ihrer Logistik- und Produktions-Expertise und dank guter Projektorganisation haben die Berater unsere Projektabl\u00e4ufe und Workshops sehr effizient strukturiert.<\/p>\n<p>D&amp;N schaffte einen gro\u00dfen Mehrwert, indem es das gesamte Team proaktiv einband und Verantwortung \u00fcbernahm \u2013 etwa durch gute Moderation in Terminen und zielgerichtete L\u00f6sungsvorschl\u00e4ge bei der Umbauplanung in der Bestandsproduktion.\u201c[\/vc_column_text][\/vc_column][vc_column width=&#8220;1\/2&#8243;][vc_row_inner equal_height=&#8220;yes&#8220; css=&#8220;.vc_custom_1637948584493{margin-bottom: -3em !important;}&#8220;][vc_column_inner css=&#8220;.vc_custom_1638114595516{margin-bottom: 3em !important;margin-left: 1em !important;padding-top: 0.6em !important;}&#8220;][vc_single_image image=&#8220;375&#8243; img_size=&#8220;full&#8220; alignment=&#8220;right&#8220; style=&#8220;vc_box_rounded&#8220; css=&#8220;&#8220;][\/vc_column_inner][\/vc_row_inner][\/vc_column][\/vc_row]<\/p>\n<\/div>","protected":false},"excerpt":{"rendered":"<p>[vc_row full_width=&#8220;stretch_row&#8220; type=&#8220;vc_default&#8220; css=&#8220;.vc_custom_1724230818887{margin-bottom: -1em !important;padding-bottom: 4vmin !important;}&#8220;][vc_column css=&#8220;.vc_custom_1724230828735{margin-bottom: -3.5em !important;}&#8220;][vc_raw_html css=&#8220;&#8220;]JTNDaDIlMjBzdHlsZSUzRCUyMmZvbnQtc2l6ZSUzQSUyMDIwMCUyNSUzQiUyMGxpbmUtaGVpZ2h0JTNBJTIwMS4yJTNCJTIwY29sb3IlM0ElMjAlMjMxOTlkYmIlMjIlM0UlMEFPY3RhcGhhcm1hJTBBJTNDYnIlM0UlM0NzcGFuJTIwc3R5bGUlM0QlMjJmb250LXdlaWdodCUzQSUyMG5vcm1hbCUyMiUzRSUwQU1hdGVyaWFsZmx1c3NhbmFseXNlJTIwdW5kJTIwRXJ3ZWl0ZXJ1bmdza29uemVwdCUwQSUzQyUyRnNwYW4lM0UlM0MlMkZoMiUzRSUwQSUzQ2JyJTNF[\/vc_raw_html][\/vc_column][\/vc_row][vc_row full_width=&#8220;stretch_row&#8220; gap=&#8220;30&#8243; equal_height=&#8220;yes&#8220; content_placement=&#8220;top&#8220; bg_type=&#8220;bg_color&#8220; type=&#8220;vc_default&#8220; margin_top=&#8220;55&#8243; margin_bottom=&#8220;5&#8243; css=&#8220;.vc_custom_1653395360355{margin-bottom: -3em !important;}&#8220;][vc_column width=&#8220;1\/2&#8243; css=&#8220;.vc_custom_1602858046274{margin-top: 0px !important;}&#8220;][vc_column_text css=&#8220;.vc_custom_1732472334485{margin-top: .4em !important;}&#8220;] Projekt Octapharma plant, die Produktionskapazit\u00e4ten am Standort Wien zu erh\u00f6hen. Daf\u00fcr sollen Logistik- und Produktionsfl\u00e4chen bei laufender Produktion erweitert werden. D&amp;N unterst\u00fctzte Octapharma bei der&hellip;<\/p>\n","protected":false},"author":2,"featured_media":0,"parent":0,"menu_order":0,"comment_status":"closed","ping_status":"closed","template":"","meta":{"footnotes":""},"class_list":["post-385","page","type-page","status-publish","hentry","description-off"],"yoast_head":"<!-- This site is optimized with the Yoast SEO plugin v26.8 - https:\/\/yoast.com\/product\/yoast-seo-wordpress\/ -->\n<title>Ref Octapharma PLOG - Dudziak &amp; Network<\/title>\n<meta name=\"robots\" content=\"index, follow, max-snippet:-1, max-image-preview:large, max-video-preview:-1\" \/>\n<link rel=\"canonical\" href=\"https:\/\/dudziaknetwork.com\/de\/ref-octapharma-plog\/\" \/>\n<meta property=\"og:locale\" content=\"de_DE\" \/>\n<meta property=\"og:type\" content=\"article\" \/>\n<meta property=\"og:title\" content=\"Ref Octapharma PLOG - Dudziak &amp; Network\" \/>\n<meta property=\"og:description\" content=\"[vc_row full_width=&#8220;stretch_row&#8220; type=&#8220;vc_default&#8220; css=&#8220;.vc_custom_1724230818887{margin-bottom: -1em !important;padding-bottom: 4vmin !important;}&#8220;][vc_column css=&#8220;.vc_custom_1724230828735{margin-bottom: -3.5em !important;}&#8220;][vc_raw_html css=&#8220;&#8220;]JTNDaDIlMjBzdHlsZSUzRCUyMmZvbnQtc2l6ZSUzQSUyMDIwMCUyNSUzQiUyMGxpbmUtaGVpZ2h0JTNBJTIwMS4yJTNCJTIwY29sb3IlM0ElMjAlMjMxOTlkYmIlMjIlM0UlMEFPY3RhcGhhcm1hJTBBJTNDYnIlM0UlM0NzcGFuJTIwc3R5bGUlM0QlMjJmb250LXdlaWdodCUzQSUyMG5vcm1hbCUyMiUzRSUwQU1hdGVyaWFsZmx1c3NhbmFseXNlJTIwdW5kJTIwRXJ3ZWl0ZXJ1bmdza29uemVwdCUwQSUzQyUyRnNwYW4lM0UlM0MlMkZoMiUzRSUwQSUzQ2JyJTNF[\/vc_raw_html][\/vc_column][\/vc_row][vc_row full_width=&#8220;stretch_row&#8220; gap=&#8220;30&#8243; equal_height=&#8220;yes&#8220; content_placement=&#8220;top&#8220; bg_type=&#8220;bg_color&#8220; type=&#8220;vc_default&#8220; margin_top=&#8220;55&#8243; margin_bottom=&#8220;5&#8243; css=&#8220;.vc_custom_1653395360355{margin-bottom: -3em !important;}&#8220;][vc_column width=&#8220;1\/2&#8243; css=&#8220;.vc_custom_1602858046274{margin-top: 0px !important;}&#8220;][vc_column_text css=&#8220;.vc_custom_1732472334485{margin-top: .4em !important;}&#8220;] Projekt Octapharma plant, die Produktionskapazit\u00e4ten am Standort Wien zu erh\u00f6hen. Daf\u00fcr sollen Logistik- und Produktionsfl\u00e4chen bei laufender Produktion erweitert werden. D&amp;N unterst\u00fctzte Octapharma bei der&hellip;\" \/>\n<meta property=\"og:url\" content=\"https:\/\/dudziaknetwork.com\/de\/ref-octapharma-plog\/\" \/>\n<meta property=\"og:site_name\" content=\"Dudziak &amp; Network\" \/>\n<meta property=\"article:modified_time\" content=\"2025-08-15T16:16:50+00:00\" \/>\n<meta name=\"twitter:card\" content=\"summary_large_image\" \/>\n<meta name=\"twitter:label1\" content=\"Gesch\u00e4tzte Lesezeit\" \/>\n\t<meta name=\"twitter:data1\" content=\"2\u00a0Minuten\" \/>\n<script type=\"application\/ld+json\" class=\"yoast-schema-graph\">{\"@context\":\"https:\/\/schema.org\",\"@graph\":[{\"@type\":\"WebPage\",\"@id\":\"https:\/\/dudziaknetwork.com\/de\/ref-octapharma-plog\/\",\"url\":\"https:\/\/dudziaknetwork.com\/de\/ref-octapharma-plog\/\",\"name\":\"Ref Octapharma PLOG - Dudziak &amp; Network\",\"isPartOf\":{\"@id\":\"https:\/\/dudziaknetwork.com\/#website\"},\"datePublished\":\"2024-11-24T18:01:57+00:00\",\"dateModified\":\"2025-08-15T16:16:50+00:00\",\"breadcrumb\":{\"@id\":\"https:\/\/dudziaknetwork.com\/de\/ref-octapharma-plog\/#breadcrumb\"},\"inLanguage\":\"de\",\"potentialAction\":[{\"@type\":\"ReadAction\",\"target\":[\"https:\/\/dudziaknetwork.com\/de\/ref-octapharma-plog\/\"]}]},{\"@type\":\"BreadcrumbList\",\"@id\":\"https:\/\/dudziaknetwork.com\/de\/ref-octapharma-plog\/#breadcrumb\",\"itemListElement\":[{\"@type\":\"ListItem\",\"position\":1,\"name\":\"Startseite\",\"item\":\"https:\/\/dudziaknetwork.com\/de\/\"},{\"@type\":\"ListItem\",\"position\":2,\"name\":\"Ref Octapharma PLOG\"}]},{\"@type\":\"WebSite\",\"@id\":\"https:\/\/dudziaknetwork.com\/#website\",\"url\":\"https:\/\/dudziaknetwork.com\/\",\"name\":\"Dudziak &amp; Network\",\"description\":\"Manufacturing Consulting\",\"potentialAction\":[{\"@type\":\"SearchAction\",\"target\":{\"@type\":\"EntryPoint\",\"urlTemplate\":\"https:\/\/dudziaknetwork.com\/?s={search_term_string}\"},\"query-input\":{\"@type\":\"PropertyValueSpecification\",\"valueRequired\":true,\"valueName\":\"search_term_string\"}}],\"inLanguage\":\"de\"}]}<\/script>\n<!-- \/ Yoast SEO plugin. -->","yoast_head_json":{"title":"Ref Octapharma PLOG - Dudziak &amp; Network","robots":{"index":"index","follow":"follow","max-snippet":"max-snippet:-1","max-image-preview":"max-image-preview:large","max-video-preview":"max-video-preview:-1"},"canonical":"https:\/\/dudziaknetwork.com\/de\/ref-octapharma-plog\/","og_locale":"de_DE","og_type":"article","og_title":"Ref Octapharma PLOG - Dudziak &amp; Network","og_description":"[vc_row full_width=&#8220;stretch_row&#8220; type=&#8220;vc_default&#8220; css=&#8220;.vc_custom_1724230818887{margin-bottom: -1em !important;padding-bottom: 4vmin !important;}&#8220;][vc_column css=&#8220;.vc_custom_1724230828735{margin-bottom: -3.5em !important;}&#8220;][vc_raw_html css=&#8220;&#8220;]JTNDaDIlMjBzdHlsZSUzRCUyMmZvbnQtc2l6ZSUzQSUyMDIwMCUyNSUzQiUyMGxpbmUtaGVpZ2h0JTNBJTIwMS4yJTNCJTIwY29sb3IlM0ElMjAlMjMxOTlkYmIlMjIlM0UlMEFPY3RhcGhhcm1hJTBBJTNDYnIlM0UlM0NzcGFuJTIwc3R5bGUlM0QlMjJmb250LXdlaWdodCUzQSUyMG5vcm1hbCUyMiUzRSUwQU1hdGVyaWFsZmx1c3NhbmFseXNlJTIwdW5kJTIwRXJ3ZWl0ZXJ1bmdza29uemVwdCUwQSUzQyUyRnNwYW4lM0UlM0MlMkZoMiUzRSUwQSUzQ2JyJTNF[\/vc_raw_html][\/vc_column][\/vc_row][vc_row full_width=&#8220;stretch_row&#8220; gap=&#8220;30&#8243; equal_height=&#8220;yes&#8220; content_placement=&#8220;top&#8220; bg_type=&#8220;bg_color&#8220; type=&#8220;vc_default&#8220; margin_top=&#8220;55&#8243; margin_bottom=&#8220;5&#8243; css=&#8220;.vc_custom_1653395360355{margin-bottom: -3em !important;}&#8220;][vc_column width=&#8220;1\/2&#8243; css=&#8220;.vc_custom_1602858046274{margin-top: 0px !important;}&#8220;][vc_column_text css=&#8220;.vc_custom_1732472334485{margin-top: .4em !important;}&#8220;] Projekt Octapharma plant, die Produktionskapazit\u00e4ten am Standort Wien zu erh\u00f6hen. Daf\u00fcr sollen Logistik- und Produktionsfl\u00e4chen bei laufender Produktion erweitert werden. D&amp;N unterst\u00fctzte Octapharma bei der&hellip;","og_url":"https:\/\/dudziaknetwork.com\/de\/ref-octapharma-plog\/","og_site_name":"Dudziak &amp; Network","article_modified_time":"2025-08-15T16:16:50+00:00","twitter_card":"summary_large_image","twitter_misc":{"Gesch\u00e4tzte Lesezeit":"2\u00a0Minuten"},"schema":{"@context":"https:\/\/schema.org","@graph":[{"@type":"WebPage","@id":"https:\/\/dudziaknetwork.com\/de\/ref-octapharma-plog\/","url":"https:\/\/dudziaknetwork.com\/de\/ref-octapharma-plog\/","name":"Ref Octapharma PLOG - Dudziak &amp; Network","isPartOf":{"@id":"https:\/\/dudziaknetwork.com\/#website"},"datePublished":"2024-11-24T18:01:57+00:00","dateModified":"2025-08-15T16:16:50+00:00","breadcrumb":{"@id":"https:\/\/dudziaknetwork.com\/de\/ref-octapharma-plog\/#breadcrumb"},"inLanguage":"de","potentialAction":[{"@type":"ReadAction","target":["https:\/\/dudziaknetwork.com\/de\/ref-octapharma-plog\/"]}]},{"@type":"BreadcrumbList","@id":"https:\/\/dudziaknetwork.com\/de\/ref-octapharma-plog\/#breadcrumb","itemListElement":[{"@type":"ListItem","position":1,"name":"Startseite","item":"https:\/\/dudziaknetwork.com\/de\/"},{"@type":"ListItem","position":2,"name":"Ref Octapharma PLOG"}]},{"@type":"WebSite","@id":"https:\/\/dudziaknetwork.com\/#website","url":"https:\/\/dudziaknetwork.com\/","name":"Dudziak &amp; Network","description":"Manufacturing Consulting","potentialAction":[{"@type":"SearchAction","target":{"@type":"EntryPoint","urlTemplate":"https:\/\/dudziaknetwork.com\/?s={search_term_string}"},"query-input":{"@type":"PropertyValueSpecification","valueRequired":true,"valueName":"search_term_string"}}],"inLanguage":"de"}]}},"_links":{"self":[{"href":"https:\/\/dudziaknetwork.com\/de\/wp-json\/wp\/v2\/pages\/385","targetHints":{"allow":["GET"]}}],"collection":[{"href":"https:\/\/dudziaknetwork.com\/de\/wp-json\/wp\/v2\/pages"}],"about":[{"href":"https:\/\/dudziaknetwork.com\/de\/wp-json\/wp\/v2\/types\/page"}],"author":[{"embeddable":true,"href":"https:\/\/dudziaknetwork.com\/de\/wp-json\/wp\/v2\/users\/2"}],"replies":[{"embeddable":true,"href":"https:\/\/dudziaknetwork.com\/de\/wp-json\/wp\/v2\/comments?post=385"}],"version-history":[{"count":5,"href":"https:\/\/dudziaknetwork.com\/de\/wp-json\/wp\/v2\/pages\/385\/revisions"}],"predecessor-version":[{"id":577,"href":"https:\/\/dudziaknetwork.com\/de\/wp-json\/wp\/v2\/pages\/385\/revisions\/577"}],"wp:attachment":[{"href":"https:\/\/dudziaknetwork.com\/de\/wp-json\/wp\/v2\/media?parent=385"}],"curies":[{"name":"wp","href":"https:\/\/api.w.org\/{rel}","templated":true}]}}