{"id":38,"date":"2024-08-14T14:41:44","date_gmt":"2024-08-14T12:41:44","guid":{"rendered":"http:\/\/dudziaknetwork2024.com\/?page_id=38"},"modified":"2025-08-19T12:17:41","modified_gmt":"2025-08-19T10:17:41","slug":"ref-minaris-zda","status":"publish","type":"page","link":"https:\/\/dudziaknetwork.com\/de\/ref-minaris-zda\/","title":{"rendered":"Ref Minaris ZdA DE"},"content":{"rendered":"<div class=\"wpb-content-wrapper\"><p>[vc_row full_width=&#8220;stretch_row&#8220; type=&#8220;vc_default&#8220; css=&#8220;.vc_custom_1724229535964{margin-bottom: -1em !important;padding-bottom: 4vmin !important;}&#8220;][vc_column css=&#8220;.vc_custom_1619989379096{margin-bottom: -3.5em !important;}&#8220;][vc_raw_html css=&#8220;.vc_custom_1755274425065{margin-top: 2em !important;}&#8220;]JTNDaDIlMjBzdHlsZSUzRCUyMmZvbnQtc2l6ZSUzQSUyMDIwMCUyNSUzQiUyMGxpbmUtaGVpZ2h0JTNBJTIwMS4yJTNCJTIwY29sb3IlM0ElMjAlMjMxOTlkYmIlMjIlM0UlMEFNaW5hcmlzJTIwUmVnZW5lcmF0aXZlJTIwTWVkaWNpbmUlMEElM0NiciUzRSUzQ3NwYW4lMjBzdHlsZSUzRCUyMmZvbnQtd2VpZ2h0JTNBJTIwbm9ybWFsJTIyJTNFJTBBWnVrdW5mdCUyMGRlciUyMEFyYmVpdCUwQSUzQyUyRnNwYW4lM0UlM0MlMkZoMiUzRSUwQSUzQ2JyJTNF[\/vc_raw_html][\/vc_column][\/vc_row][vc_row full_width=&#8220;stretch_row&#8220; gap=&#8220;30&#8243; content_placement=&#8220;top&#8220; bg_type=&#8220;bg_color&#8220; type=&#8220;vc_default&#8220; margin_top=&#8220;55&#8243; margin_bottom=&#8220;5&#8243; css=&#8220;.vc_custom_1638114552479{margin-bottom: -3em !important;}&#8220;][vc_column width=&#8220;1\/2&#8243; css=&#8220;.vc_custom_1602858046274{margin-top: 0px !important;}&#8220;][vc_column_text css=&#8220;.vc_custom_1638114731135{margin-top: .4em !important;}&#8220;]Die Minaris Regenerative Medicine mit Sitz im Gro\u00dfraum M\u00fcnchen ist eine f\u00fchrende globale Contract Development and Manufacturing Organization (CDMO), spezialisiert auf die Herstellung von Zell- und Gentherapieprodukten.[\/vc_column_text][vc_column_text css=&#8220;.vc_custom_1651830682351{margin-top: .4em !important;}&#8220;]<\/p>\n<h3>Herausforderung<\/h3>\n<p>Minaris strebt ein schnelles starkes Wachstum an,<br \/>\nmit Personal- und Kapazit\u00e4tsaufbau sowie einem Neubauprojekt. Gleichzeitig w\u00e4chst im Zuge der Pandemie der Bedarf an verteilter Arbeit, auch die Bed\u00fcrfnisse der MitarbeiterInnen haben sich ver\u00e4ndert.[\/vc_column_text][\/vc_column][vc_column width=&#8220;1\/2&#8243;][vc_row_inner equal_height=&#8220;yes&#8220; css=&#8220;.vc_custom_1637948584493{margin-bottom: -3em !important;}&#8220;][vc_column_inner css=&#8220;.vc_custom_1724230553838{margin-bottom: 3em !important;margin-left: 1em !important;}&#8220;][vc_single_image image=&#8220;141&#8243; img_size=&#8220;full&#8220; alignment=&#8220;right&#8220; style=&#8220;vc_box_rounded&#8220; css=&#8220;&#8220;][\/vc_column_inner][\/vc_row_inner][vc_row_inner equal_height=&#8220;yes&#8220; css=&#8220;.vc_custom_1637948584493{margin-bottom: -3em !important;}&#8220;][vc_column_inner css=&#8220;.vc_custom_1638114595516{margin-bottom: 3em !important;margin-left: 1em !important;padding-top: 0.6em !important;}&#8220;][vc_single_image image=&#8220;142&#8243; img_size=&#8220;full&#8220; alignment=&#8220;right&#8220; style=&#8220;vc_box_rounded&#8220; css=&#8220;&#8220;][\/vc_column_inner][\/vc_row_inner][\/vc_column][\/vc_row][vc_row full_width=&#8220;stretch_row&#8220; type=&#8220;vc_default&#8220; css=&#8220;.vc_custom_1637947523639{padding-bottom: 1em !important;}&#8220;][vc_column][vc_column_text]<\/p>\n<h3>Zielbild<\/h3>\n<p>Ein ganzheitliches Konzept f\u00fcr die Zukunft der Arbeit bei Minaris, erarbeitet durch ein funktions\u00fcbergreifendes komplement\u00e4res Team. Konkrete Anforderungen f\u00fcr die Gestaltung von Organisation, Arbeitsumgebung und Zusammenarbeit \u2013 auf Basis einer gr\u00fcndlichen Analyse von Ist-Zustand, Bed\u00fcrfnissen und Erfolgsfaktoren.[\/vc_column_text][vc_column_text]<\/p>\n<h3>Unsere Leistungen<\/h3>\n<ul>\n<li>Aktivit\u00e4tenanalyse \u2192<i> Transparenz \u00fcber Ist-Kapazit\u00e4tsverwendung, Optimierungsans\u00e4tze<\/i><\/li>\n<li>Tiefeninterviews, Bed\u00fcrfnisanalyse \u2192 <i>repr\u00e4sentative <\/i><i>Personas<\/i><i> f\u00fcr funktionale Rollen<\/i><\/li>\n<li>Mengenger\u00fcste f\u00fcr Activity-Based-Working \u2192 <i>Basis f\u00fcr Fl\u00e4chenplanung, Neubau-Projekt <\/i><\/li>\n<li>Funktionsfl\u00e4chen-Konzept \u2192 <i>unterst\u00fctzende Arbeitsumgebung je Aktivit\u00e4ten-Typ<\/i><\/li>\n<li>Lastenheft \u2192 <i>priorisierte funktionale Anforderungen an Arbeitsweisen und Fl\u00e4chengestaltung<\/i><\/li>\n<li>Moodboards und Layout-Skizzen \u2192 <i>Vorschl\u00e4ge f\u00fcr die Umsetzung des Fl\u00e4chenkonzepts<\/i><\/li>\n<\/ul>\n<p>[\/vc_column_text][vc_row_inner equal_height=&#8220;yes&#8220; css=&#8220;.vc_custom_1637948584493{margin-bottom: -3em !important;}&#8220;][vc_column_inner css=&#8220;.vc_custom_1651831452087{margin-bottom: 3em !important;border-left-width: 0px !important;padding-top: 0.6em !important;padding-left: 0px !important;}&#8220;][vc_single_image image=&#8220;143&#8243; img_size=&#8220;full&#8220; css=&#8220;.vc_custom_1724230472322{margin-left: 0px !important;padding-left: 0px !important;}&#8220; image_hovers=&#8220;false&#8220;][\/vc_column_inner][\/vc_row_inner][\/vc_column][\/vc_row]<\/p>\n<\/div>","protected":false},"excerpt":{"rendered":"<p>[vc_row full_width=&#8220;stretch_row&#8220; type=&#8220;vc_default&#8220; css=&#8220;.vc_custom_1724229535964{margin-bottom: -1em !important;padding-bottom: 4vmin !important;}&#8220;][vc_column css=&#8220;.vc_custom_1619989379096{margin-bottom: -3.5em !important;}&#8220;][vc_raw_html css=&#8220;.vc_custom_1755274425065{margin-top: 2em !important;}&#8220;]JTNDaDIlMjBzdHlsZSUzRCUyMmZvbnQtc2l6ZSUzQSUyMDIwMCUyNSUzQiUyMGxpbmUtaGVpZ2h0JTNBJTIwMS4yJTNCJTIwY29sb3IlM0ElMjAlMjMxOTlkYmIlMjIlM0UlMEFNaW5hcmlzJTIwUmVnZW5lcmF0aXZlJTIwTWVkaWNpbmUlMEElM0NiciUzRSUzQ3NwYW4lMjBzdHlsZSUzRCUyMmZvbnQtd2VpZ2h0JTNBJTIwbm9ybWFsJTIyJTNFJTBBWnVrdW5mdCUyMGRlciUyMEFyYmVpdCUwQSUzQyUyRnNwYW4lM0UlM0MlMkZoMiUzRSUwQSUzQ2JyJTNF[\/vc_raw_html][\/vc_column][\/vc_row][vc_row full_width=&#8220;stretch_row&#8220; gap=&#8220;30&#8243; content_placement=&#8220;top&#8220; bg_type=&#8220;bg_color&#8220; type=&#8220;vc_default&#8220; margin_top=&#8220;55&#8243; margin_bottom=&#8220;5&#8243; css=&#8220;.vc_custom_1638114552479{margin-bottom: -3em !important;}&#8220;][vc_column width=&#8220;1\/2&#8243; css=&#8220;.vc_custom_1602858046274{margin-top: 0px !important;}&#8220;][vc_column_text css=&#8220;.vc_custom_1638114731135{margin-top: .4em !important;}&#8220;]Die Minaris Regenerative Medicine mit Sitz im Gro\u00dfraum M\u00fcnchen ist eine f\u00fchrende globale Contract Development and Manufacturing Organization (CDMO), spezialisiert auf die Herstellung von Zell-&hellip;<\/p>\n","protected":false},"author":1,"featured_media":0,"parent":0,"menu_order":0,"comment_status":"closed","ping_status":"closed","template":"","meta":{"footnotes":""},"class_list":["post-38","page","type-page","status-publish","hentry","description-off"],"yoast_head":"<!-- This site is optimized with the Yoast SEO plugin v26.8 - https:\/\/yoast.com\/product\/yoast-seo-wordpress\/ -->\n<title>Ref Minaris ZdA DE - Dudziak &amp; Network<\/title>\n<meta name=\"robots\" content=\"index, follow, max-snippet:-1, max-image-preview:large, max-video-preview:-1\" \/>\n<link rel=\"canonical\" href=\"https:\/\/dudziaknetwork.com\/de\/ref-minaris-zda\/\" \/>\n<meta property=\"og:locale\" content=\"de_DE\" \/>\n<meta property=\"og:type\" content=\"article\" \/>\n<meta property=\"og:title\" content=\"Ref Minaris ZdA DE - Dudziak &amp; Network\" \/>\n<meta property=\"og:description\" content=\"[vc_row full_width=&#8220;stretch_row&#8220; type=&#8220;vc_default&#8220; css=&#8220;.vc_custom_1724229535964{margin-bottom: -1em !important;padding-bottom: 4vmin !important;}&#8220;][vc_column css=&#8220;.vc_custom_1619989379096{margin-bottom: -3.5em !important;}&#8220;][vc_raw_html css=&#8220;.vc_custom_1755274425065{margin-top: 2em !important;}&#8220;]JTNDaDIlMjBzdHlsZSUzRCUyMmZvbnQtc2l6ZSUzQSUyMDIwMCUyNSUzQiUyMGxpbmUtaGVpZ2h0JTNBJTIwMS4yJTNCJTIwY29sb3IlM0ElMjAlMjMxOTlkYmIlMjIlM0UlMEFNaW5hcmlzJTIwUmVnZW5lcmF0aXZlJTIwTWVkaWNpbmUlMEElM0NiciUzRSUzQ3NwYW4lMjBzdHlsZSUzRCUyMmZvbnQtd2VpZ2h0JTNBJTIwbm9ybWFsJTIyJTNFJTBBWnVrdW5mdCUyMGRlciUyMEFyYmVpdCUwQSUzQyUyRnNwYW4lM0UlM0MlMkZoMiUzRSUwQSUzQ2JyJTNF[\/vc_raw_html][\/vc_column][\/vc_row][vc_row full_width=&#8220;stretch_row&#8220; gap=&#8220;30&#8243; content_placement=&#8220;top&#8220; bg_type=&#8220;bg_color&#8220; type=&#8220;vc_default&#8220; margin_top=&#8220;55&#8243; margin_bottom=&#8220;5&#8243; css=&#8220;.vc_custom_1638114552479{margin-bottom: -3em !important;}&#8220;][vc_column width=&#8220;1\/2&#8243; css=&#8220;.vc_custom_1602858046274{margin-top: 0px !important;}&#8220;][vc_column_text css=&#8220;.vc_custom_1638114731135{margin-top: .4em !important;}&#8220;]Die Minaris Regenerative Medicine mit Sitz im Gro\u00dfraum M\u00fcnchen ist eine f\u00fchrende globale Contract Development and Manufacturing Organization (CDMO), spezialisiert auf die Herstellung von Zell-&hellip;\" \/>\n<meta property=\"og:url\" content=\"https:\/\/dudziaknetwork.com\/de\/ref-minaris-zda\/\" \/>\n<meta property=\"og:site_name\" content=\"Dudziak &amp; Network\" \/>\n<meta property=\"article:modified_time\" content=\"2025-08-19T10:17:41+00:00\" \/>\n<meta name=\"twitter:card\" content=\"summary_large_image\" \/>\n<meta name=\"twitter:label1\" content=\"Gesch\u00e4tzte Lesezeit\" \/>\n\t<meta name=\"twitter:data1\" content=\"2\u00a0Minuten\" \/>\n<script type=\"application\/ld+json\" class=\"yoast-schema-graph\">{\"@context\":\"https:\/\/schema.org\",\"@graph\":[{\"@type\":\"WebPage\",\"@id\":\"https:\/\/dudziaknetwork.com\/de\/ref-minaris-zda\/\",\"url\":\"https:\/\/dudziaknetwork.com\/de\/ref-minaris-zda\/\",\"name\":\"Ref Minaris ZdA DE - Dudziak &amp; Network\",\"isPartOf\":{\"@id\":\"https:\/\/dudziaknetwork.com\/#website\"},\"datePublished\":\"2024-08-14T12:41:44+00:00\",\"dateModified\":\"2025-08-19T10:17:41+00:00\",\"breadcrumb\":{\"@id\":\"https:\/\/dudziaknetwork.com\/de\/ref-minaris-zda\/#breadcrumb\"},\"inLanguage\":\"de\",\"potentialAction\":[{\"@type\":\"ReadAction\",\"target\":[\"https:\/\/dudziaknetwork.com\/de\/ref-minaris-zda\/\"]}]},{\"@type\":\"BreadcrumbList\",\"@id\":\"https:\/\/dudziaknetwork.com\/de\/ref-minaris-zda\/#breadcrumb\",\"itemListElement\":[{\"@type\":\"ListItem\",\"position\":1,\"name\":\"Startseite\",\"item\":\"https:\/\/dudziaknetwork.com\/de\/\"},{\"@type\":\"ListItem\",\"position\":2,\"name\":\"Ref Minaris ZdA DE\"}]},{\"@type\":\"WebSite\",\"@id\":\"https:\/\/dudziaknetwork.com\/#website\",\"url\":\"https:\/\/dudziaknetwork.com\/\",\"name\":\"Dudziak &amp; Network\",\"description\":\"Manufacturing Consulting\",\"potentialAction\":[{\"@type\":\"SearchAction\",\"target\":{\"@type\":\"EntryPoint\",\"urlTemplate\":\"https:\/\/dudziaknetwork.com\/?s={search_term_string}\"},\"query-input\":{\"@type\":\"PropertyValueSpecification\",\"valueRequired\":true,\"valueName\":\"search_term_string\"}}],\"inLanguage\":\"de\"}]}<\/script>\n<!-- \/ Yoast SEO plugin. -->","yoast_head_json":{"title":"Ref Minaris ZdA DE - Dudziak &amp; Network","robots":{"index":"index","follow":"follow","max-snippet":"max-snippet:-1","max-image-preview":"max-image-preview:large","max-video-preview":"max-video-preview:-1"},"canonical":"https:\/\/dudziaknetwork.com\/de\/ref-minaris-zda\/","og_locale":"de_DE","og_type":"article","og_title":"Ref Minaris ZdA DE - Dudziak &amp; Network","og_description":"[vc_row full_width=&#8220;stretch_row&#8220; type=&#8220;vc_default&#8220; css=&#8220;.vc_custom_1724229535964{margin-bottom: -1em !important;padding-bottom: 4vmin !important;}&#8220;][vc_column css=&#8220;.vc_custom_1619989379096{margin-bottom: -3.5em !important;}&#8220;][vc_raw_html css=&#8220;.vc_custom_1755274425065{margin-top: 2em !important;}&#8220;]JTNDaDIlMjBzdHlsZSUzRCUyMmZvbnQtc2l6ZSUzQSUyMDIwMCUyNSUzQiUyMGxpbmUtaGVpZ2h0JTNBJTIwMS4yJTNCJTIwY29sb3IlM0ElMjAlMjMxOTlkYmIlMjIlM0UlMEFNaW5hcmlzJTIwUmVnZW5lcmF0aXZlJTIwTWVkaWNpbmUlMEElM0NiciUzRSUzQ3NwYW4lMjBzdHlsZSUzRCUyMmZvbnQtd2VpZ2h0JTNBJTIwbm9ybWFsJTIyJTNFJTBBWnVrdW5mdCUyMGRlciUyMEFyYmVpdCUwQSUzQyUyRnNwYW4lM0UlM0MlMkZoMiUzRSUwQSUzQ2JyJTNF[\/vc_raw_html][\/vc_column][\/vc_row][vc_row full_width=&#8220;stretch_row&#8220; gap=&#8220;30&#8243; content_placement=&#8220;top&#8220; bg_type=&#8220;bg_color&#8220; type=&#8220;vc_default&#8220; margin_top=&#8220;55&#8243; margin_bottom=&#8220;5&#8243; css=&#8220;.vc_custom_1638114552479{margin-bottom: -3em !important;}&#8220;][vc_column width=&#8220;1\/2&#8243; css=&#8220;.vc_custom_1602858046274{margin-top: 0px !important;}&#8220;][vc_column_text css=&#8220;.vc_custom_1638114731135{margin-top: .4em !important;}&#8220;]Die Minaris Regenerative Medicine mit Sitz im Gro\u00dfraum M\u00fcnchen ist eine f\u00fchrende globale Contract Development and Manufacturing Organization (CDMO), spezialisiert auf die Herstellung von Zell-&hellip;","og_url":"https:\/\/dudziaknetwork.com\/de\/ref-minaris-zda\/","og_site_name":"Dudziak &amp; Network","article_modified_time":"2025-08-19T10:17:41+00:00","twitter_card":"summary_large_image","twitter_misc":{"Gesch\u00e4tzte Lesezeit":"2\u00a0Minuten"},"schema":{"@context":"https:\/\/schema.org","@graph":[{"@type":"WebPage","@id":"https:\/\/dudziaknetwork.com\/de\/ref-minaris-zda\/","url":"https:\/\/dudziaknetwork.com\/de\/ref-minaris-zda\/","name":"Ref Minaris ZdA DE - Dudziak &amp; Network","isPartOf":{"@id":"https:\/\/dudziaknetwork.com\/#website"},"datePublished":"2024-08-14T12:41:44+00:00","dateModified":"2025-08-19T10:17:41+00:00","breadcrumb":{"@id":"https:\/\/dudziaknetwork.com\/de\/ref-minaris-zda\/#breadcrumb"},"inLanguage":"de","potentialAction":[{"@type":"ReadAction","target":["https:\/\/dudziaknetwork.com\/de\/ref-minaris-zda\/"]}]},{"@type":"BreadcrumbList","@id":"https:\/\/dudziaknetwork.com\/de\/ref-minaris-zda\/#breadcrumb","itemListElement":[{"@type":"ListItem","position":1,"name":"Startseite","item":"https:\/\/dudziaknetwork.com\/de\/"},{"@type":"ListItem","position":2,"name":"Ref Minaris ZdA DE"}]},{"@type":"WebSite","@id":"https:\/\/dudziaknetwork.com\/#website","url":"https:\/\/dudziaknetwork.com\/","name":"Dudziak &amp; Network","description":"Manufacturing Consulting","potentialAction":[{"@type":"SearchAction","target":{"@type":"EntryPoint","urlTemplate":"https:\/\/dudziaknetwork.com\/?s={search_term_string}"},"query-input":{"@type":"PropertyValueSpecification","valueRequired":true,"valueName":"search_term_string"}}],"inLanguage":"de"}]}},"_links":{"self":[{"href":"https:\/\/dudziaknetwork.com\/de\/wp-json\/wp\/v2\/pages\/38","targetHints":{"allow":["GET"]}}],"collection":[{"href":"https:\/\/dudziaknetwork.com\/de\/wp-json\/wp\/v2\/pages"}],"about":[{"href":"https:\/\/dudziaknetwork.com\/de\/wp-json\/wp\/v2\/types\/page"}],"author":[{"embeddable":true,"href":"https:\/\/dudziaknetwork.com\/de\/wp-json\/wp\/v2\/users\/1"}],"replies":[{"embeddable":true,"href":"https:\/\/dudziaknetwork.com\/de\/wp-json\/wp\/v2\/comments?post=38"}],"version-history":[{"count":6,"href":"https:\/\/dudziaknetwork.com\/de\/wp-json\/wp\/v2\/pages\/38\/revisions"}],"predecessor-version":[{"id":584,"href":"https:\/\/dudziaknetwork.com\/de\/wp-json\/wp\/v2\/pages\/38\/revisions\/584"}],"wp:attachment":[{"href":"https:\/\/dudziaknetwork.com\/de\/wp-json\/wp\/v2\/media?parent=38"}],"curies":[{"name":"wp","href":"https:\/\/api.w.org\/{rel}","templated":true}]}}