{"id":351,"date":"2024-10-06T12:40:10","date_gmt":"2024-10-06T10:40:10","guid":{"rendered":"https:\/\/dudziaknetwork.com\/ref-nordmark-mbds\/"},"modified":"2025-08-15T18:15:49","modified_gmt":"2025-08-15T16:15:49","slug":"ref-nordmark-mbds","status":"publish","type":"page","link":"https:\/\/dudziaknetwork.com\/de\/ref-nordmark-mbds\/","title":{"rendered":"Ref Nordmark MBDS"},"content":{"rendered":"<div class=\"wpb-content-wrapper\"><p>[vc_row full_width=&#8220;stretch_row&#8220; type=&#8220;vc_default&#8220; css=&#8220;.vc_custom_1724230818887{margin-bottom: -1em !important;padding-bottom: 4vmin !important;}&#8220;][vc_column css=&#8220;.vc_custom_1724230828735{margin-bottom: -3.5em !important;}&#8220;][vc_raw_html css=&#8220;&#8220;]JTNDaDIlMjBzdHlsZSUzRCUyMmZvbnQtc2l6ZSUzQSUyMDIwMCUyNSUzQiUyMGxpbmUtaGVpZ2h0JTNBJTIwMS4yJTNCJTIwY29sb3IlM0ElMjAlMjMxOTlkYmIlMjIlM0UlMEFOb3JkbWFyayUyMFBoYXJtYSUwQSUzQ2JyJTNFJTNDc3BhbiUyMHN0eWxlJTNEJTIyZm9udC13ZWlnaHQlM0ElMjBub3JtYWwlMjIlM0UlMEFUZWNoLVRyYW5zZmVyJTIwdW5kJTIwSW5iZXRyaWVibmFobWUlMjBGZXJtZW50YXRpb25zcHJvemVzcyUwQSUzQyUyRnNwYW4lM0UlM0MlMkZoMiUzRSUwQSUzQ2JyJTNF[\/vc_raw_html][\/vc_column][\/vc_row][vc_row full_width=&#8220;stretch_row&#8220; gap=&#8220;30&#8243; equal_height=&#8220;yes&#8220; content_placement=&#8220;top&#8220; bg_type=&#8220;bg_color&#8220; type=&#8220;vc_default&#8220; margin_top=&#8220;55&#8243; margin_bottom=&#8220;5&#8243; css=&#8220;.vc_custom_1653395360355{margin-bottom: -3em !important;}&#8220;][vc_column width=&#8220;1\/2&#8243; css=&#8220;.vc_custom_1602858046274{margin-top: 0px !important;}&#8220;][vc_column_text css=&#8220;.vc_custom_1728314279649{margin-top: .4em !important;}&#8220;]<\/p>\n<h3>Projekt<\/h3>\n<p>Nordmark hat den Auftrag f\u00fcr die Marktproduktion eines mikrobiell hergestellten Wirkstoffs gewonnen. D&amp;N unterst\u00fctzte den Tech-Transfer und die Inbetriebnahme.<\/p>\n<h3>Unsere Leistungen<\/h3>\n<ul>\n<li>Projektmanagement<br \/>\n<em>\u2013 <\/em>Erstellen des Prozess-Transferplans<br \/>\n\u2013 Projektorganisation gemeinsam mit dem Nordmark-Projektleiter<\/li>\n<li>Prozessmodellierung<br \/>\n<em>\u2013 <\/em>Modellierung des Herstellprozesses: Produktionskapazit\u00e4t und Personalbedarf<br \/>\n\u2013 Personalplanung f\u00fcr die Produktion<\/li>\n<li>Unterst\u00fctzung Upstream-Produktion<br \/>\n<em>\u2013\u00a0<\/em>Erstellen und Optimieren von Herstell- und Arbeitsanweisungen<\/li>\n<li>Unterst\u00fctzung Produktionstechnik<br \/>\n<em>\u2013 <\/em>Optimieren der Anlagentechnik<br \/>\n\u2013 Erstellen von Ersatzteillisten inkl. Risikobewertung und Priorisierung<br \/>\n\u2013 Organisation Ersatzteilbeschaffung inkl. technischer Kl\u00e4rung mit Lieferanten<\/li>\n<\/ul>\n<p>[\/vc_column_text][\/vc_column][vc_column width=&#8220;1\/2&#8243;][vc_row_inner equal_height=&#8220;yes&#8220; css=&#8220;.vc_custom_1637948584493{margin-bottom: -3em !important;}&#8220;][vc_column_inner css=&#8220;.vc_custom_1638114595516{margin-bottom: 3em !important;margin-left: 1em !important;padding-top: 0.6em !important;}&#8220;][vc_single_image image=&#8220;148&#8243; img_size=&#8220;full&#8220; alignment=&#8220;right&#8220; style=&#8220;vc_box_rounded&#8220; css=&#8220;&#8220;][vc_single_image image=&#8220;92&#8243; img_size=&#8220;full&#8220; alignment=&#8220;right&#8220; style=&#8220;vc_box_rounded&#8220; css=&#8220;&#8220;][\/vc_column_inner][\/vc_row_inner][\/vc_column][\/vc_row][vc_row][vc_column][vc_text_separator title=&#8220;&#8220; color=&#8220;white&#8220; style=&#8220;dashed&#8220; css=&#8220;&#8220;][\/vc_column][\/vc_row][vc_row full_width=&#8220;stretch_row&#8220; gap=&#8220;30&#8243; equal_height=&#8220;yes&#8220; content_placement=&#8220;top&#8220; bg_type=&#8220;bg_color&#8220; type=&#8220;vc_default&#8220; margin_top=&#8220;55&#8243; margin_bottom=&#8220;5&#8243; css=&#8220;.vc_custom_1653396129378{margin-top: -1em !important;margin-bottom: 5px !important;}&#8220;][vc_column width=&#8220;1\/2&#8243; css=&#8220;.vc_custom_1602858046274{margin-top: 0px !important;}&#8220;][vc_column_text css=&#8220;.vc_custom_1728211820825{margin-top: .4em !important;}&#8220;]<\/p>\n<h3>Michael Kurdum, Leiter Biotechnologische Wirkstoffproduktion<\/h3>\n<p>\u201eDas Team von D&amp;N hat uns beim Prozesstransfer und der Inbetriebnahme mit seinem umfassenden Know-How in allen Bereichen unterst\u00fctzt, in denen wir Verst\u00e4rkung brauchten. Personelle Engp\u00e4sse konnten wir so zusammen immer wieder abfangen.<\/p>\n<p>D&amp;N hat sich immer wieder unmittelbar um neu erkannte Probleme und Herausforderungen gek\u00fcmmert und eng mit uns zusammengearbeitet, um das Projekt zum Erfolg zu f\u00fchren.<\/p>\n<p>Die Berater konnten sich sehr schnell ins Projektteam einbringen, weil auch die pers\u00f6nliche Chemie stimmte.\u201c[\/vc_column_text][\/vc_column][vc_column width=&#8220;1\/2&#8243;][vc_row_inner equal_height=&#8220;yes&#8220; css=&#8220;.vc_custom_1637948584493{margin-bottom: -3em !important;}&#8220;][vc_column_inner css=&#8220;.vc_custom_1638114595516{margin-bottom: 3em !important;margin-left: 1em !important;padding-top: 0.6em !important;}&#8220;][vc_single_image image=&#8220;344&#8243; img_size=&#8220;full&#8220; alignment=&#8220;right&#8220; style=&#8220;vc_box_rounded&#8220; css=&#8220;&#8220;][\/vc_column_inner][\/vc_row_inner][\/vc_column][\/vc_row]<\/p>\n<\/div>","protected":false},"excerpt":{"rendered":"<p>[vc_row full_width=&#8220;stretch_row&#8220; type=&#8220;vc_default&#8220; css=&#8220;.vc_custom_1724230818887{margin-bottom: -1em !important;padding-bottom: 4vmin !important;}&#8220;][vc_column css=&#8220;.vc_custom_1724230828735{margin-bottom: -3.5em !important;}&#8220;][vc_raw_html css=&#8220;&#8220;]JTNDaDIlMjBzdHlsZSUzRCUyMmZvbnQtc2l6ZSUzQSUyMDIwMCUyNSUzQiUyMGxpbmUtaGVpZ2h0JTNBJTIwMS4yJTNCJTIwY29sb3IlM0ElMjAlMjMxOTlkYmIlMjIlM0UlMEFOb3JkbWFyayUyMFBoYXJtYSUwQSUzQ2JyJTNFJTNDc3BhbiUyMHN0eWxlJTNEJTIyZm9udC13ZWlnaHQlM0ElMjBub3JtYWwlMjIlM0UlMEFUZWNoLVRyYW5zZmVyJTIwdW5kJTIwSW5iZXRyaWVibmFobWUlMjBGZXJtZW50YXRpb25zcHJvemVzcyUwQSUzQyUyRnNwYW4lM0UlM0MlMkZoMiUzRSUwQSUzQ2JyJTNF[\/vc_raw_html][\/vc_column][\/vc_row][vc_row full_width=&#8220;stretch_row&#8220; gap=&#8220;30&#8243; equal_height=&#8220;yes&#8220; content_placement=&#8220;top&#8220; bg_type=&#8220;bg_color&#8220; type=&#8220;vc_default&#8220; margin_top=&#8220;55&#8243; margin_bottom=&#8220;5&#8243; css=&#8220;.vc_custom_1653395360355{margin-bottom: -3em !important;}&#8220;][vc_column width=&#8220;1\/2&#8243; css=&#8220;.vc_custom_1602858046274{margin-top: 0px !important;}&#8220;][vc_column_text css=&#8220;.vc_custom_1728314279649{margin-top: .4em !important;}&#8220;] Projekt Nordmark hat den Auftrag f\u00fcr die Marktproduktion eines mikrobiell hergestellten Wirkstoffs gewonnen. D&amp;N unterst\u00fctzte den Tech-Transfer und die Inbetriebnahme. Unsere Leistungen Projektmanagement \u2013 Erstellen&hellip;<\/p>\n","protected":false},"author":2,"featured_media":0,"parent":0,"menu_order":0,"comment_status":"closed","ping_status":"closed","template":"","meta":{"footnotes":""},"class_list":["post-351","page","type-page","status-publish","hentry","description-off"],"yoast_head":"<!-- This site is optimized with the Yoast SEO plugin v26.8 - https:\/\/yoast.com\/product\/yoast-seo-wordpress\/ -->\n<title>Ref Nordmark MBDS - Dudziak &amp; Network<\/title>\n<meta name=\"robots\" content=\"index, follow, max-snippet:-1, max-image-preview:large, max-video-preview:-1\" \/>\n<link rel=\"canonical\" href=\"https:\/\/dudziaknetwork.com\/de\/ref-nordmark-mbds\/\" \/>\n<meta property=\"og:locale\" content=\"de_DE\" \/>\n<meta property=\"og:type\" content=\"article\" \/>\n<meta property=\"og:title\" content=\"Ref Nordmark MBDS - Dudziak &amp; Network\" \/>\n<meta property=\"og:description\" content=\"[vc_row full_width=&#8220;stretch_row&#8220; type=&#8220;vc_default&#8220; css=&#8220;.vc_custom_1724230818887{margin-bottom: -1em !important;padding-bottom: 4vmin !important;}&#8220;][vc_column css=&#8220;.vc_custom_1724230828735{margin-bottom: -3.5em !important;}&#8220;][vc_raw_html css=&#8220;&#8220;]JTNDaDIlMjBzdHlsZSUzRCUyMmZvbnQtc2l6ZSUzQSUyMDIwMCUyNSUzQiUyMGxpbmUtaGVpZ2h0JTNBJTIwMS4yJTNCJTIwY29sb3IlM0ElMjAlMjMxOTlkYmIlMjIlM0UlMEFOb3JkbWFyayUyMFBoYXJtYSUwQSUzQ2JyJTNFJTNDc3BhbiUyMHN0eWxlJTNEJTIyZm9udC13ZWlnaHQlM0ElMjBub3JtYWwlMjIlM0UlMEFUZWNoLVRyYW5zZmVyJTIwdW5kJTIwSW5iZXRyaWVibmFobWUlMjBGZXJtZW50YXRpb25zcHJvemVzcyUwQSUzQyUyRnNwYW4lM0UlM0MlMkZoMiUzRSUwQSUzQ2JyJTNF[\/vc_raw_html][\/vc_column][\/vc_row][vc_row full_width=&#8220;stretch_row&#8220; gap=&#8220;30&#8243; equal_height=&#8220;yes&#8220; content_placement=&#8220;top&#8220; bg_type=&#8220;bg_color&#8220; type=&#8220;vc_default&#8220; margin_top=&#8220;55&#8243; margin_bottom=&#8220;5&#8243; css=&#8220;.vc_custom_1653395360355{margin-bottom: -3em !important;}&#8220;][vc_column width=&#8220;1\/2&#8243; css=&#8220;.vc_custom_1602858046274{margin-top: 0px !important;}&#8220;][vc_column_text css=&#8220;.vc_custom_1728314279649{margin-top: .4em !important;}&#8220;] Projekt Nordmark hat den Auftrag f\u00fcr die Marktproduktion eines mikrobiell hergestellten Wirkstoffs gewonnen. D&amp;N unterst\u00fctzte den Tech-Transfer und die Inbetriebnahme. Unsere Leistungen Projektmanagement \u2013 Erstellen&hellip;\" \/>\n<meta property=\"og:url\" content=\"https:\/\/dudziaknetwork.com\/de\/ref-nordmark-mbds\/\" \/>\n<meta property=\"og:site_name\" content=\"Dudziak &amp; Network\" \/>\n<meta property=\"article:modified_time\" content=\"2025-08-15T16:15:49+00:00\" \/>\n<meta name=\"twitter:card\" content=\"summary_large_image\" \/>\n<meta name=\"twitter:label1\" content=\"Gesch\u00e4tzte Lesezeit\" \/>\n\t<meta name=\"twitter:data1\" content=\"2\u00a0Minuten\" \/>\n<script type=\"application\/ld+json\" class=\"yoast-schema-graph\">{\"@context\":\"https:\/\/schema.org\",\"@graph\":[{\"@type\":\"WebPage\",\"@id\":\"https:\/\/dudziaknetwork.com\/de\/ref-nordmark-mbds\/\",\"url\":\"https:\/\/dudziaknetwork.com\/de\/ref-nordmark-mbds\/\",\"name\":\"Ref Nordmark MBDS - Dudziak &amp; Network\",\"isPartOf\":{\"@id\":\"https:\/\/dudziaknetwork.com\/#website\"},\"datePublished\":\"2024-10-06T10:40:10+00:00\",\"dateModified\":\"2025-08-15T16:15:49+00:00\",\"breadcrumb\":{\"@id\":\"https:\/\/dudziaknetwork.com\/de\/ref-nordmark-mbds\/#breadcrumb\"},\"inLanguage\":\"de\",\"potentialAction\":[{\"@type\":\"ReadAction\",\"target\":[\"https:\/\/dudziaknetwork.com\/de\/ref-nordmark-mbds\/\"]}]},{\"@type\":\"BreadcrumbList\",\"@id\":\"https:\/\/dudziaknetwork.com\/de\/ref-nordmark-mbds\/#breadcrumb\",\"itemListElement\":[{\"@type\":\"ListItem\",\"position\":1,\"name\":\"Startseite\",\"item\":\"https:\/\/dudziaknetwork.com\/de\/\"},{\"@type\":\"ListItem\",\"position\":2,\"name\":\"Ref Nordmark MBDS\"}]},{\"@type\":\"WebSite\",\"@id\":\"https:\/\/dudziaknetwork.com\/#website\",\"url\":\"https:\/\/dudziaknetwork.com\/\",\"name\":\"Dudziak &amp; Network\",\"description\":\"Manufacturing Consulting\",\"potentialAction\":[{\"@type\":\"SearchAction\",\"target\":{\"@type\":\"EntryPoint\",\"urlTemplate\":\"https:\/\/dudziaknetwork.com\/?s={search_term_string}\"},\"query-input\":{\"@type\":\"PropertyValueSpecification\",\"valueRequired\":true,\"valueName\":\"search_term_string\"}}],\"inLanguage\":\"de\"}]}<\/script>\n<!-- \/ Yoast SEO plugin. -->","yoast_head_json":{"title":"Ref Nordmark MBDS - Dudziak &amp; Network","robots":{"index":"index","follow":"follow","max-snippet":"max-snippet:-1","max-image-preview":"max-image-preview:large","max-video-preview":"max-video-preview:-1"},"canonical":"https:\/\/dudziaknetwork.com\/de\/ref-nordmark-mbds\/","og_locale":"de_DE","og_type":"article","og_title":"Ref Nordmark MBDS - Dudziak &amp; Network","og_description":"[vc_row full_width=&#8220;stretch_row&#8220; type=&#8220;vc_default&#8220; css=&#8220;.vc_custom_1724230818887{margin-bottom: -1em !important;padding-bottom: 4vmin !important;}&#8220;][vc_column css=&#8220;.vc_custom_1724230828735{margin-bottom: -3.5em !important;}&#8220;][vc_raw_html css=&#8220;&#8220;]JTNDaDIlMjBzdHlsZSUzRCUyMmZvbnQtc2l6ZSUzQSUyMDIwMCUyNSUzQiUyMGxpbmUtaGVpZ2h0JTNBJTIwMS4yJTNCJTIwY29sb3IlM0ElMjAlMjMxOTlkYmIlMjIlM0UlMEFOb3JkbWFyayUyMFBoYXJtYSUwQSUzQ2JyJTNFJTNDc3BhbiUyMHN0eWxlJTNEJTIyZm9udC13ZWlnaHQlM0ElMjBub3JtYWwlMjIlM0UlMEFUZWNoLVRyYW5zZmVyJTIwdW5kJTIwSW5iZXRyaWVibmFobWUlMjBGZXJtZW50YXRpb25zcHJvemVzcyUwQSUzQyUyRnNwYW4lM0UlM0MlMkZoMiUzRSUwQSUzQ2JyJTNF[\/vc_raw_html][\/vc_column][\/vc_row][vc_row full_width=&#8220;stretch_row&#8220; gap=&#8220;30&#8243; equal_height=&#8220;yes&#8220; content_placement=&#8220;top&#8220; bg_type=&#8220;bg_color&#8220; type=&#8220;vc_default&#8220; margin_top=&#8220;55&#8243; margin_bottom=&#8220;5&#8243; css=&#8220;.vc_custom_1653395360355{margin-bottom: -3em !important;}&#8220;][vc_column width=&#8220;1\/2&#8243; css=&#8220;.vc_custom_1602858046274{margin-top: 0px !important;}&#8220;][vc_column_text css=&#8220;.vc_custom_1728314279649{margin-top: .4em !important;}&#8220;] Projekt Nordmark hat den Auftrag f\u00fcr die Marktproduktion eines mikrobiell hergestellten Wirkstoffs gewonnen. D&amp;N unterst\u00fctzte den Tech-Transfer und die Inbetriebnahme. Unsere Leistungen Projektmanagement \u2013 Erstellen&hellip;","og_url":"https:\/\/dudziaknetwork.com\/de\/ref-nordmark-mbds\/","og_site_name":"Dudziak &amp; Network","article_modified_time":"2025-08-15T16:15:49+00:00","twitter_card":"summary_large_image","twitter_misc":{"Gesch\u00e4tzte Lesezeit":"2\u00a0Minuten"},"schema":{"@context":"https:\/\/schema.org","@graph":[{"@type":"WebPage","@id":"https:\/\/dudziaknetwork.com\/de\/ref-nordmark-mbds\/","url":"https:\/\/dudziaknetwork.com\/de\/ref-nordmark-mbds\/","name":"Ref Nordmark MBDS - Dudziak &amp; Network","isPartOf":{"@id":"https:\/\/dudziaknetwork.com\/#website"},"datePublished":"2024-10-06T10:40:10+00:00","dateModified":"2025-08-15T16:15:49+00:00","breadcrumb":{"@id":"https:\/\/dudziaknetwork.com\/de\/ref-nordmark-mbds\/#breadcrumb"},"inLanguage":"de","potentialAction":[{"@type":"ReadAction","target":["https:\/\/dudziaknetwork.com\/de\/ref-nordmark-mbds\/"]}]},{"@type":"BreadcrumbList","@id":"https:\/\/dudziaknetwork.com\/de\/ref-nordmark-mbds\/#breadcrumb","itemListElement":[{"@type":"ListItem","position":1,"name":"Startseite","item":"https:\/\/dudziaknetwork.com\/de\/"},{"@type":"ListItem","position":2,"name":"Ref Nordmark MBDS"}]},{"@type":"WebSite","@id":"https:\/\/dudziaknetwork.com\/#website","url":"https:\/\/dudziaknetwork.com\/","name":"Dudziak &amp; Network","description":"Manufacturing Consulting","potentialAction":[{"@type":"SearchAction","target":{"@type":"EntryPoint","urlTemplate":"https:\/\/dudziaknetwork.com\/?s={search_term_string}"},"query-input":{"@type":"PropertyValueSpecification","valueRequired":true,"valueName":"search_term_string"}}],"inLanguage":"de"}]}},"_links":{"self":[{"href":"https:\/\/dudziaknetwork.com\/de\/wp-json\/wp\/v2\/pages\/351","targetHints":{"allow":["GET"]}}],"collection":[{"href":"https:\/\/dudziaknetwork.com\/de\/wp-json\/wp\/v2\/pages"}],"about":[{"href":"https:\/\/dudziaknetwork.com\/de\/wp-json\/wp\/v2\/types\/page"}],"author":[{"embeddable":true,"href":"https:\/\/dudziaknetwork.com\/de\/wp-json\/wp\/v2\/users\/2"}],"replies":[{"embeddable":true,"href":"https:\/\/dudziaknetwork.com\/de\/wp-json\/wp\/v2\/comments?post=351"}],"version-history":[{"count":5,"href":"https:\/\/dudziaknetwork.com\/de\/wp-json\/wp\/v2\/pages\/351\/revisions"}],"predecessor-version":[{"id":575,"href":"https:\/\/dudziaknetwork.com\/de\/wp-json\/wp\/v2\/pages\/351\/revisions\/575"}],"wp:attachment":[{"href":"https:\/\/dudziaknetwork.com\/de\/wp-json\/wp\/v2\/media?parent=351"}],"curies":[{"name":"wp","href":"https:\/\/api.w.org\/{rel}","templated":true}]}}