{"id":30,"date":"2024-08-14T14:40:28","date_gmt":"2024-08-14T12:40:28","guid":{"rendered":"http:\/\/dudziaknetwork2024.com\/?page_id=30"},"modified":"2024-08-27T17:54:37","modified_gmt":"2024-08-27T15:54:37","slug":"manfred-papaspyrou","status":"publish","type":"page","link":"https:\/\/dudziaknetwork.com\/de\/manfred-papaspyrou\/","title":{"rendered":"Manfred Papaspyrou"},"content":{"rendered":"<div class=\"wpb-content-wrapper\"><p>[vc_row full_width=&#8220;stretch_row&#8220; type=&#8220;vc_default&#8220; css=&#8220;.vc_custom_1724168598892{padding-bottom: 4vmin !important;}&#8220;][vc_column css=&#8220;.vc_custom_1619989379096{margin-bottom: -3.5em !important;}&#8220;]<div id=\"ultimate-heading-644569e64e1f02862\" class=\"uvc-heading ult-adjust-bottom-margin ultimate-heading-644569e64e1f02862 uvc-1342 \" data-hspacer=\"no_spacer\"  data-halign=\"left\" style=\"text-align:left\"><div class=\"uvc-heading-spacer no_spacer\" style=\"top\"><\/div><div class=\"uvc-main-heading ult-responsive\"  data-ultimate-target='.uvc-heading.ultimate-heading-644569e64e1f02862 h2'  data-responsive-json-new='{\"font-size\":\"desktop:32px;\",\"line-height\":\"\"}' ><h2 style=\"--font-weight:theme;color:#199dbb;\">Dr. Manfred Papaspyrou<\/h2><\/div><div class=\"uvc-sub-heading ult-responsive\"  data-ultimate-target='.uvc-heading.ultimate-heading-644569e64e1f02862 .uvc-sub-heading '  data-responsive-json-new='{\"font-size\":\"\",\"line-height\":\"\"}'  style=\"font-weight:normal;color:#0093b8;margin-bottom:2em;\">Business Development &amp; CMC Management<\/div><\/div>[vc_empty_space height=&#8220;10px&#8220;][\/vc_column][\/vc_row][vc_row full_width=&#8220;stretch_row&#8220; gap=&#8220;30&#8243; content_placement=&#8220;top&#8220; bg_type=&#8220;bg_color&#8220; type=&#8220;vc_default&#8220; margin_top=&#8220;55&#8243; margin_bottom=&#8220;5&#8243; css=&#8220;.vc_custom_1638095507397{margin-top: -1em !important;margin-bottom: -3em !important;}&#8220;][vc_column width=&#8220;1\/3&#8243;][vc_row_inner equal_height=&#8220;yes&#8220; css=&#8220;.vc_custom_1637948584493{margin-bottom: -3em !important;}&#8220;][vc_column_inner css=&#8220;.vc_custom_1638095497891{margin-right: 1em !important;margin-bottom: 3em !important;}&#8220;][vc_single_image image=&#8220;107&#8243; img_size=&#8220;full&#8220; style=&#8220;vc_box_rounded&#8220; css=&#8220;.vc_custom_1724168612752{padding-top: 6px !important;}&#8220; lazy_loading=&#8220;true&#8220;][\/vc_column_inner][\/vc_row_inner][\/vc_column][vc_column width=&#8220;2\/3&#8243; css=&#8220;.vc_custom_1602858046274{margin-top: 0px !important;}&#8220;][vc_column_text css=&#8220;.vc_custom_1719237235499{margin-top: .4em !important;}&#8220;]Mit \u00fcber 30 Jahren Erfahrung in der Biotech- und Pharmaindustrie ber\u00e4t Manfred seine Kunden in Business Development und Vertrieb f\u00fcr neue und etablierte Produkte und Leistungen \u2013 in Entwicklung, Technologie-Transfer und GMP-Produktion von Drug Substance und Drug Product. Viele Herausforderungen f\u00fcr Biopharma-Startups und Technologieunternehmen kennt er aus eigener Gr\u00fcnder-Erfahrung.[\/vc_column_text][\/vc_column][\/vc_row][vc_row full_width=&#8220;stretch_row&#8220; type=&#8220;vc_default&#8220; css=&#8220;.vc_custom_1637947523639{padding-bottom: 1em !important;}&#8220;][vc_column][vc_column_text css=&#8220;&#8220;]Nach dem Studium der Biologie und Promotion in der medizinischen Biotechnologie gr\u00fcndete Manfred das erste Biotech-Spinn-Off am Forschungszentrum J\u00fclich. Nach dem Verkauf seines Unternehmens wechselte er als Vertriebsleiter zum Biotech-CDMO Rentschler. Von S\u00fcddeutschland aus baute er die globale Vertriebsorganisation mit einer Niederlassung in den USA und einer Agentur in S\u00fcdkorea auf.<\/p>\n<p>Nach vielen erfolgreichen Jahren bei Rentschler gab ihm die Gr\u00fcndung seiner Beratung wieder mehr unternehmerischen Freiraum. Parallel dazu \u00fcbernahm er auf Zeit die Position des Technologie- und Innovationsmanagers bei Boehringer Ingelheim in Biberach. Im Anschluss daran baute Manfred bei der Glycotope Biotechnology in Heidelberg dBUSIen Gesch\u00e4ftsbereich Contract Manufacturing wieder neu auf.<\/p>\n<p>Manfred ber\u00e4t junge innovative Unternehmen, etablierte Mittelst\u00e4ndler und Konzerne. Sein gro\u00dfes Netzwerk und seine vielf\u00e4ltigen Kontakte in Unternehmen, Wissenschaft und Politik \u00f6ffnen seinen Kunden T\u00fcren und erm\u00f6glichen ihnen vielf\u00e4ltige Chancen.<\/p>\n<p>Manfred ist geb\u00fcrtiger K\u00f6lner und lebt seit \u00fcber 20 Jahren in der N\u00e4he von Ulm. Er kocht sehr gerne, interessiert sich f\u00fcr Kultur, Sport und f\u00fcr alte Autos.[\/vc_column_text][\/vc_column][\/vc_row][vc_row full_width=&#8220;stretch_row&#8220; type=&#8220;vc_default&#8220; css=&#8220;.vc_custom_1637947592764{padding-bottom: 1em !important;}&#8220;][vc_column]<div id=\"ultimate-heading-349369e64e1f02990\" class=\"uvc-heading ult-adjust-bottom-margin ultimate-heading-349369e64e1f02990 uvc-1573 \" data-hspacer=\"no_spacer\"  data-halign=\"left\" style=\"text-align:left\"><div class=\"uvc-heading-spacer no_spacer\" style=\"top\"><\/div><div class=\"uvc-main-heading ult-responsive\"  data-ultimate-target='.uvc-heading.ultimate-heading-349369e64e1f02990 h3'  data-responsive-json-new='{\"font-size\":\"desktop:22px;tablet:22px;tablet_portrait:22px;mobile_landscape:18px;mobile:18px;\",\"line-height\":\"desktop:28px;\"}' ><h3 style=\"font-weight:bold;color:#199dbb;margin-bottom:1em;\">Qualifikation<\/h3><\/div><\/div>[vc_column_text css=&#8220;&#8220;]<\/p>\n<ul>\n<li>Studium der Biologie und Promotion<br \/>\n<i>Universit\u00e4t K\u00f6ln und Forschungszentrum J\u00fclich\/Universit\u00e4t D\u00fcsseldorf<\/i><\/li>\n<\/ul>\n<p>[\/vc_column_text][\/vc_column][\/vc_row][vc_row full_width=&#8220;stretch_row&#8220; type=&#8220;vc_default&#8220; css=&#8220;.vc_custom_1637947584983{padding-bottom: 1em !important;}&#8220;][vc_column]<div id=\"ultimate-heading-783269e64e1f02a6e\" class=\"uvc-heading ult-adjust-bottom-margin ultimate-heading-783269e64e1f02a6e uvc-6487 \" data-hspacer=\"no_spacer\"  data-halign=\"left\" style=\"text-align:left\"><div class=\"uvc-heading-spacer no_spacer\" style=\"top\"><\/div><div class=\"uvc-main-heading ult-responsive\"  data-ultimate-target='.uvc-heading.ultimate-heading-783269e64e1f02a6e h3'  data-responsive-json-new='{\"font-size\":\"desktop:22px;tablet:22px;tablet_portrait:22px;mobile_landscape:18px;mobile:18px;\",\"line-height\":\"desktop:28px;\"}' ><h3 style=\"font-weight:bold;color:#199dbb;margin-bottom:1em;\">Berufserfahrung<\/h3><\/div><\/div>[vc_column_text css=&#8220;&#8220;]<\/p>\n<ul>\n<li>Berater<br \/>\n<i>Papaspyrou Biotechnologie<\/i><\/li>\n<li>Head of Sales &amp; Marketing<br \/>\n<i>Glycotope Biotechnology GmbH<\/i><\/li>\n<li>Senior Manager Technology &amp; Innovation<br \/>\n<i>Boehringer Ingelheim Pharmaceuticals GmbH<\/i><\/li>\n<li>Vice President Sales &amp; Marketing<br \/>\n<i>Rentschler Biotechnologie GmbH<\/i><\/li>\n<li>Gesch\u00e4ftsf\u00fchrender Gesellschafter<br \/>\n<i>Papaspyrou Biotechnologie GmbH<\/i><\/li>\n<\/ul>\n<p>[\/vc_column_text][\/vc_column][\/vc_row]<\/p>\n<\/div>","protected":false},"excerpt":{"rendered":"<p>[vc_row full_width=&#8220;stretch_row&#8220; type=&#8220;vc_default&#8220; css=&#8220;.vc_custom_1724168598892{padding-bottom: 4vmin !important;}&#8220;][vc_column css=&#8220;.vc_custom_1619989379096{margin-bottom: -3.5em !important;}&#8220;][vc_empty_space height=&#8220;10px&#8220;][\/vc_column][\/vc_row][vc_row full_width=&#8220;stretch_row&#8220; gap=&#8220;30&#8243; content_placement=&#8220;top&#8220; bg_type=&#8220;bg_color&#8220; type=&#8220;vc_default&#8220; margin_top=&#8220;55&#8243; margin_bottom=&#8220;5&#8243; css=&#8220;.vc_custom_1638095507397{margin-top: -1em !important;margin-bottom: -3em !important;}&#8220;][vc_column width=&#8220;1\/3&#8243;][vc_row_inner equal_height=&#8220;yes&#8220; css=&#8220;.vc_custom_1637948584493{margin-bottom: -3em !important;}&#8220;][vc_column_inner css=&#8220;.vc_custom_1638095497891{margin-right: 1em !important;margin-bottom: 3em !important;}&#8220;][vc_single_image image=&#8220;107&#8243; img_size=&#8220;full&#8220; style=&#8220;vc_box_rounded&#8220; css=&#8220;.vc_custom_1724168612752{padding-top: 6px !important;}&#8220; lazy_loading=&#8220;true&#8220;][\/vc_column_inner][\/vc_row_inner][\/vc_column][vc_column width=&#8220;2\/3&#8243; css=&#8220;.vc_custom_1602858046274{margin-top: 0px !important;}&#8220;][vc_column_text css=&#8220;.vc_custom_1719237235499{margin-top: .4em !important;}&#8220;]Mit \u00fcber 30 Jahren Erfahrung in der Biotech- und Pharmaindustrie&hellip;<\/p>\n","protected":false},"author":1,"featured_media":0,"parent":0,"menu_order":0,"comment_status":"closed","ping_status":"closed","template":"","meta":{"footnotes":""},"class_list":["post-30","page","type-page","status-publish","hentry","description-off"],"yoast_head":"<!-- This site is optimized with the Yoast SEO plugin v26.8 - https:\/\/yoast.com\/product\/yoast-seo-wordpress\/ -->\n<title>Manfred Papaspyrou - Dudziak &amp; Network<\/title>\n<meta name=\"robots\" content=\"index, follow, max-snippet:-1, max-image-preview:large, max-video-preview:-1\" \/>\n<link rel=\"canonical\" href=\"https:\/\/dudziaknetwork.com\/de\/manfred-papaspyrou\/\" \/>\n<meta property=\"og:locale\" content=\"de_DE\" \/>\n<meta property=\"og:type\" content=\"article\" \/>\n<meta property=\"og:title\" content=\"Manfred Papaspyrou - Dudziak &amp; Network\" \/>\n<meta property=\"og:description\" content=\"[vc_row full_width=&#8220;stretch_row&#8220; type=&#8220;vc_default&#8220; css=&#8220;.vc_custom_1724168598892{padding-bottom: 4vmin !important;}&#8220;][vc_column css=&#8220;.vc_custom_1619989379096{margin-bottom: -3.5em !important;}&#8220;][vc_empty_space height=&#8220;10px&#8220;][\/vc_column][\/vc_row][vc_row full_width=&#8220;stretch_row&#8220; gap=&#8220;30&#8243; content_placement=&#8220;top&#8220; bg_type=&#8220;bg_color&#8220; type=&#8220;vc_default&#8220; margin_top=&#8220;55&#8243; margin_bottom=&#8220;5&#8243; css=&#8220;.vc_custom_1638095507397{margin-top: -1em !important;margin-bottom: -3em !important;}&#8220;][vc_column width=&#8220;1\/3&#8243;][vc_row_inner equal_height=&#8220;yes&#8220; css=&#8220;.vc_custom_1637948584493{margin-bottom: -3em !important;}&#8220;][vc_column_inner css=&#8220;.vc_custom_1638095497891{margin-right: 1em !important;margin-bottom: 3em !important;}&#8220;][vc_single_image image=&#8220;107&#8243; img_size=&#8220;full&#8220; style=&#8220;vc_box_rounded&#8220; css=&#8220;.vc_custom_1724168612752{padding-top: 6px !important;}&#8220; lazy_loading=&#8220;true&#8220;][\/vc_column_inner][\/vc_row_inner][\/vc_column][vc_column width=&#8220;2\/3&#8243; css=&#8220;.vc_custom_1602858046274{margin-top: 0px !important;}&#8220;][vc_column_text css=&#8220;.vc_custom_1719237235499{margin-top: .4em !important;}&#8220;]Mit \u00fcber 30 Jahren Erfahrung in der Biotech- und Pharmaindustrie&hellip;\" \/>\n<meta property=\"og:url\" content=\"https:\/\/dudziaknetwork.com\/de\/manfred-papaspyrou\/\" \/>\n<meta property=\"og:site_name\" content=\"Dudziak &amp; Network\" \/>\n<meta property=\"article:modified_time\" content=\"2024-08-27T15:54:37+00:00\" \/>\n<meta name=\"twitter:card\" content=\"summary_large_image\" \/>\n<meta name=\"twitter:label1\" content=\"Gesch\u00e4tzte Lesezeit\" \/>\n\t<meta name=\"twitter:data1\" content=\"2\u00a0Minuten\" \/>\n<script type=\"application\/ld+json\" class=\"yoast-schema-graph\">{\"@context\":\"https:\/\/schema.org\",\"@graph\":[{\"@type\":\"WebPage\",\"@id\":\"https:\/\/dudziaknetwork.com\/de\/manfred-papaspyrou\/\",\"url\":\"https:\/\/dudziaknetwork.com\/de\/manfred-papaspyrou\/\",\"name\":\"Manfred Papaspyrou - Dudziak &amp; Network\",\"isPartOf\":{\"@id\":\"https:\/\/dudziaknetwork.com\/#website\"},\"datePublished\":\"2024-08-14T12:40:28+00:00\",\"dateModified\":\"2024-08-27T15:54:37+00:00\",\"breadcrumb\":{\"@id\":\"https:\/\/dudziaknetwork.com\/de\/manfred-papaspyrou\/#breadcrumb\"},\"inLanguage\":\"de\",\"potentialAction\":[{\"@type\":\"ReadAction\",\"target\":[\"https:\/\/dudziaknetwork.com\/de\/manfred-papaspyrou\/\"]}]},{\"@type\":\"BreadcrumbList\",\"@id\":\"https:\/\/dudziaknetwork.com\/de\/manfred-papaspyrou\/#breadcrumb\",\"itemListElement\":[{\"@type\":\"ListItem\",\"position\":1,\"name\":\"Startseite\",\"item\":\"https:\/\/dudziaknetwork.com\/de\/\"},{\"@type\":\"ListItem\",\"position\":2,\"name\":\"Manfred Papaspyrou\"}]},{\"@type\":\"WebSite\",\"@id\":\"https:\/\/dudziaknetwork.com\/#website\",\"url\":\"https:\/\/dudziaknetwork.com\/\",\"name\":\"Dudziak &amp; Network\",\"description\":\"Manufacturing Consulting\",\"potentialAction\":[{\"@type\":\"SearchAction\",\"target\":{\"@type\":\"EntryPoint\",\"urlTemplate\":\"https:\/\/dudziaknetwork.com\/?s={search_term_string}\"},\"query-input\":{\"@type\":\"PropertyValueSpecification\",\"valueRequired\":true,\"valueName\":\"search_term_string\"}}],\"inLanguage\":\"de\"}]}<\/script>\n<!-- \/ Yoast SEO plugin. -->","yoast_head_json":{"title":"Manfred Papaspyrou - Dudziak &amp; Network","robots":{"index":"index","follow":"follow","max-snippet":"max-snippet:-1","max-image-preview":"max-image-preview:large","max-video-preview":"max-video-preview:-1"},"canonical":"https:\/\/dudziaknetwork.com\/de\/manfred-papaspyrou\/","og_locale":"de_DE","og_type":"article","og_title":"Manfred Papaspyrou - Dudziak &amp; Network","og_description":"[vc_row full_width=&#8220;stretch_row&#8220; type=&#8220;vc_default&#8220; css=&#8220;.vc_custom_1724168598892{padding-bottom: 4vmin !important;}&#8220;][vc_column css=&#8220;.vc_custom_1619989379096{margin-bottom: -3.5em !important;}&#8220;][vc_empty_space height=&#8220;10px&#8220;][\/vc_column][\/vc_row][vc_row full_width=&#8220;stretch_row&#8220; gap=&#8220;30&#8243; content_placement=&#8220;top&#8220; bg_type=&#8220;bg_color&#8220; type=&#8220;vc_default&#8220; margin_top=&#8220;55&#8243; margin_bottom=&#8220;5&#8243; css=&#8220;.vc_custom_1638095507397{margin-top: -1em !important;margin-bottom: -3em !important;}&#8220;][vc_column width=&#8220;1\/3&#8243;][vc_row_inner equal_height=&#8220;yes&#8220; css=&#8220;.vc_custom_1637948584493{margin-bottom: -3em !important;}&#8220;][vc_column_inner css=&#8220;.vc_custom_1638095497891{margin-right: 1em !important;margin-bottom: 3em !important;}&#8220;][vc_single_image image=&#8220;107&#8243; img_size=&#8220;full&#8220; style=&#8220;vc_box_rounded&#8220; css=&#8220;.vc_custom_1724168612752{padding-top: 6px !important;}&#8220; lazy_loading=&#8220;true&#8220;][\/vc_column_inner][\/vc_row_inner][\/vc_column][vc_column width=&#8220;2\/3&#8243; css=&#8220;.vc_custom_1602858046274{margin-top: 0px !important;}&#8220;][vc_column_text css=&#8220;.vc_custom_1719237235499{margin-top: .4em !important;}&#8220;]Mit \u00fcber 30 Jahren Erfahrung in der Biotech- und Pharmaindustrie&hellip;","og_url":"https:\/\/dudziaknetwork.com\/de\/manfred-papaspyrou\/","og_site_name":"Dudziak &amp; Network","article_modified_time":"2024-08-27T15:54:37+00:00","twitter_card":"summary_large_image","twitter_misc":{"Gesch\u00e4tzte Lesezeit":"2\u00a0Minuten"},"schema":{"@context":"https:\/\/schema.org","@graph":[{"@type":"WebPage","@id":"https:\/\/dudziaknetwork.com\/de\/manfred-papaspyrou\/","url":"https:\/\/dudziaknetwork.com\/de\/manfred-papaspyrou\/","name":"Manfred Papaspyrou - Dudziak &amp; Network","isPartOf":{"@id":"https:\/\/dudziaknetwork.com\/#website"},"datePublished":"2024-08-14T12:40:28+00:00","dateModified":"2024-08-27T15:54:37+00:00","breadcrumb":{"@id":"https:\/\/dudziaknetwork.com\/de\/manfred-papaspyrou\/#breadcrumb"},"inLanguage":"de","potentialAction":[{"@type":"ReadAction","target":["https:\/\/dudziaknetwork.com\/de\/manfred-papaspyrou\/"]}]},{"@type":"BreadcrumbList","@id":"https:\/\/dudziaknetwork.com\/de\/manfred-papaspyrou\/#breadcrumb","itemListElement":[{"@type":"ListItem","position":1,"name":"Startseite","item":"https:\/\/dudziaknetwork.com\/de\/"},{"@type":"ListItem","position":2,"name":"Manfred Papaspyrou"}]},{"@type":"WebSite","@id":"https:\/\/dudziaknetwork.com\/#website","url":"https:\/\/dudziaknetwork.com\/","name":"Dudziak &amp; Network","description":"Manufacturing Consulting","potentialAction":[{"@type":"SearchAction","target":{"@type":"EntryPoint","urlTemplate":"https:\/\/dudziaknetwork.com\/?s={search_term_string}"},"query-input":{"@type":"PropertyValueSpecification","valueRequired":true,"valueName":"search_term_string"}}],"inLanguage":"de"}]}},"_links":{"self":[{"href":"https:\/\/dudziaknetwork.com\/de\/wp-json\/wp\/v2\/pages\/30","targetHints":{"allow":["GET"]}}],"collection":[{"href":"https:\/\/dudziaknetwork.com\/de\/wp-json\/wp\/v2\/pages"}],"about":[{"href":"https:\/\/dudziaknetwork.com\/de\/wp-json\/wp\/v2\/types\/page"}],"author":[{"embeddable":true,"href":"https:\/\/dudziaknetwork.com\/de\/wp-json\/wp\/v2\/users\/1"}],"replies":[{"embeddable":true,"href":"https:\/\/dudziaknetwork.com\/de\/wp-json\/wp\/v2\/comments?post=30"}],"version-history":[{"count":3,"href":"https:\/\/dudziaknetwork.com\/de\/wp-json\/wp\/v2\/pages\/30\/revisions"}],"predecessor-version":[{"id":318,"href":"https:\/\/dudziaknetwork.com\/de\/wp-json\/wp\/v2\/pages\/30\/revisions\/318"}],"wp:attachment":[{"href":"https:\/\/dudziaknetwork.com\/de\/wp-json\/wp\/v2\/media?parent=30"}],"curies":[{"name":"wp","href":"https:\/\/api.w.org\/{rel}","templated":true}]}}