{"id":22,"date":"2024-08-14T14:38:44","date_gmt":"2024-08-14T12:38:44","guid":{"rendered":"http:\/\/dudziaknetwork2024.com\/?page_id=22"},"modified":"2024-08-27T17:54:26","modified_gmt":"2024-08-27T15:54:26","slug":"dr-alrik-koppenhoefer","status":"publish","type":"page","link":"https:\/\/dudziaknetwork.com\/de\/dr-alrik-koppenhoefer\/","title":{"rendered":"Dr. Alrik Koppenh\u00f6fer"},"content":{"rendered":"<div class=\"wpb-content-wrapper\"><p>[vc_row full_width=&#8220;stretch_row&#8220; type=&#8220;vc_default&#8220; css=&#8220;.vc_custom_1724168505487{padding-bottom: 4vmin !important;}&#8220;][vc_column css=&#8220;.vc_custom_1619989379096{margin-bottom: -3.5em !important;}&#8220;]<div id=\"ultimate-heading-516469f61cad21e47\" class=\"uvc-heading ult-adjust-bottom-margin ultimate-heading-516469f61cad21e47 uvc-9465 \" data-hspacer=\"no_spacer\"  data-halign=\"left\" style=\"text-align:left\"><div class=\"uvc-heading-spacer no_spacer\" style=\"top\"><\/div><div class=\"uvc-main-heading ult-responsive\"  data-ultimate-target='.uvc-heading.ultimate-heading-516469f61cad21e47 h2'  data-responsive-json-new='{\"font-size\":\"desktop:32px;\",\"line-height\":\"\"}' ><h2 style=\"--font-weight:theme;color:#199dbb;\">Dr. Alrik Koppenh\u00f6fer<\/h2><\/div><div class=\"uvc-sub-heading ult-responsive\"  data-ultimate-target='.uvc-heading.ultimate-heading-516469f61cad21e47 .uvc-sub-heading '  data-responsive-json-new='{\"font-size\":\"\",\"line-height\":\"\"}'  style=\"font-weight:normal;color:#0093b8;margin-bottom:2em;\">Business Development und Marketing Consulting<\/div><\/div>[vc_empty_space height=&#8220;10px&#8220;][\/vc_column][\/vc_row][vc_row full_width=&#8220;stretch_row&#8220; gap=&#8220;30&#8243; content_placement=&#8220;top&#8220; bg_type=&#8220;bg_color&#8220; type=&#8220;vc_default&#8220; margin_top=&#8220;55&#8243; margin_bottom=&#8220;5&#8243; css=&#8220;.vc_custom_1638095431589{margin-top: -1em !important;margin-bottom: -3em !important;}&#8220;][vc_column width=&#8220;1\/3&#8243;][vc_row_inner equal_height=&#8220;yes&#8220; css=&#8220;.vc_custom_1637948584493{margin-bottom: -3em !important;}&#8220;][vc_column_inner css=&#8220;.vc_custom_1638095382799{margin-right: 1em !important;margin-bottom: 3em !important;}&#8220;][vc_single_image image=&#8220;106&#8243; img_size=&#8220;full&#8220; style=&#8220;vc_box_rounded&#8220; css=&#8220;.vc_custom_1724168521728{padding-top: 6px !important;}&#8220; lazy_loading=&#8220;true&#8220;][\/vc_column_inner][\/vc_row_inner][\/vc_column][vc_column width=&#8220;2\/3&#8243; css=&#8220;.vc_custom_1602858046274{margin-top: 0px !important;}&#8220;][vc_column_text css=&#8220;.vc_custom_1702052016833{margin-top: .4em !important;}&#8220;]Alrik Koppenh\u00f6fer bietet seit 2004 Beratungsdienstleistungen f\u00fcr F\u00fchrungskr\u00e4fte und Investoren in der Biotech-Branche an. Er arbeitet seit \u00fcber 20 Jahren in der Life-Science-Industrie und in der akademischen Welt und hat mehr als 50 Projekte durchgef\u00fchrt. Er ist der Gr\u00fcnder des Life Science Consulting Network (LSCN) und war an der Gr\u00fcndung mehrerer Unternehmen beteiligt.<\/p>\n<p>Er war VP Business Development bei Axaron Bioscience AG. In dieser Funktion baute er ein Vertriebs- und Marketingteam auf und leitete es, f\u00fchrte zwei Technologieplattformen ein, l\u00f6ste IP-Probleme und leitete eine Firmenausgliederung. Dar\u00fcber hinaus pr\u00e4sentierte er das ZNS-Produktportfolio von Axaron vor F\u00fchrungskr\u00e4ften von Big Pharma weltweit.[\/vc_column_text][\/vc_column][\/vc_row][vc_row full_width=&#8220;stretch_row&#8220; type=&#8220;vc_default&#8220; css=&#8220;.vc_custom_1637947523639{padding-bottom: 1em !important;}&#8220;][vc_column][vc_column_text]Bei der LION bioscience AG hatte Alrik Schl\u00fcsselpositionen in den Bereichen Gesch\u00e4ftsentwicklung, Produkt- und Projektmanagement inne. Er war verantwortlich f\u00fcr die Einlizenzierung und das Produktmanagement von Softwareanwendungen und Datenbanken von Drittanbietern.<\/p>\n<p>Zuvor arbeitete er im Oxford Science Park als Berater f\u00fcr verschiedene Unternehmen im Gesundheitswesen und als Projektmanager f\u00fcr eine internationale wissenschaftliche Beratungsfirma in Zusammenarbeit mit dem Wellcome Trust Centre for the Epidemiology of Infectious Disease, University of Oxford.<\/p>\n<p>Als Marie-Curie-Stipendiat promovierte Alrik in Biochemie an der Universit\u00e4t Oxford und besitzt einen Abschluss in Chemie der Universit\u00e4t Freiburg, Deutschland. Seine Arbeitssprachen sind Deutsch und Englisch.<\/p>\n<p>Alrik ist in Kiel aufgewachsen und lebt mit seiner Frau und seinen vier Kindern in Heidelberg. Er liebt Outdoor-Aktivit\u00e4ten, Musik und Kochen f\u00fcr seine Familie und Freunde.[\/vc_column_text][\/vc_column][\/vc_row][vc_row full_width=&#8220;stretch_row&#8220; type=&#8220;vc_default&#8220; css=&#8220;.vc_custom_1637947592764{padding-bottom: 1em !important;}&#8220;][vc_column]<div id=\"ultimate-heading-53069f61cad21ed2\" class=\"uvc-heading ult-adjust-bottom-margin ultimate-heading-53069f61cad21ed2 uvc-4154 \" data-hspacer=\"no_spacer\"  data-halign=\"left\" style=\"text-align:left\"><div class=\"uvc-heading-spacer no_spacer\" style=\"top\"><\/div><div class=\"uvc-main-heading ult-responsive\"  data-ultimate-target='.uvc-heading.ultimate-heading-53069f61cad21ed2 h3'  data-responsive-json-new='{\"font-size\":\"desktop:22px;tablet:22px;tablet_portrait:22px;mobile_landscape:18px;mobile:18px;\",\"line-height\":\"desktop:28px;\"}' ><h3 style=\"font-weight:bold;color:#199dbb;margin-bottom:1em;\">Qualifikation<\/h3><\/div><\/div>[vc_column_text]<\/p>\n<ul>\n<li>Studium der Chemie<br \/>\n<i>University of Freiburg, Germany, and University of Sussex, UK<\/i><\/li>\n<li>Promotion in Biochemie<br \/>\n<i>University of Oxford, UK<\/i><\/li>\n<\/ul>\n<p>[\/vc_column_text][\/vc_column][\/vc_row][vc_row full_width=&#8220;stretch_row&#8220; type=&#8220;vc_default&#8220; css=&#8220;.vc_custom_1637947584983{padding-bottom: 1em !important;}&#8220;][vc_column]<div id=\"ultimate-heading-570269f61cad21f33\" class=\"uvc-heading ult-adjust-bottom-margin ultimate-heading-570269f61cad21f33 uvc-7546 \" data-hspacer=\"no_spacer\"  data-halign=\"left\" style=\"text-align:left\"><div class=\"uvc-heading-spacer no_spacer\" style=\"top\"><\/div><div class=\"uvc-main-heading ult-responsive\"  data-ultimate-target='.uvc-heading.ultimate-heading-570269f61cad21f33 h3'  data-responsive-json-new='{\"font-size\":\"desktop:22px;tablet:22px;tablet_portrait:22px;mobile_landscape:18px;mobile:18px;\",\"line-height\":\"desktop:28px;\"}' ><h3 style=\"font-weight:bold;color:#199dbb;margin-bottom:1em;\">Berufserfahrung<\/h3><\/div><\/div>[vc_column_text]<\/p>\n<ul>\n<li>Managing director und partner<br \/>\n<i>LSCN GmbH, previously LSCN Ltd<\/i><\/li>\n<li>Business Consultant<br \/>\n<i>Koppenh\u00f6fer Business Consulting<\/i><\/li>\n<li>Vice President Business Development<br \/>\n<i>Axaron Bioscience GmbH<\/i><\/li>\n<li>Business Development Manager<br \/>\n<i>LION bioscience AG<\/i><\/li>\n<li>Third Party Product Manager<br \/>\n<i>LION bioscience AG<\/i><\/li>\n<li>Healthcare Consultant<br \/>\n<i>OxfordSciText, IBHSC Ltd.<\/i><\/li>\n<\/ul>\n<p>[\/vc_column_text][\/vc_column][\/vc_row]<\/p>\n<\/div>","protected":false},"excerpt":{"rendered":"<p>[vc_row full_width=&#8220;stretch_row&#8220; type=&#8220;vc_default&#8220; css=&#8220;.vc_custom_1724168505487{padding-bottom: 4vmin !important;}&#8220;][vc_column css=&#8220;.vc_custom_1619989379096{margin-bottom: -3.5em !important;}&#8220;][vc_empty_space height=&#8220;10px&#8220;][\/vc_column][\/vc_row][vc_row full_width=&#8220;stretch_row&#8220; gap=&#8220;30&#8243; content_placement=&#8220;top&#8220; bg_type=&#8220;bg_color&#8220; type=&#8220;vc_default&#8220; margin_top=&#8220;55&#8243; margin_bottom=&#8220;5&#8243; css=&#8220;.vc_custom_1638095431589{margin-top: -1em !important;margin-bottom: -3em !important;}&#8220;][vc_column width=&#8220;1\/3&#8243;][vc_row_inner equal_height=&#8220;yes&#8220; css=&#8220;.vc_custom_1637948584493{margin-bottom: -3em !important;}&#8220;][vc_column_inner css=&#8220;.vc_custom_1638095382799{margin-right: 1em !important;margin-bottom: 3em !important;}&#8220;][vc_single_image image=&#8220;106&#8243; img_size=&#8220;full&#8220; style=&#8220;vc_box_rounded&#8220; css=&#8220;.vc_custom_1724168521728{padding-top: 6px !important;}&#8220; lazy_loading=&#8220;true&#8220;][\/vc_column_inner][\/vc_row_inner][\/vc_column][vc_column width=&#8220;2\/3&#8243; css=&#8220;.vc_custom_1602858046274{margin-top: 0px !important;}&#8220;][vc_column_text css=&#8220;.vc_custom_1702052016833{margin-top: .4em !important;}&#8220;]Alrik Koppenh\u00f6fer bietet seit 2004 Beratungsdienstleistungen f\u00fcr F\u00fchrungskr\u00e4fte und Investoren&hellip;<\/p>\n","protected":false},"author":1,"featured_media":0,"parent":0,"menu_order":0,"comment_status":"closed","ping_status":"closed","template":"","meta":{"footnotes":""},"class_list":["post-22","page","type-page","status-publish","hentry","description-off"],"yoast_head":"<!-- This site is optimized with the Yoast SEO plugin v26.8 - https:\/\/yoast.com\/product\/yoast-seo-wordpress\/ -->\n<title>Dr. Alrik Koppenh\u00f6fer - Dudziak &amp; Network<\/title>\n<meta name=\"robots\" content=\"index, follow, max-snippet:-1, max-image-preview:large, max-video-preview:-1\" \/>\n<link rel=\"canonical\" href=\"https:\/\/dudziaknetwork.com\/de\/dr-alrik-koppenhoefer\/\" \/>\n<meta property=\"og:locale\" content=\"de_DE\" \/>\n<meta property=\"og:type\" content=\"article\" \/>\n<meta property=\"og:title\" content=\"Dr. Alrik Koppenh\u00f6fer - Dudziak &amp; Network\" \/>\n<meta property=\"og:description\" content=\"[vc_row full_width=&#8220;stretch_row&#8220; type=&#8220;vc_default&#8220; css=&#8220;.vc_custom_1724168505487{padding-bottom: 4vmin !important;}&#8220;][vc_column css=&#8220;.vc_custom_1619989379096{margin-bottom: -3.5em !important;}&#8220;][vc_empty_space height=&#8220;10px&#8220;][\/vc_column][\/vc_row][vc_row full_width=&#8220;stretch_row&#8220; gap=&#8220;30&#8243; content_placement=&#8220;top&#8220; bg_type=&#8220;bg_color&#8220; type=&#8220;vc_default&#8220; margin_top=&#8220;55&#8243; margin_bottom=&#8220;5&#8243; css=&#8220;.vc_custom_1638095431589{margin-top: -1em !important;margin-bottom: -3em !important;}&#8220;][vc_column width=&#8220;1\/3&#8243;][vc_row_inner equal_height=&#8220;yes&#8220; css=&#8220;.vc_custom_1637948584493{margin-bottom: -3em !important;}&#8220;][vc_column_inner css=&#8220;.vc_custom_1638095382799{margin-right: 1em !important;margin-bottom: 3em !important;}&#8220;][vc_single_image image=&#8220;106&#8243; img_size=&#8220;full&#8220; style=&#8220;vc_box_rounded&#8220; css=&#8220;.vc_custom_1724168521728{padding-top: 6px !important;}&#8220; lazy_loading=&#8220;true&#8220;][\/vc_column_inner][\/vc_row_inner][\/vc_column][vc_column width=&#8220;2\/3&#8243; css=&#8220;.vc_custom_1602858046274{margin-top: 0px !important;}&#8220;][vc_column_text css=&#8220;.vc_custom_1702052016833{margin-top: .4em !important;}&#8220;]Alrik Koppenh\u00f6fer bietet seit 2004 Beratungsdienstleistungen f\u00fcr F\u00fchrungskr\u00e4fte und Investoren&hellip;\" \/>\n<meta property=\"og:url\" content=\"https:\/\/dudziaknetwork.com\/de\/dr-alrik-koppenhoefer\/\" \/>\n<meta property=\"og:site_name\" content=\"Dudziak &amp; Network\" \/>\n<meta property=\"article:modified_time\" content=\"2024-08-27T15:54:26+00:00\" \/>\n<meta name=\"twitter:card\" content=\"summary_large_image\" \/>\n<meta name=\"twitter:label1\" content=\"Gesch\u00e4tzte Lesezeit\" \/>\n\t<meta name=\"twitter:data1\" content=\"2\u00a0Minuten\" \/>\n<script type=\"application\/ld+json\" class=\"yoast-schema-graph\">{\"@context\":\"https:\/\/schema.org\",\"@graph\":[{\"@type\":\"WebPage\",\"@id\":\"https:\/\/dudziaknetwork.com\/de\/dr-alrik-koppenhoefer\/\",\"url\":\"https:\/\/dudziaknetwork.com\/de\/dr-alrik-koppenhoefer\/\",\"name\":\"Dr. Alrik Koppenh\u00f6fer - Dudziak &amp; Network\",\"isPartOf\":{\"@id\":\"https:\/\/dudziaknetwork.com\/#website\"},\"datePublished\":\"2024-08-14T12:38:44+00:00\",\"dateModified\":\"2024-08-27T15:54:26+00:00\",\"breadcrumb\":{\"@id\":\"https:\/\/dudziaknetwork.com\/de\/dr-alrik-koppenhoefer\/#breadcrumb\"},\"inLanguage\":\"de\",\"potentialAction\":[{\"@type\":\"ReadAction\",\"target\":[\"https:\/\/dudziaknetwork.com\/de\/dr-alrik-koppenhoefer\/\"]}]},{\"@type\":\"BreadcrumbList\",\"@id\":\"https:\/\/dudziaknetwork.com\/de\/dr-alrik-koppenhoefer\/#breadcrumb\",\"itemListElement\":[{\"@type\":\"ListItem\",\"position\":1,\"name\":\"Startseite\",\"item\":\"https:\/\/dudziaknetwork.com\/de\/\"},{\"@type\":\"ListItem\",\"position\":2,\"name\":\"Dr. Alrik Koppenh\u00f6fer\"}]},{\"@type\":\"WebSite\",\"@id\":\"https:\/\/dudziaknetwork.com\/#website\",\"url\":\"https:\/\/dudziaknetwork.com\/\",\"name\":\"Dudziak &amp; Network\",\"description\":\"Manufacturing Consulting\",\"potentialAction\":[{\"@type\":\"SearchAction\",\"target\":{\"@type\":\"EntryPoint\",\"urlTemplate\":\"https:\/\/dudziaknetwork.com\/?s={search_term_string}\"},\"query-input\":{\"@type\":\"PropertyValueSpecification\",\"valueRequired\":true,\"valueName\":\"search_term_string\"}}],\"inLanguage\":\"de\"}]}<\/script>\n<!-- \/ Yoast SEO plugin. -->","yoast_head_json":{"title":"Dr. Alrik Koppenh\u00f6fer - Dudziak &amp; Network","robots":{"index":"index","follow":"follow","max-snippet":"max-snippet:-1","max-image-preview":"max-image-preview:large","max-video-preview":"max-video-preview:-1"},"canonical":"https:\/\/dudziaknetwork.com\/de\/dr-alrik-koppenhoefer\/","og_locale":"de_DE","og_type":"article","og_title":"Dr. Alrik Koppenh\u00f6fer - Dudziak &amp; Network","og_description":"[vc_row full_width=&#8220;stretch_row&#8220; type=&#8220;vc_default&#8220; css=&#8220;.vc_custom_1724168505487{padding-bottom: 4vmin !important;}&#8220;][vc_column css=&#8220;.vc_custom_1619989379096{margin-bottom: -3.5em !important;}&#8220;][vc_empty_space height=&#8220;10px&#8220;][\/vc_column][\/vc_row][vc_row full_width=&#8220;stretch_row&#8220; gap=&#8220;30&#8243; content_placement=&#8220;top&#8220; bg_type=&#8220;bg_color&#8220; type=&#8220;vc_default&#8220; margin_top=&#8220;55&#8243; margin_bottom=&#8220;5&#8243; css=&#8220;.vc_custom_1638095431589{margin-top: -1em !important;margin-bottom: -3em !important;}&#8220;][vc_column width=&#8220;1\/3&#8243;][vc_row_inner equal_height=&#8220;yes&#8220; css=&#8220;.vc_custom_1637948584493{margin-bottom: -3em !important;}&#8220;][vc_column_inner css=&#8220;.vc_custom_1638095382799{margin-right: 1em !important;margin-bottom: 3em !important;}&#8220;][vc_single_image image=&#8220;106&#8243; img_size=&#8220;full&#8220; style=&#8220;vc_box_rounded&#8220; css=&#8220;.vc_custom_1724168521728{padding-top: 6px !important;}&#8220; lazy_loading=&#8220;true&#8220;][\/vc_column_inner][\/vc_row_inner][\/vc_column][vc_column width=&#8220;2\/3&#8243; css=&#8220;.vc_custom_1602858046274{margin-top: 0px !important;}&#8220;][vc_column_text css=&#8220;.vc_custom_1702052016833{margin-top: .4em !important;}&#8220;]Alrik Koppenh\u00f6fer bietet seit 2004 Beratungsdienstleistungen f\u00fcr F\u00fchrungskr\u00e4fte und Investoren&hellip;","og_url":"https:\/\/dudziaknetwork.com\/de\/dr-alrik-koppenhoefer\/","og_site_name":"Dudziak &amp; Network","article_modified_time":"2024-08-27T15:54:26+00:00","twitter_card":"summary_large_image","twitter_misc":{"Gesch\u00e4tzte Lesezeit":"2\u00a0Minuten"},"schema":{"@context":"https:\/\/schema.org","@graph":[{"@type":"WebPage","@id":"https:\/\/dudziaknetwork.com\/de\/dr-alrik-koppenhoefer\/","url":"https:\/\/dudziaknetwork.com\/de\/dr-alrik-koppenhoefer\/","name":"Dr. Alrik Koppenh\u00f6fer - Dudziak &amp; Network","isPartOf":{"@id":"https:\/\/dudziaknetwork.com\/#website"},"datePublished":"2024-08-14T12:38:44+00:00","dateModified":"2024-08-27T15:54:26+00:00","breadcrumb":{"@id":"https:\/\/dudziaknetwork.com\/de\/dr-alrik-koppenhoefer\/#breadcrumb"},"inLanguage":"de","potentialAction":[{"@type":"ReadAction","target":["https:\/\/dudziaknetwork.com\/de\/dr-alrik-koppenhoefer\/"]}]},{"@type":"BreadcrumbList","@id":"https:\/\/dudziaknetwork.com\/de\/dr-alrik-koppenhoefer\/#breadcrumb","itemListElement":[{"@type":"ListItem","position":1,"name":"Startseite","item":"https:\/\/dudziaknetwork.com\/de\/"},{"@type":"ListItem","position":2,"name":"Dr. Alrik Koppenh\u00f6fer"}]},{"@type":"WebSite","@id":"https:\/\/dudziaknetwork.com\/#website","url":"https:\/\/dudziaknetwork.com\/","name":"Dudziak &amp; Network","description":"Manufacturing Consulting","potentialAction":[{"@type":"SearchAction","target":{"@type":"EntryPoint","urlTemplate":"https:\/\/dudziaknetwork.com\/?s={search_term_string}"},"query-input":{"@type":"PropertyValueSpecification","valueRequired":true,"valueName":"search_term_string"}}],"inLanguage":"de"}]}},"_links":{"self":[{"href":"https:\/\/dudziaknetwork.com\/de\/wp-json\/wp\/v2\/pages\/22","targetHints":{"allow":["GET"]}}],"collection":[{"href":"https:\/\/dudziaknetwork.com\/de\/wp-json\/wp\/v2\/pages"}],"about":[{"href":"https:\/\/dudziaknetwork.com\/de\/wp-json\/wp\/v2\/types\/page"}],"author":[{"embeddable":true,"href":"https:\/\/dudziaknetwork.com\/de\/wp-json\/wp\/v2\/users\/1"}],"replies":[{"embeddable":true,"href":"https:\/\/dudziaknetwork.com\/de\/wp-json\/wp\/v2\/comments?post=22"}],"version-history":[{"count":4,"href":"https:\/\/dudziaknetwork.com\/de\/wp-json\/wp\/v2\/pages\/22\/revisions"}],"predecessor-version":[{"id":317,"href":"https:\/\/dudziaknetwork.com\/de\/wp-json\/wp\/v2\/pages\/22\/revisions\/317"}],"wp:attachment":[{"href":"https:\/\/dudziaknetwork.com\/de\/wp-json\/wp\/v2\/media?parent=22"}],"curies":[{"name":"wp","href":"https:\/\/api.w.org\/{rel}","templated":true}]}}