{"id":20,"date":"2024-08-14T14:38:15","date_gmt":"2024-08-14T12:38:15","guid":{"rendered":"http:\/\/dudziaknetwork2024.com\/?page_id=20"},"modified":"2024-08-27T17:54:16","modified_gmt":"2024-08-27T15:54:16","slug":"christian-hinrichsen","status":"publish","type":"page","link":"https:\/\/dudziaknetwork.com\/de\/christian-hinrichsen\/","title":{"rendered":"Christian Hinrichsen"},"content":{"rendered":"<div class=\"wpb-content-wrapper\"><p>[vc_row full_width=&#8220;stretch_row&#8220; type=&#8220;vc_default&#8220; css=&#8220;.vc_custom_1724168396147{padding-bottom: 4vmin !important;}&#8220;][vc_column css=&#8220;.vc_custom_1619989379096{margin-bottom: -3.5em !important;}&#8220;]<div id=\"ultimate-heading-908969f4e96ab9c57\" class=\"uvc-heading ult-adjust-bottom-margin ultimate-heading-908969f4e96ab9c57 uvc-6962 \" data-hspacer=\"no_spacer\"  data-halign=\"left\" style=\"text-align:left\"><div class=\"uvc-heading-spacer no_spacer\" style=\"top\"><\/div><div class=\"uvc-main-heading ult-responsive\"  data-ultimate-target='.uvc-heading.ultimate-heading-908969f4e96ab9c57 h2'  data-responsive-json-new='{\"font-size\":\"desktop:32px;\",\"line-height\":\"\"}' ><h2 style=\"--font-weight:theme;color:#199dbb;\">Christian Hinrichsen<\/h2><\/div><div class=\"uvc-sub-heading ult-responsive\"  data-ultimate-target='.uvc-heading.ultimate-heading-908969f4e96ab9c57 .uvc-sub-heading '  data-responsive-json-new='{\"font-size\":\"\",\"line-height\":\"\"}'  style=\"font-weight:normal;color:#0093b8;margin-bottom:2em;\">Strategie- und Organisationsberatung<\/div><\/div>[vc_empty_space height=&#8220;10px&#8220;][\/vc_column][\/vc_row][vc_row full_width=&#8220;stretch_row&#8220; gap=&#8220;30&#8243; content_placement=&#8220;top&#8220; bg_type=&#8220;bg_color&#8220; type=&#8220;vc_default&#8220; margin_top=&#8220;55&#8243; margin_bottom=&#8220;5&#8243; css=&#8220;.vc_custom_1638095507397{margin-top: -1em !important;margin-bottom: -3em !important;}&#8220;][vc_column width=&#8220;1\/3&#8243;][vc_row_inner equal_height=&#8220;yes&#8220; css=&#8220;.vc_custom_1637948584493{margin-bottom: -3em !important;}&#8220;][vc_column_inner css=&#8220;.vc_custom_1638095497891{margin-right: 1em !important;margin-bottom: 3em !important;}&#8220;][vc_single_image image=&#8220;105&#8243; img_size=&#8220;full&#8220; style=&#8220;vc_box_rounded&#8220; css=&#8220;.vc_custom_1724168409954{padding-top: 6px !important;}&#8220; lazy_loading=&#8220;true&#8220;][\/vc_column_inner][\/vc_row_inner][\/vc_column][vc_column width=&#8220;2\/3&#8243; css=&#8220;.vc_custom_1602858046274{margin-top: 0px !important;}&#8220;][vc_column_text css=&#8220;.vc_custom_1684336849275{margin-top: .4em !important;}&#8220;]Christian ist organisatorischer und kaufm\u00e4nnischer Ma\u00dfdesigner: Er verkn\u00fcpft 20 Jahre Erfahrungen als Gr\u00fcnder, Projektmanager, Strategieberater und Coach, um f\u00fcr aller Gr\u00f6\u00dfen die richtige L\u00f6sung zu entwickeln und umzusetzen. Von der strategischen Ausrichtung und dem passenden Organisationsmodell \u00fcber eine pragmatische Steuerung bis zur Begleitung von F\u00fchrungskr\u00e4ften und Teams durch die Ver\u00e4nderungsphase.[\/vc_column_text][\/vc_column][\/vc_row][vc_row full_width=&#8220;stretch_row&#8220; type=&#8220;vc_default&#8220; css=&#8220;.vc_custom_1637947523639{padding-bottom: 1em !important;}&#8220;][vc_column][vc_column_text]Christian ist nach zahlreichen Projekten in Telekommunikation, Automotive, Chemie und Maschinen-\/ Anlagenbau fest \u00fcberzeugt von den Vorteilen funktions\u00fcbergreifend gemischter Kunden-Berater-Teams. Sie erzielen mit ihrer vielf\u00e4ltigen Sicht auf Ver\u00e4nderungsbedarfe und mit ihren sich erg\u00e4nzenden Kompetenzen immer wirksamere und nachhaltigere L\u00f6sungen als reine Spezialisten. Mit solchen komplement\u00e4ren Teams zielgerichtet und ergebnisoffen zu arbeiten, ist f\u00fcr Christian der beste Teil an Unternehmensberatung.<\/p>\n<p>Effektive Organisationen und produktive Unternehmenskulturen entstehen nicht am virtuellen Rei\u00dfbrett und nicht durch Beschlussfassungen, sondern im (anders) gelebten und reflektierten Alltag. Deswegen sind iteratives Arbeiten und Lernen, kontinuierliche Verbesserung und darauf ausgerichtete F\u00fchrung f\u00fcr Christian wesentliche Bausteine der Organisationsentwicklung.<\/p>\n<p>In seiner Freizeit baut Christian in eigener Werkstatt mit Holz und Stahl. Au\u00dferdem fotografiert er leidenschaftlich gerne, am liebsten auf Reisen.[\/vc_column_text][\/vc_column][\/vc_row][vc_row full_width=&#8220;stretch_row&#8220; type=&#8220;vc_default&#8220; css=&#8220;.vc_custom_1637947592764{padding-bottom: 1em !important;}&#8220;][vc_column]<div id=\"ultimate-heading-457669f4e96ab9cd6\" class=\"uvc-heading ult-adjust-bottom-margin ultimate-heading-457669f4e96ab9cd6 uvc-8901 \" data-hspacer=\"no_spacer\"  data-halign=\"left\" style=\"text-align:left\"><div class=\"uvc-heading-spacer no_spacer\" style=\"top\"><\/div><div class=\"uvc-main-heading ult-responsive\"  data-ultimate-target='.uvc-heading.ultimate-heading-457669f4e96ab9cd6 h3'  data-responsive-json-new='{\"font-size\":\"desktop:22px;tablet:22px;tablet_portrait:22px;mobile_landscape:18px;mobile:18px;\",\"line-height\":\"desktop:28px;\"}' ><h3 style=\"font-weight:bold;color:#199dbb;margin-bottom:1em;\">Qualifikation<\/h3><\/div><\/div>[vc_column_text]<\/p>\n<ul>\n<li>Studium der Betriebswirtschaftslehre, Dipl.-Kfm.<br \/>\n<i>Universit\u00e4t zu K\u00f6ln<\/i><\/li>\n<li>Systemisch-komplement\u00e4res Change Management<br \/>\n<i>K\u00f6nigswieser &amp; Network, Wien<\/i><\/li>\n<li>PRINCE2 Practitioner<\/li>\n<li>SAFe Scrum Master und Product Owner<\/li>\n<\/ul>\n<p>[\/vc_column_text][\/vc_column][\/vc_row][vc_row full_width=&#8220;stretch_row&#8220; type=&#8220;vc_default&#8220; css=&#8220;.vc_custom_1637947584983{padding-bottom: 1em !important;}&#8220;][vc_column]<div id=\"ultimate-heading-884569f4e96ab9d29\" class=\"uvc-heading ult-adjust-bottom-margin ultimate-heading-884569f4e96ab9d29 uvc-6244 \" data-hspacer=\"no_spacer\"  data-halign=\"left\" style=\"text-align:left\"><div class=\"uvc-heading-spacer no_spacer\" style=\"top\"><\/div><div class=\"uvc-main-heading ult-responsive\"  data-ultimate-target='.uvc-heading.ultimate-heading-884569f4e96ab9d29 h3'  data-responsive-json-new='{\"font-size\":\"desktop:22px;tablet:22px;tablet_portrait:22px;mobile_landscape:18px;mobile:18px;\",\"line-height\":\"desktop:28px;\"}' ><h3 style=\"font-weight:bold;color:#199dbb;margin-bottom:1em;\">Berufserfahrung<\/h3><\/div><\/div>[vc_column_text]<\/p>\n<ul>\n<li>Gesch\u00e4ftsf\u00fchrer<br \/>\n<i>Hinrichsen Kanders GmbH<\/i><\/li>\n<li>Gesch\u00e4ftsf\u00fchrender Partner<br \/>\n<i>Dudziak Hinrichsen &amp; Netzwerk GmbH<\/i><\/li>\n<li>Junior Partner<br \/>\n<i>Detecon International GmbH<\/i><\/li>\n<li>Key Account Manager<br \/>\n<i>Beratungsboutique f\u00fcr Organisationsentwicklung<\/i><\/li>\n<li>Senior Consultant f\u00fcr Turnaround Management<br \/>\n<i>Struktur Management Partner GmbH<br \/>\n<\/i><\/li>\n<li>Projekt- und Accountmanager<br \/>\n<i>Antwerpes AG<\/i><\/li>\n<li>Gr\u00fcnder &amp; Gesch\u00e4ftsf\u00fchrer<br \/>\n<i>Formwandler GmbH, integrierte Kommunikation<\/i><\/li>\n<\/ul>\n<p>[\/vc_column_text][\/vc_column][\/vc_row]<\/p>\n<\/div>","protected":false},"excerpt":{"rendered":"<p>[vc_row full_width=&#8220;stretch_row&#8220; type=&#8220;vc_default&#8220; css=&#8220;.vc_custom_1724168396147{padding-bottom: 4vmin !important;}&#8220;][vc_column css=&#8220;.vc_custom_1619989379096{margin-bottom: -3.5em !important;}&#8220;][vc_empty_space height=&#8220;10px&#8220;][\/vc_column][\/vc_row][vc_row full_width=&#8220;stretch_row&#8220; gap=&#8220;30&#8243; content_placement=&#8220;top&#8220; bg_type=&#8220;bg_color&#8220; type=&#8220;vc_default&#8220; margin_top=&#8220;55&#8243; margin_bottom=&#8220;5&#8243; css=&#8220;.vc_custom_1638095507397{margin-top: -1em !important;margin-bottom: -3em !important;}&#8220;][vc_column width=&#8220;1\/3&#8243;][vc_row_inner equal_height=&#8220;yes&#8220; css=&#8220;.vc_custom_1637948584493{margin-bottom: -3em !important;}&#8220;][vc_column_inner css=&#8220;.vc_custom_1638095497891{margin-right: 1em !important;margin-bottom: 3em !important;}&#8220;][vc_single_image image=&#8220;105&#8243; img_size=&#8220;full&#8220; style=&#8220;vc_box_rounded&#8220; css=&#8220;.vc_custom_1724168409954{padding-top: 6px !important;}&#8220; lazy_loading=&#8220;true&#8220;][\/vc_column_inner][\/vc_row_inner][\/vc_column][vc_column width=&#8220;2\/3&#8243; css=&#8220;.vc_custom_1602858046274{margin-top: 0px !important;}&#8220;][vc_column_text css=&#8220;.vc_custom_1684336849275{margin-top: .4em !important;}&#8220;]Christian ist organisatorischer und kaufm\u00e4nnischer Ma\u00dfdesigner: Er verkn\u00fcpft 20 Jahre&hellip;<\/p>\n","protected":false},"author":1,"featured_media":0,"parent":0,"menu_order":0,"comment_status":"closed","ping_status":"closed","template":"","meta":{"footnotes":""},"class_list":["post-20","page","type-page","status-publish","hentry","description-off"],"yoast_head":"<!-- This site is optimized with the Yoast SEO plugin v26.8 - https:\/\/yoast.com\/product\/yoast-seo-wordpress\/ -->\n<title>Christian Hinrichsen - Dudziak &amp; Network<\/title>\n<meta name=\"robots\" content=\"index, follow, max-snippet:-1, max-image-preview:large, max-video-preview:-1\" \/>\n<link rel=\"canonical\" href=\"https:\/\/dudziaknetwork.com\/de\/christian-hinrichsen\/\" \/>\n<meta property=\"og:locale\" content=\"de_DE\" \/>\n<meta property=\"og:type\" content=\"article\" \/>\n<meta property=\"og:title\" content=\"Christian Hinrichsen - Dudziak &amp; Network\" \/>\n<meta property=\"og:description\" content=\"[vc_row full_width=&#8220;stretch_row&#8220; type=&#8220;vc_default&#8220; css=&#8220;.vc_custom_1724168396147{padding-bottom: 4vmin !important;}&#8220;][vc_column css=&#8220;.vc_custom_1619989379096{margin-bottom: -3.5em !important;}&#8220;][vc_empty_space height=&#8220;10px&#8220;][\/vc_column][\/vc_row][vc_row full_width=&#8220;stretch_row&#8220; gap=&#8220;30&#8243; content_placement=&#8220;top&#8220; bg_type=&#8220;bg_color&#8220; type=&#8220;vc_default&#8220; margin_top=&#8220;55&#8243; margin_bottom=&#8220;5&#8243; css=&#8220;.vc_custom_1638095507397{margin-top: -1em !important;margin-bottom: -3em !important;}&#8220;][vc_column width=&#8220;1\/3&#8243;][vc_row_inner equal_height=&#8220;yes&#8220; css=&#8220;.vc_custom_1637948584493{margin-bottom: -3em !important;}&#8220;][vc_column_inner css=&#8220;.vc_custom_1638095497891{margin-right: 1em !important;margin-bottom: 3em !important;}&#8220;][vc_single_image image=&#8220;105&#8243; img_size=&#8220;full&#8220; style=&#8220;vc_box_rounded&#8220; css=&#8220;.vc_custom_1724168409954{padding-top: 6px !important;}&#8220; lazy_loading=&#8220;true&#8220;][\/vc_column_inner][\/vc_row_inner][\/vc_column][vc_column width=&#8220;2\/3&#8243; css=&#8220;.vc_custom_1602858046274{margin-top: 0px !important;}&#8220;][vc_column_text css=&#8220;.vc_custom_1684336849275{margin-top: .4em !important;}&#8220;]Christian ist organisatorischer und kaufm\u00e4nnischer Ma\u00dfdesigner: Er verkn\u00fcpft 20 Jahre&hellip;\" \/>\n<meta property=\"og:url\" content=\"https:\/\/dudziaknetwork.com\/de\/christian-hinrichsen\/\" \/>\n<meta property=\"og:site_name\" content=\"Dudziak &amp; Network\" \/>\n<meta property=\"article:modified_time\" content=\"2024-08-27T15:54:16+00:00\" \/>\n<meta name=\"twitter:card\" content=\"summary_large_image\" \/>\n<meta name=\"twitter:label1\" content=\"Gesch\u00e4tzte Lesezeit\" \/>\n\t<meta name=\"twitter:data1\" content=\"2\u00a0Minuten\" \/>\n<script type=\"application\/ld+json\" class=\"yoast-schema-graph\">{\"@context\":\"https:\/\/schema.org\",\"@graph\":[{\"@type\":\"WebPage\",\"@id\":\"https:\/\/dudziaknetwork.com\/de\/christian-hinrichsen\/\",\"url\":\"https:\/\/dudziaknetwork.com\/de\/christian-hinrichsen\/\",\"name\":\"Christian Hinrichsen - Dudziak &amp; Network\",\"isPartOf\":{\"@id\":\"https:\/\/dudziaknetwork.com\/#website\"},\"datePublished\":\"2024-08-14T12:38:15+00:00\",\"dateModified\":\"2024-08-27T15:54:16+00:00\",\"breadcrumb\":{\"@id\":\"https:\/\/dudziaknetwork.com\/de\/christian-hinrichsen\/#breadcrumb\"},\"inLanguage\":\"de\",\"potentialAction\":[{\"@type\":\"ReadAction\",\"target\":[\"https:\/\/dudziaknetwork.com\/de\/christian-hinrichsen\/\"]}]},{\"@type\":\"BreadcrumbList\",\"@id\":\"https:\/\/dudziaknetwork.com\/de\/christian-hinrichsen\/#breadcrumb\",\"itemListElement\":[{\"@type\":\"ListItem\",\"position\":1,\"name\":\"Startseite\",\"item\":\"https:\/\/dudziaknetwork.com\/de\/\"},{\"@type\":\"ListItem\",\"position\":2,\"name\":\"Christian Hinrichsen\"}]},{\"@type\":\"WebSite\",\"@id\":\"https:\/\/dudziaknetwork.com\/#website\",\"url\":\"https:\/\/dudziaknetwork.com\/\",\"name\":\"Dudziak &amp; Network\",\"description\":\"Manufacturing Consulting\",\"potentialAction\":[{\"@type\":\"SearchAction\",\"target\":{\"@type\":\"EntryPoint\",\"urlTemplate\":\"https:\/\/dudziaknetwork.com\/?s={search_term_string}\"},\"query-input\":{\"@type\":\"PropertyValueSpecification\",\"valueRequired\":true,\"valueName\":\"search_term_string\"}}],\"inLanguage\":\"de\"}]}<\/script>\n<!-- \/ Yoast SEO plugin. -->","yoast_head_json":{"title":"Christian Hinrichsen - Dudziak &amp; Network","robots":{"index":"index","follow":"follow","max-snippet":"max-snippet:-1","max-image-preview":"max-image-preview:large","max-video-preview":"max-video-preview:-1"},"canonical":"https:\/\/dudziaknetwork.com\/de\/christian-hinrichsen\/","og_locale":"de_DE","og_type":"article","og_title":"Christian Hinrichsen - Dudziak &amp; Network","og_description":"[vc_row full_width=&#8220;stretch_row&#8220; type=&#8220;vc_default&#8220; css=&#8220;.vc_custom_1724168396147{padding-bottom: 4vmin !important;}&#8220;][vc_column css=&#8220;.vc_custom_1619989379096{margin-bottom: -3.5em !important;}&#8220;][vc_empty_space height=&#8220;10px&#8220;][\/vc_column][\/vc_row][vc_row full_width=&#8220;stretch_row&#8220; gap=&#8220;30&#8243; content_placement=&#8220;top&#8220; bg_type=&#8220;bg_color&#8220; type=&#8220;vc_default&#8220; margin_top=&#8220;55&#8243; margin_bottom=&#8220;5&#8243; css=&#8220;.vc_custom_1638095507397{margin-top: -1em !important;margin-bottom: -3em !important;}&#8220;][vc_column width=&#8220;1\/3&#8243;][vc_row_inner equal_height=&#8220;yes&#8220; css=&#8220;.vc_custom_1637948584493{margin-bottom: -3em !important;}&#8220;][vc_column_inner css=&#8220;.vc_custom_1638095497891{margin-right: 1em !important;margin-bottom: 3em !important;}&#8220;][vc_single_image image=&#8220;105&#8243; img_size=&#8220;full&#8220; style=&#8220;vc_box_rounded&#8220; css=&#8220;.vc_custom_1724168409954{padding-top: 6px !important;}&#8220; lazy_loading=&#8220;true&#8220;][\/vc_column_inner][\/vc_row_inner][\/vc_column][vc_column width=&#8220;2\/3&#8243; css=&#8220;.vc_custom_1602858046274{margin-top: 0px !important;}&#8220;][vc_column_text css=&#8220;.vc_custom_1684336849275{margin-top: .4em !important;}&#8220;]Christian ist organisatorischer und kaufm\u00e4nnischer Ma\u00dfdesigner: Er verkn\u00fcpft 20 Jahre&hellip;","og_url":"https:\/\/dudziaknetwork.com\/de\/christian-hinrichsen\/","og_site_name":"Dudziak &amp; Network","article_modified_time":"2024-08-27T15:54:16+00:00","twitter_card":"summary_large_image","twitter_misc":{"Gesch\u00e4tzte Lesezeit":"2\u00a0Minuten"},"schema":{"@context":"https:\/\/schema.org","@graph":[{"@type":"WebPage","@id":"https:\/\/dudziaknetwork.com\/de\/christian-hinrichsen\/","url":"https:\/\/dudziaknetwork.com\/de\/christian-hinrichsen\/","name":"Christian Hinrichsen - Dudziak &amp; Network","isPartOf":{"@id":"https:\/\/dudziaknetwork.com\/#website"},"datePublished":"2024-08-14T12:38:15+00:00","dateModified":"2024-08-27T15:54:16+00:00","breadcrumb":{"@id":"https:\/\/dudziaknetwork.com\/de\/christian-hinrichsen\/#breadcrumb"},"inLanguage":"de","potentialAction":[{"@type":"ReadAction","target":["https:\/\/dudziaknetwork.com\/de\/christian-hinrichsen\/"]}]},{"@type":"BreadcrumbList","@id":"https:\/\/dudziaknetwork.com\/de\/christian-hinrichsen\/#breadcrumb","itemListElement":[{"@type":"ListItem","position":1,"name":"Startseite","item":"https:\/\/dudziaknetwork.com\/de\/"},{"@type":"ListItem","position":2,"name":"Christian Hinrichsen"}]},{"@type":"WebSite","@id":"https:\/\/dudziaknetwork.com\/#website","url":"https:\/\/dudziaknetwork.com\/","name":"Dudziak &amp; Network","description":"Manufacturing Consulting","potentialAction":[{"@type":"SearchAction","target":{"@type":"EntryPoint","urlTemplate":"https:\/\/dudziaknetwork.com\/?s={search_term_string}"},"query-input":{"@type":"PropertyValueSpecification","valueRequired":true,"valueName":"search_term_string"}}],"inLanguage":"de"}]}},"_links":{"self":[{"href":"https:\/\/dudziaknetwork.com\/de\/wp-json\/wp\/v2\/pages\/20","targetHints":{"allow":["GET"]}}],"collection":[{"href":"https:\/\/dudziaknetwork.com\/de\/wp-json\/wp\/v2\/pages"}],"about":[{"href":"https:\/\/dudziaknetwork.com\/de\/wp-json\/wp\/v2\/types\/page"}],"author":[{"embeddable":true,"href":"https:\/\/dudziaknetwork.com\/de\/wp-json\/wp\/v2\/users\/1"}],"replies":[{"embeddable":true,"href":"https:\/\/dudziaknetwork.com\/de\/wp-json\/wp\/v2\/comments?post=20"}],"version-history":[{"count":3,"href":"https:\/\/dudziaknetwork.com\/de\/wp-json\/wp\/v2\/pages\/20\/revisions"}],"predecessor-version":[{"id":316,"href":"https:\/\/dudziaknetwork.com\/de\/wp-json\/wp\/v2\/pages\/20\/revisions\/316"}],"wp:attachment":[{"href":"https:\/\/dudziaknetwork.com\/de\/wp-json\/wp\/v2\/media?parent=20"}],"curies":[{"name":"wp","href":"https:\/\/api.w.org\/{rel}","templated":true}]}}